{"id":13250,"date":"2024-03-04T08:29:00","date_gmt":"2024-03-04T04:29:00","guid":{"rendered":"http:\/\/217.165.205.192\/web-2024\/?post_type=product&#038;p=13250"},"modified":"2024-08-14T14:33:37","modified_gmt":"2024-08-14T10:33:37","slug":"das-sondersystem-der-muslimbruderschaft-gruendung-ziele-und-entwicklung","status":"publish","type":"product","link":"https:\/\/trendsresearch.org\/de\/publication\/das-sondersystem-der-muslimbruderschaft-gruendung-ziele-und-entwicklung\/","title":{"rendered":"Das Sondersystem der Muslimbruderschaft Gr\u00fcndung.. Ziele.. und Entwicklung"},"content":{"rendered":"<p style=\"text-align: justify;\"><strong>Zusammenfassung<\/strong>\r\n&#8211; Die Entstehung des Sondersystems der Muslimbruderschaft basiert auf vielen ideologischen Nebenfl\u00fcssen, die in den Briefen des Gr\u00fcnders der Gruppe, Hassan Al-Banna, zum Ausdruck kommen, die die Rolle der Macht bei der Erreichung der Ziele der Gruppe auf allen Ebenen maximiert.\r\n&#8211; Die Errichtung des Sondersystems spiegelte einen internen Kontext sowie regionale und internationale Entwicklungen wider, dies negiert es jedoch nicht als Instrument f\u00fcr die Gruppe, ihr politisches Projekt zur Machtgewinnung umzusetzen.\r\n&#8211; Die Ideen von Hassan Al-Banna und Sayyid Qutb sind immer noch die Rechtfertigung f\u00fcr zeitgen\u00f6ssische gewaltt\u00e4tige Gruppen mit ihren verschiedenen Organisationen, von Al-Qaida bis zum Islamischen Staat \/ ISIS.\r\n&#8211; Obwohl das Sonderregime das Prinzip des Dschihad \u00fcbernahm, st\u00fctzte es sich auf die Ideen und Techniken anderer nicht-islamischer Bewegungen. Es kann als Parallele zu den faschistischen und nationalsozialistischen Milit\u00e4rgruppen verstanden werden, die einige der westlichen politischen Ideologien der Zeit charakterisierten.\r\n&#8211; Die Forderung nach Macht und die Errichtung des &#8222;Islamischen Kalifatsstaates&#8220; ist die Haupts\u00e4ule der Ideen der Muslimbruderschaft, da sie die einzige Garantie f\u00fcr die Umsetzung der &#8222;auf islamischem Recht basierenden Herrschaft Gottes&#8220; darstellt und ohne Gewaltanwendung und Vorbereitung nicht erfolgreich sein wird.\r\n&#8211; Das Sondersystem ist eine spezifische Cluster-Netzwerkorganisation durch ein kontinuierliches Beziehungsmuster, das direkt und indirekt zwischen den Teilnehmern an seinen geheimen Aktivit\u00e4ten in Beziehung steht, sodass jede kleine Gruppe von Personen in der Zelle nur ihre Mitglieder kennt.\r\n&#8211; Die Muslimbruderschaft hat das Sondersystem absichtlich geheim gehalten, um die \u00d6ffentlichkeit irrezuf\u00fchren und sicherzustellen, dass die Kommandanten den Fortschritt der Arbeit und die direkte Politik kontrollieren. Sie halten wichtige Informationen zur\u00fcck und befreien sie sich von Erkl\u00e4rungen oder Rechtfertigungen oder von Verdacht, Verurteilung und Unzufriedenheit.\r\n&#8211; Die Bewegung des Sondersystems war Zeuge von H\u00f6hen und Tiefen und Anpassungen entsprechend den zeitlichen Phasen und dem Druck und den Herausforderungen, denen sich die Gruppe in einem bestimmten Moment gegen\u00fcbersah, mit der Regierung nimmt die Aktivit\u00e4t des Sondersystems zu, und die Gruppe greift auf verdeckte Aktionen zur\u00fcck, dies wurde in &#8222;Organisation 65&#8220; deutlich, die als \u00dcbersetzung der Ideen von Sayyid Qutb und als Ergebnis des Sicherheitsstrebens der Gruppe in den 1960er Jahren entstanden ist.\r\n&#8211; Die Teilnahme des Sondersystems an milit\u00e4rischen Aktivit\u00e4ten au\u00dferhalb \u00c4gyptens in Pal\u00e4stina und gegen britische Ziele in \u00c4gypten gab ihm die Legitimit\u00e4t f\u00fcr &#8222;Widerstand&#8220;, ganz zu schweigen vom politischen und sicherheitspolitischen Einfluss des Systems innerhalb der Muslimbruderschaft.\r\n&#8211; Das Sondersystem war das Instrument der Gruppe, um ihre politischen Gegner zu konfrontieren, indem es in den 1940er und 1950er Jahren an zahlreichen Gewalttaten beteiligt war, die sich gegen politische Pers\u00f6nlichkeiten und Sicherheitsf\u00fchrer richteten.\r\n&#8211; Der Eid des Sondersystems weiht die Ewigkeit der Loyalit\u00e4t und die St\u00e4rkung der St\u00e4rke, um sich auf Herausforderungen vorzubereiten und organisatorische und strategische Ziele zu erreichen, auf eine Weise, die die F\u00e4higkeit der Gruppe sicherstellt, islamische Regierungsf\u00fchrung und Weltmentor zu erreichen.\r\n&#8211; Die Erfahrung des Sondersystems in \u00c4gypten war eine Inspirationsquelle f\u00fcr viele Zweige der Muslimbruderschaft in den arabischen L\u00e4ndern, die parallele milit\u00e4rische Einheiten errichteten, wie dies in Syrien, Libyen, Sudan, Irak, Pal\u00e4stina und Jemen der Fall ist, um die Macht zu kontrollieren und die islamische Regierungsf\u00fchrung in diese L\u00e4nder und Region zu erzwingen .\r\n&#8211; Es gibt eine Verflechtung und \u00dcberschneidung zwischen der Muslimbruderschaft und den zeitgen\u00f6ssischen dschihadistischen Organisationen, die ihre Ideen aus der Ideologie der Gruppe, Sayyid Qutb, abgeleitet haben, die eine strategische Vereinbarung zwischen den beiden Parteien geschaffen hat.\r\n&#8211; Die Wahl des politischen Pragmatismus durch die Bruderschaft bot einerseits einen weiten Raum f\u00fcr Tarnung und Verschleierung und andererseits die Praxis allm\u00e4hlicher Gewalt entsprechend den Erfordernissen der Umst\u00e4nde und des Kr\u00e4fteverh\u00e4ltnisses.\r\n&#8211; Die Ziele des Sondersystems in \u00c4gypten h\u00e4ngen eng mit den Zielen der iranischen Revolutionsgarde zusammen, da sie neben dem Einsatz milit\u00e4rischer Gewalt den Einsatz anderer Mittel der Sicherheit, der sozialen, wirtschaftlichen oder weichen Macht, die es ihnen erm\u00f6glichen, ihre Ziele zu erreichen zur\u00fcckgreifen, sie gehen von einer religi\u00f6sen \u00dcberzeugung aus, die dazu dient,\r\nSysteme zu \u00e4ndern und Regierungen zu kontrollieren, was zur Bildung eines Kalifats oder einer globalen islamischen Regierung f\u00fchrt.\r\n&#8211; Nach der Revolution vom 30. Juni 2013 in \u00c4gypten war die Muslimbruderschaft gewaltt\u00e4tigen organisatorischen Spaltungen auf der Ebene des Einsatzes von Gewalt ausgesetzt, und die Qutb-Bewegung, die das Sondersystem zum Ausdruck bringt, und sieht den Einsatz von Gewalt als Instrument, um die Gruppe angesichts des Drucks, dem sie ausgesetzt ist, zu bewahren, und\r\nzwischen der reformistischen Bewegung, die in dieser Phase eher friedliche Mittel einsetzt, um den Druck einzud\u00e4mmen, dem die Gruppe ausgesetzt ist<\/p>","protected":false},"excerpt":{"rendered":"Zusammenfassung &#8211; Die Entstehung des Sondersystems der Muslimbruderschaft basiert auf vielen ideologischen Nebenfl\u00fcssen, die in den Briefen des Gr\u00fcnders der Gruppe, Hassan Al-Banna, zum Ausdruck kommen, die die Rolle der Macht bei der Erreichung der Ziele der Gruppe auf allen Ebenen maximiert. &#8211; Die Errichtung des Sondersystems spiegelte einen internen Kontext sowie regionale und internationale [&hellip;]","protected":false},"featured_media":13271,"comment_status":"open","ping_status":"closed","template":"","meta":{"_acf_changed":false},"product_brand":[],"product_cat":[237],"product_tag":[],"class_list":{"0":"post-13250","1":"product","2":"type-product","3":"status-publish","4":"has-post-thumbnail","6":"product_cat-muslim-brotherhood-encyclopedia-de","8":"first","9":"instock","10":"sale","11":"downloadable","12":"sold-individually","13":"taxable","14":"shipping-taxable","15":"purchasable","16":"product-type-simple"},"acf":[],"_links":{"self":[{"href":"https:\/\/trendsresearch.org\/de\/wp-json\/wp\/v2\/product\/13250","targetHints":{"allow":["GET"]}}],"collection":[{"href":"https:\/\/trendsresearch.org\/de\/wp-json\/wp\/v2\/product"}],"about":[{"href":"https:\/\/trendsresearch.org\/de\/wp-json\/wp\/v2\/types\/product"}],"replies":[{"embeddable":true,"href":"https:\/\/trendsresearch.org\/de\/wp-json\/wp\/v2\/comments?post=13250"}],"wp:featuredmedia":[{"embeddable":true,"href":"https:\/\/trendsresearch.org\/de\/wp-json\/wp\/v2\/media\/13271"}],"wp:attachment":[{"href":"https:\/\/trendsresearch.org\/de\/wp-json\/wp\/v2\/media?parent=13250"}],"wp:term":[{"taxonomy":"product_brand","embeddable":true,"href":"https:\/\/trendsresearch.org\/de\/wp-json\/wp\/v2\/product_brand?post=13250"},{"taxonomy":"product_cat","embeddable":true,"href":"https:\/\/trendsresearch.org\/de\/wp-json\/wp\/v2\/product_cat?post=13250"},{"taxonomy":"product_tag","embeddable":true,"href":"https:\/\/trendsresearch.org\/de\/wp-json\/wp\/v2\/product_tag?post=13250"}],"curies":[{"name":"wp","href":"https:\/\/api.w.org\/{rel}","templated":true}]}}