{"id":13253,"date":"2024-03-04T08:29:30","date_gmt":"2024-03-04T04:29:30","guid":{"rendered":"http:\/\/217.165.205.192\/web-2024\/?post_type=product&#038;p=13253"},"modified":"2024-08-14T14:31:39","modified_gmt":"2024-08-14T10:31:39","slug":"internationale-organisation-der-muslimbruderschaft-netzwerke-des-einflusses-in-der-welt","status":"publish","type":"product","link":"https:\/\/trendsresearch.org\/de\/publication\/internationale-organisation-der-muslimbruderschaft-netzwerke-des-einflusses-in-der-welt\/","title":{"rendered":"Internationale Organisation der Muslimbruderschaft Netzwerke des Einflusses in der Welt"},"content":{"rendered":"<p style=\"text-align: justify;\"><strong>Zusammenfassung<\/strong><\/p>\r\n<p style=\"text-align: justify;\">Die internationale Organisation ist f\u00fcr die Muslimbruderschaft von zentraler Bedeutung, nicht nur, weil sie die Rolle des externen Arms der Gruppe spielt, sondern auch, weil sie eine ihrer Hauptfinanzierungsquellen darstellt, sondern auch ihre Finanz- und Gesch\u00e4ftsnetzwerke\u00a0 im Ausland verwaltet und verf\u00fcgt \u00fcber viele Medienarme in europ\u00e4ischen L\u00e4ndern, die ihren Einfluss auf die internationale \u00f6ffentliche Meinung auf eine Weise erleichtern, die den Zielen der Gruppe und ihrem politischen Projekt dient.<\/p>\r\n<p style=\"text-align: justify;\">Die internationale Organisation der Muslimbruderschaft beschr\u00e4nkt sich nicht nur auf ihre Zweige in den arabischen, islamischen und westlichen L\u00e4ndern, sondern umfasst auch einige politische islamische Str\u00f6mungen, die in ihrer Vision, ihrem Ziel und ihrem allgemeinen Ansatz mit ihr vereinbar sind, wie der Ruf und Reformgruppe im Iran.<\/p>\r\n<p style=\"text-align: justify;\">Die intellektuellen und religi\u00f6sen Prinzipien, die hinter der Gr\u00fcndung der internationalen Organisation stehen, sei es im Zusammenhang mit der \u201eUniversalit\u00e4t des Rufs\u201c, der \u201e Welt Mentor\u201c oder der \u201eWiederbelebung des islamischen Kalifats\u201c, dr\u00fccken eine arrogante Sichtweise aus und eine falsche Interpretation des Konzepts der islamischen Religion, die die Idee der Weltherrschaft im Namen der Religion ablehnt, gleichzeitig widerspricht es dem modernen Konzept des Nationalstaates, das den Wert der Staatsb\u00fcrgerschaft und die Wahrung der nationalen Souver\u00e4nit\u00e4t erh\u00f6ht, w\u00e4hrend die Ideologie der Muslimbruderschaft und die Philosophie, auf der die internationale Organisation basiert, nicht an die geografischen Grenzen glauben und es ist der Ansicht, dass die ganze Welt die Grundlage des interkontinentalen Staates der Bruderschaft darstellt.<\/p>\r\n<p style=\"text-align: justify;\">In einer Zeit, in der die internationale Organisation der Muslimbruderschaft versucht, Positionen zu vereinheitlichen und mit ihren Unterorganisationen zu koordinieren, die praktische Realit\u00e4t zeigt etwas anderes, innerhalb der Organisation sind viele Meinungsverschiedenheiten und Spaltungen aufgetreten, insbesondere weil sie die Privatsph\u00e4re der L\u00e4nder, in denen die Bruderschaftsorganisationen existieren, ignorieren, sie \u00fcberwinden und Positionen einnehmen, die ihren nationalen Interessen zuwiderlaufen, wie dies w\u00e4hrend der irakischen Invasion in Kuwait am zweiten Tag im August 1990 geschehen ist , als es sich auf die Seite des Irak stellte, was die kuwaitische Bruderschaft dazu veranlasste, sich von ihrer Verbindung mit der Muslimbruderschaft in \u00c4gypten zu l\u00f6sen.<\/p>\r\n<p style=\"text-align: justify;\">Die Struktur der internationalen Organisation der Muslimbruderschaft unterscheidet sich nicht wesentlich von der Hauptstruktur der Muslimbruderschaft, da auf beiden Seiten eine klare \u00c4hnlichkeit zwischen den Organisations- und Verwaltungseinheiten besteht, insbesondere in Bezug auf die mit der Muslimbruderschaft verbundenen Zentralinstitutionen Organisation, die sowohl den allgemeinen F\u00fchrer der internationalen Organisation als auch das allgemeine Beratungsb\u00fcro f\u00fcr die internationale Organisation und den Rat umfasst, der allgemeine Schura-Rat der internationalen Organisation, der die Aufgaben der internationalen Organisation der Gruppe verwaltet und ihre verschiedenen Zweige koordiniert. Was die internationale Organisation der Muslimbruderschaft jedoch auszeichnet, ist, dass es viele politische, religi\u00f6se, mediale und intellektuelle Organisationen gibt, die inoffiziell mit ihr verbunden sind und viele Aufgaben ausf\u00fchren, die den Zielen der Gruppe und ihrem politischen und religi\u00f6sen Projekt dienen, wie z Weltverband muslimischer Gelehrter und F\u00f6deration islamischer Organisationen in Europa, auf die sich die Liste\u00a0\u00a0 der internationalen Regulierung nicht bezieht, aber sie nimmt die Positionen der internationalen Organisation in vielen Fragen ein.<\/p>\r\n<p style=\"text-align: justify;\">Die L\u00e4nder des Kooperationsrates f\u00fcr die arabischen Golfstaaten haben in Bezug auf die internationale Organisation der Muslimbruderschaft aufgrund mehrerer \u00dcberlegungen, von denen einige im Zusammenhang mit der Finanzierung stehen, eine gro\u00dfe Bedeutung, und einige von ihnen beziehen sich auf die Leichtigkeit, mit der die Golfgesellschaften Bruderschaft freundlich gestimmt werden, angesichts der Kontrolle der Bruderschaftsorganisationen in diesen L\u00e4ndern \u00fcber Bildungs-, Kultur- und Religionsinstitutionen, die sich mit Erziehung und Bildung befassen, und der Bildung von Sensibilisierungstrends von Gemeindemitgliedern, insbesondere der neuen Jugend, in den siebziger und achtziger Jahren des letzten Jahrhunderts, aber zu Beginn des neuen Jahrtausends, begannen die meisten Golfstaaten, die Gefahr dieser Bruderschaftsorganisationen zu erkennen und Ma\u00dfnahmen zu ergreifen, um sie zu konfrontieren und daran zu arbeiten, ihre Ressourcen auszutrocknen und ihre Aktivit\u00e4ten zu begrenzen , sei es durch Aufl\u00f6sung oder Verbot ihrer Aktivit\u00e4ten oder durch Einstufung als terroristische Organisationen.<\/p>\r\n<p style=\"text-align: justify;\">Obwohl sich die internationale Organisation der Muslimbruderschaft in vielen arabischen L\u00e4ndern mit Zweigstellen und ihrer F\u00e4higkeit zur Koordinierung zwischen ihnen r\u00fchmte, versuchte sie kontinuierlich, die Interessen der Elterngruppe \u00fcber diese Zweigstellen hinweg zu erheben, ohne die Besonderheiten von den L\u00e4nder, in denen es sich befand\u00a0 zu ber\u00fccksichtigen, was zu einer Zunahme der Kritik in Bezug auf die Verwaltung der internationalen Organisation , Fragen und Probleme f\u00fchrten wie: Warum wird die Position des Allgemeinen General F\u00fchrers nicht internationalisiert und warum sollte sie nicht nur auf die Bruderschaft \u00c4gyptens beschr\u00e4nkt werden? Und warum h\u00f6rt die internationale Organisation nicht auf, die Rolle des Vormunds \u00fcber die Organisationen der Unterbruderschaft auszu\u00fcben? Die Angelegenheit war nicht auf diesen Punkt beschr\u00e4nkt, vielmehr entwickelten sich diese Kritikpunkte sp\u00e4ter zur Trennung vieler Unterorganisationen der Bruderschaft von der Elterngruppe und der internationalen Organisation, zu einer Zeit, in der die internationale Organisation der Muslimbruderschaft seit der Revolution vom 30. Juni 2013 in der \u00c4gyptischen Arabischen Republik unter einem beispiellosen Zustand der Schw\u00e4che leidet, der es ihr unm\u00f6glich machte, andere Organisationen der Bruderschaft in vielen L\u00e4ndern der Welt zu kontrollieren und die globalen Ziele, die es erreichen wollte, &#8211; vor\u00fcbergehend &#8211;\u00a0 aufzugeben, er begann jedoch, eine neue Strategie zu verabschieden, die einerseits darauf abzielte, den Druck und die Beschr\u00e4nkungen der Gruppe einzud\u00e4mmen, sich auf die Pr\u00e4senz in den L\u00e4ndern zu konzentrieren, die f\u00fcr ihn &#8222;sichere H\u00e4fen&#8220; darstellen, und die Fortsetzung seiner Aktivit\u00e4ten zu gew\u00e4hrleisten, durch die er die Gruppe verteidigt\u00a0 und\u00a0 ihre Ideen f\u00f6rdert.<\/p>","protected":false},"excerpt":{"rendered":"<p style=\"text-align: justify;\"><strong>Zusammenfassung<\/strong><\/p>\r\n<p style=\"text-align: justify;\">Die internationale Organisation ist f\u00fcr die Muslimbruderschaft von zentraler Bedeutung, nicht nur, weil sie die Rolle des externen Arms der Gruppe spielt, sondern auch, weil sie eine ihrer Hauptfinanzierungsquellen darstellt, sondern auch ihre Finanz- und Gesch\u00e4ftsnetzwerke\u00a0 im Ausland verwaltet und verf\u00fcgt \u00fcber viele Medienarme in europ\u00e4ischen L\u00e4ndern, die ihren Einfluss auf die internationale \u00f6ffentliche Meinung auf eine Weise erleichtern, die den Zielen der Gruppe und ihrem politischen Projekt dient.<\/p>\r\n<p style=\"text-align: justify;\">Die internationale Organisation der Muslimbruderschaft beschr\u00e4nkt sich nicht nur auf ihre Zweige in den arabischen, islamischen und westlichen L\u00e4ndern, sondern umfasst auch einige politische islamische Str\u00f6mungen, die in ihrer Vision, ihrem Ziel und ihrem allgemeinen Ansatz mit ihr vereinbar sind, wie der Ruf und Reformgruppe im Iran.<\/p>\r\n<p style=\"text-align: justify;\">Die intellektuellen und religi\u00f6sen Prinzipien, die hinter der Gr\u00fcndung der internationalen Organisation stehen, sei es im Zusammenhang mit der \u201eUniversalit\u00e4t des Rufs\u201c, der \u201e Welt Mentor\u201c oder der \u201eWiederbelebung des islamischen Kalifats\u201c, dr\u00fccken eine arrogante Sichtweise aus und eine falsche Interpretation des Konzepts der islamischen Religion, die die Idee der Weltherrschaft im Namen der Religion ablehnt, gleichzeitig widerspricht es dem modernen Konzept des Nationalstaates, das den Wert der Staatsb\u00fcrgerschaft und die Wahrung der nationalen Souver\u00e4nit\u00e4t erh\u00f6ht, w\u00e4hrend die Ideologie der Muslimbruderschaft und die Philosophie, auf der die internationale Organisation basiert, nicht an die geografischen Grenzen glauben und es ist der Ansicht, dass die ganze Welt die Grundlage des interkontinentalen Staates der Bruderschaft darstellt.<\/p>\r\n<p style=\"text-align: justify;\">In einer Zeit, in der die internationale Organisation der Muslimbruderschaft versucht, Positionen zu vereinheitlichen und mit ihren Unterorganisationen zu koordinieren, die praktische Realit\u00e4t zeigt etwas anderes, innerhalb der Organisation sind viele Meinungsverschiedenheiten und Spaltungen aufgetreten, insbesondere weil sie die Privatsph\u00e4re der L\u00e4nder, in denen die Bruderschaftsorganisationen existieren, ignorieren, sie \u00fcberwinden und Positionen einnehmen, die ihren nationalen Interessen zuwiderlaufen, wie dies w\u00e4hrend der irakischen Invasion in Kuwait am zweiten Tag im August 1990 geschehen ist , als es sich auf die Seite des Irak stellte, was die kuwaitische Bruderschaft dazu veranlasste, sich von ihrer Verbindung mit der Muslimbruderschaft in \u00c4gypten zu l\u00f6sen.<\/p>\r\n<p style=\"text-align: justify;\">Die Struktur der internationalen Organisation der Muslimbruderschaft unterscheidet sich nicht wesentlich von der Hauptstruktur der Muslimbruderschaft, da auf beiden Seiten eine klare \u00c4hnlichkeit zwischen den Organisations- und Verwaltungseinheiten besteht, insbesondere in Bezug auf die mit der Muslimbruderschaft verbundenen Zentralinstitutionen Organisation, die sowohl den allgemeinen F\u00fchrer der internationalen Organisation als auch das allgemeine Beratungsb\u00fcro f\u00fcr die internationale Organisation und den Rat umfasst, der allgemeine Schura-Rat der internationalen Organisation, der die Aufgaben der internationalen Organisation der Gruppe verwaltet und ihre verschiedenen Zweige koordiniert. Was die internationale Organisation der Muslimbruderschaft jedoch auszeichnet, ist, dass es viele politische, religi\u00f6se, mediale und intellektuelle Organisationen gibt, die inoffiziell mit ihr verbunden sind und viele Aufgaben ausf\u00fchren, die den Zielen der Gruppe und ihrem politischen und religi\u00f6sen Projekt dienen, wie z Weltverband muslimischer Gelehrter und F\u00f6deration islamischer Organisationen in Europa, auf die sich die Liste\u00a0\u00a0 der internationalen Regulierung nicht bezieht, aber sie nimmt die Positionen der internationalen Organisation in vielen Fragen ein.<\/p>\r\n<p style=\"text-align: justify;\">Die L\u00e4nder des Kooperationsrates f\u00fcr die arabischen Golfstaaten haben in Bezug auf die internationale Organisation der Muslimbruderschaft aufgrund mehrerer \u00dcberlegungen, von denen einige im Zusammenhang mit der Finanzierung stehen, eine gro\u00dfe Bedeutung, und einige von ihnen beziehen sich auf die Leichtigkeit, mit der die Golfgesellschaften Bruderschaft freundlich gestimmt werden, angesichts der Kontrolle der Bruderschaftsorganisationen in diesen L\u00e4ndern \u00fcber Bildungs-, Kultur- und Religionsinstitutionen, die sich mit Erziehung und Bildung befassen, und der Bildung von Sensibilisierungstrends von Gemeindemitgliedern, insbesondere der neuen Jugend, in den siebziger und achtziger Jahren des letzten Jahrhunderts, aber zu Beginn des neuen Jahrtausends, begannen die meisten Golfstaaten, die Gefahr dieser Bruderschaftsorganisationen zu erkennen und Ma\u00dfnahmen zu ergreifen, um sie zu konfrontieren und daran zu arbeiten, ihre Ressourcen auszutrocknen und ihre Aktivit\u00e4ten zu begrenzen , sei es durch Aufl\u00f6sung oder Verbot ihrer Aktivit\u00e4ten oder durch Einstufung als terroristische Organisationen.<\/p>\r\n<p style=\"text-align: justify;\">Obwohl sich die internationale Organisation der Muslimbruderschaft in vielen arabischen L\u00e4ndern mit Zweigstellen und ihrer F\u00e4higkeit zur Koordinierung zwischen ihnen r\u00fchmte, versuchte sie kontinuierlich, die Interessen der Elterngruppe \u00fcber diese Zweigstellen hinweg zu erheben, ohne die Besonderheiten von den L\u00e4nder, in denen es sich befand\u00a0 zu ber\u00fccksichtigen, was zu einer Zunahme der Kritik in Bezug auf die Verwaltung der internationalen Organisation , Fragen und Probleme f\u00fchrten wie: Warum wird die Position des Allgemeinen General F\u00fchrers nicht internationalisiert und warum sollte sie nicht nur auf die Bruderschaft \u00c4gyptens beschr\u00e4nkt werden? Und warum h\u00f6rt die internationale Organisation nicht auf, die Rolle des Vormunds \u00fcber die Organisationen der Unterbruderschaft auszu\u00fcben? Die Angelegenheit war nicht auf diesen Punkt beschr\u00e4nkt, vielmehr entwickelten sich diese Kritikpunkte sp\u00e4ter zur Trennung vieler Unterorganisationen der Bruderschaft von der Elterngruppe und der internationalen Organisation, zu einer Zeit, in der die internationale Organisation der Muslimbruderschaft seit der Revolution vom 30. Juni 2013 in der \u00c4gyptischen Arabischen Republik unter einem beispiellosen Zustand der Schw\u00e4che leidet, der es ihr unm\u00f6glich machte, andere Organisationen der Bruderschaft in vielen L\u00e4ndern der Welt zu kontrollieren und die globalen Ziele, die es erreichen wollte, &#8211; vor\u00fcbergehend &#8211;\u00a0 aufzugeben, er begann jedoch, eine neue Strategie zu verabschieden, die einerseits darauf abzielte, den Druck und die Beschr\u00e4nkungen der Gruppe einzud\u00e4mmen, sich auf die Pr\u00e4senz in den L\u00e4ndern zu konzentrieren, die f\u00fcr ihn &#8222;sichere H\u00e4fen&#8220; darstellen, und die Fortsetzung seiner Aktivit\u00e4ten zu gew\u00e4hrleisten, durch die er die Gruppe verteidigt\u00a0 und\u00a0 ihre Ideen f\u00f6rdert.<\/p>","protected":false},"featured_media":13319,"comment_status":"open","ping_status":"closed","template":"","meta":{"_acf_changed":false},"product_brand":[],"product_cat":[237],"product_tag":[],"class_list":{"0":"post-13253","1":"product","2":"type-product","3":"status-publish","4":"has-post-thumbnail","6":"product_cat-muslim-brotherhood-encyclopedia-de","8":"first","9":"instock","10":"sale","11":"downloadable","12":"sold-individually","13":"taxable","14":"shipping-taxable","15":"purchasable","16":"product-type-simple"},"acf":[],"_links":{"self":[{"href":"https:\/\/trendsresearch.org\/de\/wp-json\/wp\/v2\/product\/13253","targetHints":{"allow":["GET"]}}],"collection":[{"href":"https:\/\/trendsresearch.org\/de\/wp-json\/wp\/v2\/product"}],"about":[{"href":"https:\/\/trendsresearch.org\/de\/wp-json\/wp\/v2\/types\/product"}],"replies":[{"embeddable":true,"href":"https:\/\/trendsresearch.org\/de\/wp-json\/wp\/v2\/comments?post=13253"}],"wp:featuredmedia":[{"embeddable":true,"href":"https:\/\/trendsresearch.org\/de\/wp-json\/wp\/v2\/media\/13319"}],"wp:attachment":[{"href":"https:\/\/trendsresearch.org\/de\/wp-json\/wp\/v2\/media?parent=13253"}],"wp:term":[{"taxonomy":"product_brand","embeddable":true,"href":"https:\/\/trendsresearch.org\/de\/wp-json\/wp\/v2\/product_brand?post=13253"},{"taxonomy":"product_cat","embeddable":true,"href":"https:\/\/trendsresearch.org\/de\/wp-json\/wp\/v2\/product_cat?post=13253"},{"taxonomy":"product_tag","embeddable":true,"href":"https:\/\/trendsresearch.org\/de\/wp-json\/wp\/v2\/product_tag?post=13253"}],"curies":[{"name":"wp","href":"https:\/\/api.w.org\/{rel}","templated":true}]}}