{"id":13254,"date":"2024-03-04T08:29:53","date_gmt":"2024-03-04T04:29:53","guid":{"rendered":"http:\/\/217.165.205.192\/web-2024\/?post_type=product&#038;p=13254"},"modified":"2024-08-14T14:31:25","modified_gmt":"2024-08-14T10:31:25","slug":"die-muslimbruderschaft-zwischen-expansion-und-niedergang-der-fall-aegypten","status":"publish","type":"product","link":"https:\/\/trendsresearch.org\/de\/publication\/die-muslimbruderschaft-zwischen-expansion-und-niedergang-der-fall-aegypten\/","title":{"rendered":"Die Muslimbruderschaft Zwischen Expansion und Niedergang: der Fall \u00c4gypten"},"content":{"rendered":"<p style=\"text-align: justify;\"><b>Zusammenfassung<\/b><\/p>\r\n<p style=\"text-align: justify;\"><span style=\"font-weight: 400;\">Die Muslimbruderschaft erlebte innerhalb weniger Jahre nach ihrer Gr\u00fcndung im Jahr 1928 eine rasante Aufw\u00e4rtskurve in Expansion. Kurz nach dem Umzug nach Kairo im Jahr 1932 verf\u00fcgte es 1936 \u00fcber mehr als 100 Filialen und erreichte Ende der 1930er Jahre 400 Filialen. Das Tempo der Expansion und des Einflusses verdoppelte sich in den 1940er Jahren, so dass die Zahl der Zweigstellen 1949 auf 2.000 angewachsen war, und die Zahl der Mitglieder der Gruppe wurde auf 300.000 bis 600.000 gesch\u00e4tzt.<\/span><\/p>\r\n<p style=\"text-align: justify;\"><span style=\"font-weight: 400;\">Mehrere Faktoren halfen der Muslimbruderschaft, innerhalb der \u00e4gyptischen Gesellschaft mit ihren verschiedenen Kategorien und Komponenten zu expandieren, darunter: Ausnutzung der politischen M\u00f6glichkeiten, die die aufeinanderfolgenden politischen Regime boten, die \u00c4gypten regierten. Und die Schaffung eines straffen Verwaltungssystems, das sich durch die Zentralisierung der Entscheidungsfindung auszeichnet und auf Loyalit\u00e4t und Geheimhaltung basiert und zwischen Ideologie und Praxis verkn\u00fcpft. Die Bruderschaft \u00fcbernahm Social Engineering, um die K\u00f6pfe und Herzen beliebter Gruppen zu gewinnen, was dazu beitrug, sie f\u00fcr die Ziele der Gruppe zu mobilisieren und zu rekrutieren, dabei benutzte sie verschiedene Mittel, von denen die wichtigsten sind: Interessenvertretung, Bildung, Medien, social Dienste, wirtschaftliche Institutionen und sogar Gewalt.<\/span><\/p>\r\n<p style=\"text-align: justify;\"><span style=\"font-weight: 400;\">Die Muslimbruderschaft war in der Lage, Zivilgesellschaften einzusetzen, um ihren politischen Zielen zu dienen, um einerseits neue Elemente anzuziehen und eine Massenmobilisierung im Wahlprozess zu erreichen, den die Gruppe bek\u00e4mpft hat, sei es auf der Ebene der Kommunal-, Parlaments- oder Pr\u00e4sidentschaftswahlen andererseits.<\/span><\/p>\r\n<p style=\"text-align: justify;\"><span style=\"font-weight: 400;\">Die Gruppe verfolgte eine Politik der N\u00e4he zu den Menschen in Wohnvierteln, Arbeitszentren und M\u00e4rkten, um solidarische Beziehungen zu festigen<\/span><\/p>\r\n<p style=\"text-align: justify;\"><span style=\"font-weight: 400;\">und die vom Staat hinterlassene L\u00fccke zu f\u00fcllen, indem sie ein Netzwerk karitativer Gesellschaften in den Bereichen Bildung, Gesundheit und soziale Dienste aufbaute.<\/span><\/p>\r\n<p style=\"text-align: justify;\"><span style=\"font-weight: 400;\">In den 70er Jahren des 20. Jahrhunderts erlebte \u00c4gypten gro\u00dfe politische Ver\u00e4nderungen, darunter: die Vers\u00f6hnung von Pr\u00e4sident Sadat mit der Bruderschaft; Um ihre Unterscht\u00fctzung zu erhalten, sich der linken und nasseristischen politischen Bewegung zu stellen, zu einer Zeit, als die Bruderschaft ihren Einfluss in der Gesellschaft nach den Jahren des Embargos w\u00e4hrend der Herrschaft von Pr\u00e4sident Gamal Abdel Nasser dringend ausweiten musste.<\/span><\/p>\r\n<p style=\"text-align: justify;\"><span style=\"font-weight: 400;\">Die Aktivit\u00e4ten der Muslimbruderschaft eskalierten w\u00e4hrend der \u00c4ra von Pr\u00e4sident Sadat im politischen und wirtschaftlichen Bereich, als sie damit begann, ein breites Netzwerk karitativer sozialer Einrichtungen aufzubauen, darunter Schulen, Hilfs- und Wohlt\u00e4tigkeitsprojekte, Krankenh\u00e4user und Kliniken.<\/span><\/p>\r\n<p style=\"text-align: justify;\"><span style=\"font-weight: 400;\">W\u00e4hrend der Regierungszeit von Pr\u00e4sident Mohammad Hosni Mubarak war die T\u00e4tigkeit der Bruderschaft durch Bewegung innerhalb bestimmter Regeln gekennzeichnet, und obwohl sie eine verbotene Gruppe waren, konnten sie gro\u00dfe Teile der Gesellschaft kontrollieren, was sie zur ersten Kraft und zum st\u00e4rksten Konkurrenten f\u00fcr der Nationaldemokratischen Partei machte, und sie konnten die Legitimit\u00e4t der Dienstleistung und die Wirkung auf die \u00e4gyptische Stra\u00dfe gewinnen.<\/span><\/p>\r\n<p style=\"text-align: justify;\"><span style=\"font-weight: 400;\">Pr\u00e4sident Mohammad Morsi, ein F\u00fchrer der Muslimbruderschaft, \u00fcbernahm die Pr\u00e4sidentschaft am 30. Juni 2012, nach den ersten Wahlen in \u00c4gypten, nachdem Pr\u00e4sident Mohammad Hosni Mubarak sein Amt niedergelegt hatte, und wurde der erste Pr\u00e4sident nach der Revolution vom 25. Januar 2011 und der f\u00fcnfte Pr\u00e4sident, in der Neuzeit der die Macht in \u00c4gypten <\/span><span style=\"font-weight: 400;\">\u00fcbernahm.<\/span><\/p>\r\n<p style=\"text-align: justify;\"><span style=\"font-weight: 400;\">W\u00e4hrend der Herrschaft der Muslimbruderschaft in \u00c4gypten gab es viele negative Beobachtungen, darunter Fraktionsbildung und das Fehlen von<\/span><\/p>\r\n<p style=\"text-align: justify;\"><span style=\"font-weight: 400;\">Entwicklungsprojekten, da die Erfahrung mit wohlt\u00e4tigen und ehrenamtlichen T\u00e4tigkeiten, die die Gruppe f\u00fcr breite Bev\u00f6lkerungsschichten leistete, ihnen nicht half, die Leistung der Regierung zu verbessern und zu tragen und einen nationalen Rationalisierungsprozess f\u00fcr personelle und materielle Ressourcen auszuarbeiten, damals \u00fcbernahm ihre Partei f\u00fcr Freiheit und Gerechtigkeit die volle Macht, und die Gegner warfen ihnen vor, Staat und Gesellschaft Muslimbr\u00fcderschaftlich pr\u00e4gen zu wollen und ihren Willen zeigten, die meisten heiklen staatlichen Positionen festzuhalten.<\/span><\/p>\r\n<p style=\"text-align: justify;\"><span style=\"font-weight: 400;\">Die popul\u00e4re Opposition gegen Morsis Regierung eskalierte aufgrund ihres Mangels an Visionen und Erfahrung in der Regierung des Landes und ihrer Unf\u00e4higkeit, die Notwendigkeit der Freiheit der Menschen und der Vielfalt in der Gesellschaft zu verstehen, das Land erlebte am 20. Juni 2013 &#8211; dem ersten Jahrestag des Tages, an dem Morsi sein Amt antrat &#8211; gro\u00df angelegte Proteste, die mit dem Eingreifen der Armee und der Absetzung des Pr\u00e4sidenten der Bruderschaft endeten.<\/span><\/p>\r\n<p style=\"text-align: justify;\"><span style=\"font-weight: 400;\">Der R\u00fcckgang der Popularit\u00e4t der Muslimbruderschaft h\u00e4ngt mit einer Reihe von Variablen zusammen, von denen einige mit dem sozialen Umfeld der Gruppe in Zusammenhang stehen, einige mit den beschleunigten politischen Ereignissen, die diese Zeit pr\u00e4gten, und andere mit Ver\u00e4nderungen in das Wertesystem der arabischen \u00d6ffentlichkeit.<\/span><\/p>","protected":false},"excerpt":{"rendered":"<p style=\"text-align: justify;\"><b>Zusammenfassung<\/b><\/p>\r\n<p style=\"text-align: justify;\"><span style=\"font-weight: 400;\">Die Muslimbruderschaft erlebte innerhalb weniger Jahre nach ihrer Gr\u00fcndung im Jahr 1928 eine rasante Aufw\u00e4rtskurve in Expansion. Kurz nach dem Umzug nach Kairo im Jahr 1932 verf\u00fcgte es 1936 \u00fcber mehr als 100 Filialen und erreichte Ende der 1930er Jahre 400 Filialen. Das Tempo der Expansion und des Einflusses verdoppelte sich in den 1940er Jahren, so dass die Zahl der Zweigstellen 1949 auf 2.000 angewachsen war, und die Zahl der Mitglieder der Gruppe wurde auf 300.000 bis 600.000 gesch\u00e4tzt.<\/span><\/p>\r\n<p style=\"text-align: justify;\"><span style=\"font-weight: 400;\">Mehrere Faktoren halfen der Muslimbruderschaft, innerhalb der \u00e4gyptischen Gesellschaft mit ihren verschiedenen Kategorien und Komponenten zu expandieren, darunter: Ausnutzung der politischen M\u00f6glichkeiten, die die aufeinanderfolgenden politischen Regime boten, die \u00c4gypten regierten. Und die Schaffung eines straffen Verwaltungssystems, das sich durch die Zentralisierung der Entscheidungsfindung auszeichnet und auf Loyalit\u00e4t und Geheimhaltung basiert und zwischen Ideologie und Praxis verkn\u00fcpft. Die Bruderschaft \u00fcbernahm Social Engineering, um die K\u00f6pfe und Herzen beliebter Gruppen zu gewinnen, was dazu beitrug, sie f\u00fcr die Ziele der Gruppe zu mobilisieren und zu rekrutieren, dabei benutzte sie verschiedene Mittel, von denen die wichtigsten sind: Interessenvertretung, Bildung, Medien, social Dienste, wirtschaftliche Institutionen und sogar Gewalt.<\/span><\/p>\r\n<p style=\"text-align: justify;\"><span style=\"font-weight: 400;\">Die Muslimbruderschaft war in der Lage, Zivilgesellschaften einzusetzen, um ihren politischen Zielen zu dienen, um einerseits neue Elemente anzuziehen und eine Massenmobilisierung im Wahlprozess zu erreichen, den die Gruppe bek\u00e4mpft hat, sei es auf der Ebene der Kommunal-, Parlaments- oder Pr\u00e4sidentschaftswahlen andererseits.<\/span><\/p>\r\n<p style=\"text-align: justify;\"><span style=\"font-weight: 400;\">Die Gruppe verfolgte eine Politik der N\u00e4he zu den Menschen in Wohnvierteln, Arbeitszentren und M\u00e4rkten, um solidarische Beziehungen zu festigen<\/span><\/p>\r\n<p style=\"text-align: justify;\"><span style=\"font-weight: 400;\">und die vom Staat hinterlassene L\u00fccke zu f\u00fcllen, indem sie ein Netzwerk karitativer Gesellschaften in den Bereichen Bildung, Gesundheit und soziale Dienste aufbaute.<\/span><\/p>\r\n<p style=\"text-align: justify;\"><span style=\"font-weight: 400;\">In den 70er Jahren des 20. Jahrhunderts erlebte \u00c4gypten gro\u00dfe politische Ver\u00e4nderungen, darunter: die Vers\u00f6hnung von Pr\u00e4sident Sadat mit der Bruderschaft; Um ihre Unterscht\u00fctzung zu erhalten, sich der linken und nasseristischen politischen Bewegung zu stellen, zu einer Zeit, als die Bruderschaft ihren Einfluss in der Gesellschaft nach den Jahren des Embargos w\u00e4hrend der Herrschaft von Pr\u00e4sident Gamal Abdel Nasser dringend ausweiten musste.<\/span><\/p>\r\n<p style=\"text-align: justify;\"><span style=\"font-weight: 400;\">Die Aktivit\u00e4ten der Muslimbruderschaft eskalierten w\u00e4hrend der \u00c4ra von Pr\u00e4sident Sadat im politischen und wirtschaftlichen Bereich, als sie damit begann, ein breites Netzwerk karitativer sozialer Einrichtungen aufzubauen, darunter Schulen, Hilfs- und Wohlt\u00e4tigkeitsprojekte, Krankenh\u00e4user und Kliniken.<\/span><\/p>\r\n<p style=\"text-align: justify;\"><span style=\"font-weight: 400;\">W\u00e4hrend der Regierungszeit von Pr\u00e4sident Mohammad Hosni Mubarak war die T\u00e4tigkeit der Bruderschaft durch Bewegung innerhalb bestimmter Regeln gekennzeichnet, und obwohl sie eine verbotene Gruppe waren, konnten sie gro\u00dfe Teile der Gesellschaft kontrollieren, was sie zur ersten Kraft und zum st\u00e4rksten Konkurrenten f\u00fcr der Nationaldemokratischen Partei machte, und sie konnten die Legitimit\u00e4t der Dienstleistung und die Wirkung auf die \u00e4gyptische Stra\u00dfe gewinnen.<\/span><\/p>\r\n<p style=\"text-align: justify;\"><span style=\"font-weight: 400;\">Pr\u00e4sident Mohammad Morsi, ein F\u00fchrer der Muslimbruderschaft, \u00fcbernahm die Pr\u00e4sidentschaft am 30. Juni 2012, nach den ersten Wahlen in \u00c4gypten, nachdem Pr\u00e4sident Mohammad Hosni Mubarak sein Amt niedergelegt hatte, und wurde der erste Pr\u00e4sident nach der Revolution vom 25. Januar 2011 und der f\u00fcnfte Pr\u00e4sident, in der Neuzeit der die Macht in \u00c4gypten <\/span><span style=\"font-weight: 400;\">\u00fcbernahm.<\/span><\/p>\r\n<p style=\"text-align: justify;\"><span style=\"font-weight: 400;\">W\u00e4hrend der Herrschaft der Muslimbruderschaft in \u00c4gypten gab es viele negative Beobachtungen, darunter Fraktionsbildung und das Fehlen von<\/span><\/p>\r\n<p style=\"text-align: justify;\"><span style=\"font-weight: 400;\">Entwicklungsprojekten, da die Erfahrung mit wohlt\u00e4tigen und ehrenamtlichen T\u00e4tigkeiten, die die Gruppe f\u00fcr breite Bev\u00f6lkerungsschichten leistete, ihnen nicht half, die Leistung der Regierung zu verbessern und zu tragen und einen nationalen Rationalisierungsprozess f\u00fcr personelle und materielle Ressourcen auszuarbeiten, damals \u00fcbernahm ihre Partei f\u00fcr Freiheit und Gerechtigkeit die volle Macht, und die Gegner warfen ihnen vor, Staat und Gesellschaft Muslimbr\u00fcderschaftlich pr\u00e4gen zu wollen und ihren Willen zeigten, die meisten heiklen staatlichen Positionen festzuhalten.<\/span><\/p>\r\n<p style=\"text-align: justify;\"><span style=\"font-weight: 400;\">Die popul\u00e4re Opposition gegen Morsis Regierung eskalierte aufgrund ihres Mangels an Visionen und Erfahrung in der Regierung des Landes und ihrer Unf\u00e4higkeit, die Notwendigkeit der Freiheit der Menschen und der Vielfalt in der Gesellschaft zu verstehen, das Land erlebte am 20. Juni 2013 &#8211; dem ersten Jahrestag des Tages, an dem Morsi sein Amt antrat &#8211; gro\u00df angelegte Proteste, die mit dem Eingreifen der Armee und der Absetzung des Pr\u00e4sidenten der Bruderschaft endeten.<\/span><\/p>\r\n<p style=\"text-align: justify;\"><span style=\"font-weight: 400;\">Der R\u00fcckgang der Popularit\u00e4t der Muslimbruderschaft h\u00e4ngt mit einer Reihe von Variablen zusammen, von denen einige mit dem sozialen Umfeld der Gruppe in Zusammenhang stehen, einige mit den beschleunigten politischen Ereignissen, die diese Zeit pr\u00e4gten, und andere mit Ver\u00e4nderungen in das Wertesystem der arabischen \u00d6ffentlichkeit.<\/span><\/p>","protected":false},"featured_media":13335,"comment_status":"open","ping_status":"closed","template":"","meta":{"_acf_changed":false},"product_brand":[],"product_cat":[237],"product_tag":[],"class_list":{"0":"post-13254","1":"product","2":"type-product","3":"status-publish","4":"has-post-thumbnail","6":"product_cat-muslim-brotherhood-encyclopedia-de","8":"first","9":"instock","10":"sale","11":"downloadable","12":"taxable","13":"shipping-taxable","14":"purchasable","15":"product-type-simple"},"acf":[],"_links":{"self":[{"href":"https:\/\/trendsresearch.org\/de\/wp-json\/wp\/v2\/product\/13254","targetHints":{"allow":["GET"]}}],"collection":[{"href":"https:\/\/trendsresearch.org\/de\/wp-json\/wp\/v2\/product"}],"about":[{"href":"https:\/\/trendsresearch.org\/de\/wp-json\/wp\/v2\/types\/product"}],"replies":[{"embeddable":true,"href":"https:\/\/trendsresearch.org\/de\/wp-json\/wp\/v2\/comments?post=13254"}],"wp:featuredmedia":[{"embeddable":true,"href":"https:\/\/trendsresearch.org\/de\/wp-json\/wp\/v2\/media\/13335"}],"wp:attachment":[{"href":"https:\/\/trendsresearch.org\/de\/wp-json\/wp\/v2\/media?parent=13254"}],"wp:term":[{"taxonomy":"product_brand","embeddable":true,"href":"https:\/\/trendsresearch.org\/de\/wp-json\/wp\/v2\/product_brand?post=13254"},{"taxonomy":"product_cat","embeddable":true,"href":"https:\/\/trendsresearch.org\/de\/wp-json\/wp\/v2\/product_cat?post=13254"},{"taxonomy":"product_tag","embeddable":true,"href":"https:\/\/trendsresearch.org\/de\/wp-json\/wp\/v2\/product_tag?post=13254"}],"curies":[{"name":"wp","href":"https:\/\/api.w.org\/{rel}","templated":true}]}}