{"id":13856,"date":"2024-03-04T08:28:56","date_gmt":"2024-03-04T04:28:56","guid":{"rendered":"http:\/\/217.165.205.192\/web-2024\/?post_type=product&#038;p=13856"},"modified":"2024-08-14T15:51:37","modified_gmt":"2024-08-14T11:51:37","slug":"los-hermanos-musulmanes-circunstancias-de-su-creacion-y-fundacion","status":"publish","type":"product","link":"https:\/\/trendsresearch.org\/es\/publication\/los-hermanos-musulmanes-circunstancias-de-su-creacion-y-fundacion\/","title":{"rendered":"LOS HERMANOS MUSULMANES Circunstancias de su creaci\u00f3n y fundaci\u00f3n"},"content":{"rendered":"<p style=\"text-align: justify;\">Los Hermanos Musulmanes son un fen\u00f3meno digno de investigar y analizar, dado su alcance geogr\u00e1fico y la intensidad de su influencia social y pol\u00edtica no s\u00f3lo en la regi\u00f3n \u00e1rabe y musulmana, sino en todo el mundo. En este contexto, una visi\u00f3n anal\u00edtica de las circunstancias hist\u00f3ricas del surgimiento del grupo en Egipto es una de las claves elementales para entender los factores decisivos que definen a sus seguidores y dan forma a su visi\u00f3n ideol\u00f3gica y a sus herramientas para propiciar el cambio.<\/p>\r\n<p style=\"text-align: justify;\">En este sentido, el estudio del entorno social y econ\u00f3mico del surgimiento del grupo es una prioridad especial porque permite presentar una visi\u00f3n de la situaci\u00f3n general en Egipto en sus diversas dimensiones y variables a diversos niveles, en un intento de conocer las ra\u00edces del pasado reciente y sus efectos en el curso de los acontecimientos y las justificaciones que acompa\u00f1aron al establecimiento de la Hermandad Musulmana.<\/p>\r\n<p style=\"text-align: justify;\">Tambi\u00e9n se tratan en el estudio los or\u00edgenes intelectuales de los Hermanos Musulmanes, cuyas ra\u00edces ideol\u00f3gicas se plasman en el pensamiento ortodoxo sunita y jariy\u00ed, y en referencias cercanas se centran principalmente en los pioneros del Renacimiento isl\u00e1mico, como en las ideolog\u00edas de Jamal al-Din al-Afghani, Muhammad Abduh y Muhammad Rashid Rida, sin ignorar el papel de la ideolog\u00eda de Abul Ala Maududi, considerado el escritor contempor\u00e1neo m\u00e1s influyente en formar el conjunto de ideas de la Hermandad.<\/p>\r\n<p style=\"text-align: justify;\">El estudio tambi\u00e9n trata sobre los planteamientos del grupo, especialmente los formulados por su fundador Hassan al-Banna y luego por Sayyid Qutb, y el papel de ambos en la orientaci\u00f3n del grupo hacia la violencia armada, convirti\u00e9ndola en un elemento estructural de su discurso, para que podamos revisar los marcos intelectuales y enfoques te\u00f3ricos que rodean la ideolog\u00eda de la fraternidad en t\u00e9rminos de la acci\u00f3n y el conocimiento.<\/p>\r\n<p style=\"text-align: justify;\">Tambi\u00e9n se exponen las premisas intelectuales del grupo abordando los fundamentos m\u00e1s importantes de la ideolog\u00eda de la Hermandad, revisando sus conceptos b\u00e1sicos y terminolog\u00eda, que se caracterizan por su generalidad y ambig\u00fcedad, y que pretenden ser aut\u00e9nticos dentro del entorno legal y jurisprudencial isl\u00e1mico.<\/p>","protected":false},"excerpt":{"rendered":"<p style=\"text-align: justify;\">Los Hermanos Musulmanes son un fen\u00f3meno digno de investigar y analizar, dado su alcance geogr\u00e1fico y la intensidad de su influencia social y pol\u00edtica no s\u00f3lo en la regi\u00f3n \u00e1rabe y musulmana, sino en todo el mundo. En este contexto, una visi\u00f3n anal\u00edtica de las circunstancias hist\u00f3ricas del surgimiento del grupo en Egipto es una de las claves elementales para entender los factores decisivos que definen a sus seguidores y dan forma a su visi\u00f3n ideol\u00f3gica y a sus herramientas para propiciar el cambio.<\/p>\r\n<p style=\"text-align: justify;\">En este sentido, el estudio del entorno social y econ\u00f3mico del surgimiento del grupo es una prioridad especial porque permite presentar una visi\u00f3n de la situaci\u00f3n general en Egipto en sus diversas dimensiones y variables a diversos niveles, en un intento de conocer las ra\u00edces del pasado reciente y sus efectos en el curso de los acontecimientos y las justificaciones que acompa\u00f1aron al establecimiento de la Hermandad Musulmana.<\/p>\r\n<p style=\"text-align: justify;\">Tambi\u00e9n se tratan en el estudio los or\u00edgenes intelectuales de los Hermanos Musulmanes, cuyas ra\u00edces ideol\u00f3gicas se plasman en el pensamiento ortodoxo sunita y jariy\u00ed, y en referencias cercanas se centran principalmente en los pioneros del Renacimiento isl\u00e1mico, como en las ideolog\u00edas de Jamal al-Din al-Afghani, Muhammad Abduh y Muhammad Rashid Rida, sin ignorar el papel de la ideolog\u00eda de Abul Ala Maududi, considerado el escritor contempor\u00e1neo m\u00e1s influyente en formar el conjunto de ideas de la Hermandad.<\/p>\r\n<p style=\"text-align: justify;\">El estudio tambi\u00e9n trata sobre los planteamientos del grupo, especialmente los formulados por su fundador Hassan al-Banna y luego por Sayyid Qutb, y el papel de ambos en la orientaci\u00f3n del grupo hacia la violencia armada, convirti\u00e9ndola en un elemento estructural de su discurso, para que podamos revisar los marcos intelectuales y enfoques te\u00f3ricos que rodean la ideolog\u00eda de la fraternidad en t\u00e9rminos de la acci\u00f3n y el conocimiento.<\/p>\r\n<p style=\"text-align: justify;\">Tambi\u00e9n se exponen las premisas intelectuales del grupo abordando los fundamentos m\u00e1s importantes de la ideolog\u00eda de la Hermandad, revisando sus conceptos b\u00e1sicos y terminolog\u00eda, que se caracterizan por su generalidad y ambig\u00fcedad, y que pretenden ser aut\u00e9nticos dentro del entorno legal y jurisprudencial isl\u00e1mico.<\/p>","protected":false},"featured_media":13862,"comment_status":"open","ping_status":"closed","template":"","meta":{"_acf_changed":false},"product_brand":[],"product_cat":[246],"product_tag":[],"class_list":{"0":"post-13856","1":"product","2":"type-product","3":"status-publish","4":"has-post-thumbnail","6":"product_cat-muslim-brotherhood-encyclopedia-es","8":"first","9":"instock","10":"sale","11":"downloadable","12":"sold-individually","13":"taxable","14":"shipping-taxable","15":"purchasable","16":"product-type-simple"},"acf":[],"_links":{"self":[{"href":"https:\/\/trendsresearch.org\/es\/wp-json\/wp\/v2\/product\/13856","targetHints":{"allow":["GET"]}}],"collection":[{"href":"https:\/\/trendsresearch.org\/es\/wp-json\/wp\/v2\/product"}],"about":[{"href":"https:\/\/trendsresearch.org\/es\/wp-json\/wp\/v2\/types\/product"}],"replies":[{"embeddable":true,"href":"https:\/\/trendsresearch.org\/es\/wp-json\/wp\/v2\/comments?post=13856"}],"wp:featuredmedia":[{"embeddable":true,"href":"https:\/\/trendsresearch.org\/es\/wp-json\/wp\/v2\/media\/13862"}],"wp:attachment":[{"href":"https:\/\/trendsresearch.org\/es\/wp-json\/wp\/v2\/media?parent=13856"}],"wp:term":[{"taxonomy":"product_brand","embeddable":true,"href":"https:\/\/trendsresearch.org\/es\/wp-json\/wp\/v2\/product_brand?post=13856"},{"taxonomy":"product_cat","embeddable":true,"href":"https:\/\/trendsresearch.org\/es\/wp-json\/wp\/v2\/product_cat?post=13856"},{"taxonomy":"product_tag","embeddable":true,"href":"https:\/\/trendsresearch.org\/es\/wp-json\/wp\/v2\/product_tag?post=13856"}],"curies":[{"name":"wp","href":"https:\/\/api.w.org\/{rel}","templated":true}]}}