{"id":13857,"date":"2024-03-04T08:28:58","date_gmt":"2024-03-04T04:28:58","guid":{"rendered":"http:\/\/217.165.205.192\/web-2024\/?post_type=product&#038;p=13857"},"modified":"2024-08-14T15:51:29","modified_gmt":"2024-08-14T11:51:29","slug":"la-estructura-organizativa-de-los-hermanos-musulmanes-las-caracteristicas-los-objetivos-y-su-futuro","status":"publish","type":"product","link":"https:\/\/trendsresearch.org\/es\/publication\/la-estructura-organizativa-de-los-hermanos-musulmanes-las-caracteristicas-los-objetivos-y-su-futuro\/","title":{"rendered":"LA ESTRUCTURA ORGANIZATIVA DE LOS HERMANOS MUSULMANES LAS CARACTER\u00cdSTICAS, LOS OBJETIVOS Y SU FUTURO"},"content":{"rendered":"<p style=\"text-align: justify;\">La formaci\u00f3n organizativa de la Hermandad, con sus estructuras institucionales y administrativas, es de vital importancia para sus l\u00edderes, quienes la consideran la principal herramienta para aplicar los principios e ideales del grupo sobre el terreno, por un lado, e implementar su proyecto pol\u00edtico para llegar al poder y para controlar la sociedad, por el otro.<\/p>\r\n<p style=\"text-align: justify;\">Desde sus inicios, el grupo ha estado interesado en vincular la formaci\u00f3n organizativa con el aspecto ideol\u00f3gico, porque estaba consciente de que la cohesi\u00f3n de esta organizaci\u00f3n y su continuidad requieren creer en la ideolog\u00eda del grupo y en los valores que predica.<\/p>\r\n<p style=\"text-align: justify;\">As\u00ed mismo, ha procurado, por otra parte, garantizar un papel primordial al gu\u00eda general en su formaci\u00f3n organizativa y ejecutiva, aunque la naturaleza de este papel ha cambiado de un gu\u00eda a otro, seg\u00fan su carisma, cualidades de liderazgo y capacidad de influencia en los miembros del grupo.<\/p>\r\n<p style=\"text-align: justify;\">Al mismo tiempo, el grupo ha dependido de las unidades organizativas, desde oficinas, comit\u00e9s y divisiones, para consolidar su penetraci\u00f3n en la sociedad, concediendo al tema social una prioridad especial que le proporciona un apoyo en la sociedad que puede ser empleado para respaldar su proyecto pol\u00edtico, como sucedi\u00f3 en las elecciones legislativas y presidenciales de Egipto en 2012.<\/p>\r\n<p style=\"text-align: justify;\">Aunque la Hermandad Musulmana aprovech\u00f3 la Revoluci\u00f3n del 25 de enero 2011 para ganar el poder, suspendi\u00f3 en la prueba de gobernar. Qued\u00f3 claro que su estructura organizativa y administrativa no lograron proporcionarle ni la experiencia, ni los equipos, ni los l\u00edderes que le habr\u00edan permitido ejercer de forma adecuada el poder en la pr\u00e1ctica. \u00a0Esto acarre\u00f3 la Revoluci\u00f3n del 30 de junio de 2013 y los posteriores acontecimientos y repercusiones que causaron el debilitamiento de su estructura organizativa y administrativa, sufriendo ahora de estancamiento, fragmentaci\u00f3n y divisi\u00f3n.<\/p>\r\n<p style=\"text-align: justify;\"><\/p>","protected":false},"excerpt":{"rendered":"<p style=\"text-align: justify;\">La formaci\u00f3n organizativa de la Hermandad, con sus estructuras institucionales y administrativas, es de vital importancia para sus l\u00edderes, quienes la consideran la principal herramienta para aplicar los principios e ideales del grupo sobre el terreno, por un lado, e implementar su proyecto pol\u00edtico para llegar al poder y para controlar la sociedad, por el otro.<\/p>\r\n<p style=\"text-align: justify;\">Desde sus inicios, el grupo ha estado interesado en vincular la formaci\u00f3n organizativa con el aspecto ideol\u00f3gico, porque estaba consciente de que la cohesi\u00f3n de esta organizaci\u00f3n y su continuidad requieren creer en la ideolog\u00eda del grupo y en los valores que predica.<\/p>\r\n<p style=\"text-align: justify;\">As\u00ed mismo, ha procurado, por otra parte, garantizar un papel primordial al gu\u00eda general en su formaci\u00f3n organizativa y ejecutiva, aunque la naturaleza de este papel ha cambiado de un gu\u00eda a otro, seg\u00fan su carisma, cualidades de liderazgo y capacidad de influencia en los miembros del grupo.<\/p>\r\n<p style=\"text-align: justify;\">Al mismo tiempo, el grupo ha dependido de las unidades organizativas, desde oficinas, comit\u00e9s y divisiones, para consolidar su penetraci\u00f3n en la sociedad, concediendo al tema social una prioridad especial que le proporciona un apoyo en la sociedad que puede ser empleado para respaldar su proyecto pol\u00edtico, como sucedi\u00f3 en las elecciones legislativas y presidenciales de Egipto en 2012.<\/p>\r\n<p style=\"text-align: justify;\">Aunque la Hermandad Musulmana aprovech\u00f3 la Revoluci\u00f3n del 25 de enero 2011 para ganar el poder, suspendi\u00f3 en la prueba de gobernar. Qued\u00f3 claro que su estructura organizativa y administrativa no lograron proporcionarle ni la experiencia, ni los equipos, ni los l\u00edderes que le habr\u00edan permitido ejercer de forma adecuada el poder en la pr\u00e1ctica. \u00a0Esto acarre\u00f3 la Revoluci\u00f3n del 30 de junio de 2013 y los posteriores acontecimientos y repercusiones que causaron el debilitamiento de su estructura organizativa y administrativa, sufriendo ahora de estancamiento, fragmentaci\u00f3n y divisi\u00f3n.<\/p>\r\n<p style=\"text-align: justify;\"><\/p>","protected":false},"featured_media":13878,"comment_status":"open","ping_status":"closed","template":"","meta":{"_acf_changed":false},"product_brand":[],"product_cat":[246],"product_tag":[],"class_list":{"0":"post-13857","1":"product","2":"type-product","3":"status-publish","4":"has-post-thumbnail","6":"product_cat-muslim-brotherhood-encyclopedia-es","8":"first","9":"instock","10":"sale","11":"downloadable","12":"sold-individually","13":"taxable","14":"shipping-taxable","15":"purchasable","16":"product-type-simple"},"acf":[],"_links":{"self":[{"href":"https:\/\/trendsresearch.org\/es\/wp-json\/wp\/v2\/product\/13857","targetHints":{"allow":["GET"]}}],"collection":[{"href":"https:\/\/trendsresearch.org\/es\/wp-json\/wp\/v2\/product"}],"about":[{"href":"https:\/\/trendsresearch.org\/es\/wp-json\/wp\/v2\/types\/product"}],"replies":[{"embeddable":true,"href":"https:\/\/trendsresearch.org\/es\/wp-json\/wp\/v2\/comments?post=13857"}],"wp:featuredmedia":[{"embeddable":true,"href":"https:\/\/trendsresearch.org\/es\/wp-json\/wp\/v2\/media\/13878"}],"wp:attachment":[{"href":"https:\/\/trendsresearch.org\/es\/wp-json\/wp\/v2\/media?parent=13857"}],"wp:term":[{"taxonomy":"product_brand","embeddable":true,"href":"https:\/\/trendsresearch.org\/es\/wp-json\/wp\/v2\/product_brand?post=13857"},{"taxonomy":"product_cat","embeddable":true,"href":"https:\/\/trendsresearch.org\/es\/wp-json\/wp\/v2\/product_cat?post=13857"},{"taxonomy":"product_tag","embeddable":true,"href":"https:\/\/trendsresearch.org\/es\/wp-json\/wp\/v2\/product_tag?post=13857"}],"curies":[{"name":"wp","href":"https:\/\/api.w.org\/{rel}","templated":true}]}}