{"id":13858,"date":"2024-03-04T08:29:00","date_gmt":"2024-03-04T04:29:00","guid":{"rendered":"http:\/\/217.165.205.192\/web-2024\/?post_type=product&#038;p=13858"},"modified":"2024-08-14T15:51:13","modified_gmt":"2024-08-14T11:51:13","slug":"la-seccion-especial-de-los-hermanos-musulmanes-creacion-objetivos-y-desarrollo","status":"publish","type":"product","link":"https:\/\/trendsresearch.org\/es\/publication\/la-seccion-especial-de-los-hermanos-musulmanes-creacion-objetivos-y-desarrollo\/","title":{"rendered":"La Secci\u00f3n Especial de los Hermanos Musulmanes Creaci\u00f3n, objetivos y desarrollo"},"content":{"rendered":"<p style=\"text-align: justify;\">Este estudio aborda la problem\u00e1tica de la violencia ejercida por los Hermanos Musulmanes a trav\u00e9s de la Secci\u00f3n Especial, cuya creaci\u00f3n fue supervisada por el primer gu\u00eda general del grupo, lo cual evidencia el arraigo de la violencia y la dependencia en ella para garantizar el cumplimiento de sus objetivos de llegar al poder y establecer \u201cun Estado Isl\u00e1mico\u201d, hasta llegar a lo que denomin\u00f3 el gu\u00eda fundador: \u201cla supremac\u00eda mundial\u201d a pesar de anunciar ser un movimiento proselitista social.\r\nAdem\u00e1s, las ideas de los Hermanos Musulmanes son los fundamentos ideol\u00f3gicos de grupos violentos actuales y diferentes organizaciones; desde Al Qaeda al EIIL, y sirvieron de apolog\u00eda de varios actos violentos y atentados terroristas, tanto dentro como fuera, de Egipto. Fueron estas mismas ideas las que garantizaron la continuidad de la Secci\u00f3n Especial, despues de los duros golpes asestados por las fuerzas de seguridad en las d\u00e9cadas de los 50 y 60 del siglo XX.\r\nEl anuncio de la Hermandad de la disoluci\u00f3n la Secci\u00f3n Especial, y el cese de sus actividades, no excluye la fascinaci\u00f3n del grupo por la posesi\u00f3n de la fuerza y su uso, pues seg\u00fan su punto de vista, al contrario de todos los dem\u00e1s grupos o partidos, es la \u00fanica que posee la credibilidad, claridad y pureza necesarias para juzgar si es realmente necesario, o no, el uso de la fuerza.\r\nLas actividades de la Secci\u00f3n Especial, se manifiestan en estos momentos de numerosas maneras, dependiendo de las circunstancias internas y externas, o sean en el marco pol\u00edtico, de inteligencia, o relacional por medio de lo que se denomina: \u201cla violencia defensiva\u201d que surgi\u00f3 despues de la deposici\u00f3n del difunto ex presidente Mohamed Morsi. Esta violencia se manifiesta en actos violentos, sabotaje de infraestructuras y atentados contra agentes de policia.<\/p>","protected":false},"excerpt":{"rendered":"<p style=\"text-align: justify;\">Este estudio aborda la problem\u00e1tica de la violencia ejercida por los Hermanos Musulmanes a trav\u00e9s de la Secci\u00f3n Especial, cuya creaci\u00f3n fue supervisada por el primer gu\u00eda general del grupo, lo cual evidencia el arraigo de la violencia y la dependencia en ella para garantizar el cumplimiento de sus objetivos de llegar al poder y establecer \u201cun Estado Isl\u00e1mico\u201d, hasta llegar a lo que denomin\u00f3 el gu\u00eda fundador: \u201cla supremac\u00eda mundial\u201d a pesar de anunciar ser un movimiento proselitista social.\r\nAdem\u00e1s, las ideas de los Hermanos Musulmanes son los fundamentos ideol\u00f3gicos de grupos violentos actuales y diferentes organizaciones; desde Al Qaeda al EIIL, y sirvieron de apolog\u00eda de varios actos violentos y atentados terroristas, tanto dentro como fuera, de Egipto. Fueron estas mismas ideas las que garantizaron la continuidad de la Secci\u00f3n Especial, despues de los duros golpes asestados por las fuerzas de seguridad en las d\u00e9cadas de los 50 y 60 del siglo XX.\r\nEl anuncio de la Hermandad de la disoluci\u00f3n la Secci\u00f3n Especial, y el cese de sus actividades, no excluye la fascinaci\u00f3n del grupo por la posesi\u00f3n de la fuerza y su uso, pues seg\u00fan su punto de vista, al contrario de todos los dem\u00e1s grupos o partidos, es la \u00fanica que posee la credibilidad, claridad y pureza necesarias para juzgar si es realmente necesario, o no, el uso de la fuerza.\r\nLas actividades de la Secci\u00f3n Especial, se manifiestan en estos momentos de numerosas maneras, dependiendo de las circunstancias internas y externas, o sean en el marco pol\u00edtico, de inteligencia, o relacional por medio de lo que se denomina: \u201cla violencia defensiva\u201d que surgi\u00f3 despues de la deposici\u00f3n del difunto ex presidente Mohamed Morsi. Esta violencia se manifiesta en actos violentos, sabotaje de infraestructuras y atentados contra agentes de policia.<\/p>","protected":false},"featured_media":13894,"comment_status":"open","ping_status":"closed","template":"","meta":{"_acf_changed":false},"product_brand":[],"product_cat":[246],"product_tag":[],"class_list":{"0":"post-13858","1":"product","2":"type-product","3":"status-publish","4":"has-post-thumbnail","6":"product_cat-muslim-brotherhood-encyclopedia-es","8":"first","9":"instock","10":"sale","11":"downloadable","12":"sold-individually","13":"taxable","14":"shipping-taxable","15":"purchasable","16":"product-type-simple"},"acf":[],"_links":{"self":[{"href":"https:\/\/trendsresearch.org\/es\/wp-json\/wp\/v2\/product\/13858","targetHints":{"allow":["GET"]}}],"collection":[{"href":"https:\/\/trendsresearch.org\/es\/wp-json\/wp\/v2\/product"}],"about":[{"href":"https:\/\/trendsresearch.org\/es\/wp-json\/wp\/v2\/types\/product"}],"replies":[{"embeddable":true,"href":"https:\/\/trendsresearch.org\/es\/wp-json\/wp\/v2\/comments?post=13858"}],"wp:featuredmedia":[{"embeddable":true,"href":"https:\/\/trendsresearch.org\/es\/wp-json\/wp\/v2\/media\/13894"}],"wp:attachment":[{"href":"https:\/\/trendsresearch.org\/es\/wp-json\/wp\/v2\/media?parent=13858"}],"wp:term":[{"taxonomy":"product_brand","embeddable":true,"href":"https:\/\/trendsresearch.org\/es\/wp-json\/wp\/v2\/product_brand?post=13858"},{"taxonomy":"product_cat","embeddable":true,"href":"https:\/\/trendsresearch.org\/es\/wp-json\/wp\/v2\/product_cat?post=13858"},{"taxonomy":"product_tag","embeddable":true,"href":"https:\/\/trendsresearch.org\/es\/wp-json\/wp\/v2\/product_tag?post=13858"}],"curies":[{"name":"wp","href":"https:\/\/api.w.org\/{rel}","templated":true}]}}