{"id":13860,"date":"2024-03-04T08:29:30","date_gmt":"2024-03-04T04:29:30","guid":{"rendered":"http:\/\/217.165.205.192\/web-2024\/?post_type=product&#038;p=13860"},"modified":"2024-08-14T15:50:34","modified_gmt":"2024-08-14T11:50:34","slug":"la-organizacion-internacional-de-los-hermanos-musulmanes-redes-de-presion-e-influencia-en-el-mundo","status":"publish","type":"product","link":"https:\/\/trendsresearch.org\/es\/publication\/la-organizacion-internacional-de-los-hermanos-musulmanes-redes-de-presion-e-influencia-en-el-mundo\/","title":{"rendered":"La organizaci\u00f3n internacional de los Hermanos Musulmanes Redes de presi\u00f3n e influencia en el mundo"},"content":{"rendered":"<p style=\"text-align: justify;\"><strong>Resumen ejecutivo<\/strong><\/p>\r\n<p style=\"text-align: justify;\">La organizaci\u00f3n internacional es esencial para los Hermanos Musulmanes, no solo porque act\u00faa como el brazo externo del grupo, sino que tambi\u00e9n es una de sus principales fuentes de financiaci\u00f3n, as\u00ed como la forma en que gestiona sus redes financieras y empresariales en el extranjero. Adicionalmente, los diversos medios de comunicaci\u00f3n que gestiona en pa\u00edses europeos le facilitan influir en la opini\u00f3n p\u00fablica internacional, sirviendo a los objetivos y proyectos pol\u00edticos del grupo.<\/p>\r\n<p style=\"text-align: justify;\">La organizaci\u00f3n internacional de los Hermanos Musulmanes no solo tiene ramificaciones en los pa\u00edses \u00e1rabes, musulmanes y occidentales, sino que tambi\u00e9n incluye algunas de las corrientes del islam pol\u00edtico que son compatibles con la visi\u00f3n, el objetivo y el enfoque general, como el grupo \u00a8Da\u2019wa y Reforma\u00a8 en Ir\u00e1n.<\/p>\r\n<p style=\"text-align: justify;\">Las premisas intelectuales y religiosas detr\u00e1s de la creaci\u00f3n de la organizaci\u00f3n internacional &#8211; ya sean las de la \u00abuniversalidad del llamado\u00bb, la \u00abc\u00e1tedra del mundo\u00bb o el \u00abrenacimiento del califato isl\u00e1mico\u00bb &#8211; reflejan una percepci\u00f3n e interpretaci\u00f3n err\u00f3nea de las premisas del islam. \u00c9ste rechaza la idea de la hegemon\u00eda sobre el mundo en nombre de la religi\u00f3n. Al mismo tiempo, la interpretaci\u00f3n de la Hermandad se opone al concepto moderno del Estado nacional que cuida el valor de la ciudadan\u00eda y la preservaci\u00f3n de la soberan\u00eda nacional. En tanto que la ideolog\u00eda de los Hermanos Musulmanes y la filosof\u00eda de su organizaci\u00f3n internacional &#8211; acerca de las fronteras geogr\u00e1ficas &#8211; consideran el mundo entero como base para el Estado Intercontinental de la Hermandad.<\/p>\r\n<p style=\"text-align: justify;\">Si bien la Organizaci\u00f3n Internacional de los Hermanos Musulmanes busca unificar y coordinar posiciones con sus organizaciones subsidiarias, la realidad pr\u00e1ctica indica lo contrario, ya que han surgido muchas diferencias y divisiones dentro de la organizaci\u00f3n. Estas divisiones surgen de las diferencias entre los intereses globales de la organizaci\u00f3n a nivel internacional frente a los intereses de los propios miembros que integran las comunidades locales. Este fue el caso durante la invasi\u00f3n iraqu\u00ed de Kuwait el 2 de agosto de 1990, cuando la organizaci\u00f3n internacional se puso del lado de Irak, lo que luego llev\u00f3 a los Hermanos de Kuwait a retirarse de los Hermanos Musulmanes de Egipto.<\/p>\r\n<p style=\"text-align: justify;\">La estructura de la organizaci\u00f3n internacional de los Hermanos Musulmanes no es muy diferente de la estructura principal de los Hermanos Musulmanes a nivel local. Existe una clara similitud entre ambas unidades organizativas y administrativas, particularmente con respecto a las instituciones centrales de la organizaci\u00f3n, que incluyen: la gu\u00eda general de la Organizaci\u00f3n Internacional, la Oficina de Orientaci\u00f3n General de la Organizaci\u00f3n Internacional y el Consejo Consultivo General de la Organizaci\u00f3n Internacional, que gestiona las funciones de la organizaci\u00f3n internacional del grupo, y coordina sus diversas filiales. Pero, lo que distingue a la Organizaci\u00f3n Internacional de los Hermanos Musulmanes es que hay muchas organizaciones pol\u00edticas, religiosas, medi\u00e1ticas e intelectuales que est\u00e1n afiliadas informalmente. Estas, realizan muchas tareas que sirven a los objetivos del grupo, as\u00ed como al proyecto pol\u00edtico y religioso. Entre ellas la Federaci\u00f3n Mundial de Eruditos Musulmanes y la Uni\u00f3n de Organizaciones Isl\u00e1micas en Europa, a las que no se hace referencia mediante el reglamento sobre organizaci\u00f3n internacional, sino que adoptan las posiciones de la organizaci\u00f3n internacional en muchos temas.<\/p>\r\n<p style=\"text-align: justify;\">Los pa\u00edses del Consejo de Cooperaci\u00f3n del Golfo (CCG) son de gran importancia para la organizaci\u00f3n internacional de los Hermanos Musulmanes, por varias razones, entre ellas la financiaci\u00f3n y la facilidad de la hermandad para operar en las sociedades del Golfo. Esto se debe al control que estas organizaciones ejercen sobre cuestiones como la educaci\u00f3n, instituciones culturales y religiosas y la formaci\u00f3n de la conciencia de los miembros de la sociedad, especialmente a trav\u00e9s del hach, el peregrinaje. La captaci\u00f3n de nuevos j\u00f3venes ocurri\u00f3 principalmente durante las d\u00e9cadas de 1970 y 1980, sin embargo, al comienzo del nuevo milenio la mayor\u00eda de los Estados del Golfo comenzaron a darse cuenta de la amenaza de estas organizaciones de la Hermandad. Y comenzaron a tomar medidas para contrarrestarlas, eliminando sus recursos y reduciendo sus actividades, ya sea prohibiendo sus actividades o clasific\u00e1ndolas como organizaciones terroristas.<\/p>\r\n<p style=\"text-align: justify;\">La Organizaci\u00f3n Internacional de los Hermanos Musulmanes se ha jactado de sus numerosas sucursales en todos los pa\u00edses \u00e1rabes, as\u00ed como de su capacidad de coordinaci\u00f3n entre ellos. Sin embargo, sus continuos intentos de defender el inter\u00e9s del grupo matriz por encima de los intereses de estas filiales, y la falta consideraci\u00f3n a la especificidad de los pa\u00edses en los que se encuentra, han causado una creciente cr\u00edtica sobre como se ha estado gestionando la organizaci\u00f3n internacional, adem\u00e1s de plantear cuestiones como: \u00bfPor qu\u00e9 la posici\u00f3n de gu\u00eda general no est\u00e1 internacionalizada y cu\u00e1l es la raz\u00f3n de limitarla solo a los Hermanos de Egipto? \u00bfPor qu\u00e9 la organizaci\u00f3n internacional no deja de desempe\u00f1ar el papel de guardi\u00e1n sobre las organizaciones subsidiarias de la Hermandad? No solo eso, sino que estas cr\u00edticas m\u00e1s tarde llevaron a la separaci\u00f3n de muchas subsidiarias de la Hermandad del grupo matriz y de la organizaci\u00f3n internacional.<\/p>\r\n<p style=\"text-align: justify;\">La Organizaci\u00f3n Internacional de los Hermanos Musulmanes ha sufrido un estado de vulnerabilidad sin precedentes desde la revoluci\u00f3n del 30 de junio de 2013 en la Rep\u00fablica \u00c1rabe de Egipto, siendo incapaz de controlar otras organizaciones de la Hermandad en muchos pa\u00edses del mundo. Esto, les forz\u00f3 a abandonar los objetivos globales que buscaba, no obstante, la organizaci\u00f3n ha comenzado a adoptar una nueva estrategia, destinada a contener las presiones y limitaciones que enfrenta el grupo, refugi\u00e1ndose en pa\u00edses \u00abseguros\u00bb y asegurando actividades continuas a trav\u00e9s de las cuales defienden al grupo y promueven sus ideas.<\/p>","protected":false},"excerpt":{"rendered":"<p style=\"text-align: justify;\"><strong>Resumen ejecutivo<\/strong><\/p>\r\n<p style=\"text-align: justify;\">La organizaci\u00f3n internacional es esencial para los Hermanos Musulmanes, no solo porque act\u00faa como el brazo externo del grupo, sino que tambi\u00e9n es una de sus principales fuentes de financiaci\u00f3n, as\u00ed como la forma en que gestiona sus redes financieras y empresariales en el extranjero. Adicionalmente, los diversos medios de comunicaci\u00f3n que gestiona en pa\u00edses europeos le facilitan influir en la opini\u00f3n p\u00fablica internacional, sirviendo a los objetivos y proyectos pol\u00edticos del grupo.<\/p>\r\n<p style=\"text-align: justify;\">La organizaci\u00f3n internacional de los Hermanos Musulmanes no solo tiene ramificaciones en los pa\u00edses \u00e1rabes, musulmanes y occidentales, sino que tambi\u00e9n incluye algunas de las corrientes del islam pol\u00edtico que son compatibles con la visi\u00f3n, el objetivo y el enfoque general, como el grupo \u00a8Da\u2019wa y Reforma\u00a8 en Ir\u00e1n.<\/p>\r\n<p style=\"text-align: justify;\">Las premisas intelectuales y religiosas detr\u00e1s de la creaci\u00f3n de la organizaci\u00f3n internacional &#8211; ya sean las de la \u00abuniversalidad del llamado\u00bb, la \u00abc\u00e1tedra del mundo\u00bb o el \u00abrenacimiento del califato isl\u00e1mico\u00bb &#8211; reflejan una percepci\u00f3n e interpretaci\u00f3n err\u00f3nea de las premisas del islam. \u00c9ste rechaza la idea de la hegemon\u00eda sobre el mundo en nombre de la religi\u00f3n. Al mismo tiempo, la interpretaci\u00f3n de la Hermandad se opone al concepto moderno del Estado nacional que cuida el valor de la ciudadan\u00eda y la preservaci\u00f3n de la soberan\u00eda nacional. En tanto que la ideolog\u00eda de los Hermanos Musulmanes y la filosof\u00eda de su organizaci\u00f3n internacional &#8211; acerca de las fronteras geogr\u00e1ficas &#8211; consideran el mundo entero como base para el Estado Intercontinental de la Hermandad.<\/p>\r\n<p style=\"text-align: justify;\">Si bien la Organizaci\u00f3n Internacional de los Hermanos Musulmanes busca unificar y coordinar posiciones con sus organizaciones subsidiarias, la realidad pr\u00e1ctica indica lo contrario, ya que han surgido muchas diferencias y divisiones dentro de la organizaci\u00f3n. Estas divisiones surgen de las diferencias entre los intereses globales de la organizaci\u00f3n a nivel internacional frente a los intereses de los propios miembros que integran las comunidades locales. Este fue el caso durante la invasi\u00f3n iraqu\u00ed de Kuwait el 2 de agosto de 1990, cuando la organizaci\u00f3n internacional se puso del lado de Irak, lo que luego llev\u00f3 a los Hermanos de Kuwait a retirarse de los Hermanos Musulmanes de Egipto.<\/p>\r\n<p style=\"text-align: justify;\">La estructura de la organizaci\u00f3n internacional de los Hermanos Musulmanes no es muy diferente de la estructura principal de los Hermanos Musulmanes a nivel local. Existe una clara similitud entre ambas unidades organizativas y administrativas, particularmente con respecto a las instituciones centrales de la organizaci\u00f3n, que incluyen: la gu\u00eda general de la Organizaci\u00f3n Internacional, la Oficina de Orientaci\u00f3n General de la Organizaci\u00f3n Internacional y el Consejo Consultivo General de la Organizaci\u00f3n Internacional, que gestiona las funciones de la organizaci\u00f3n internacional del grupo, y coordina sus diversas filiales. Pero, lo que distingue a la Organizaci\u00f3n Internacional de los Hermanos Musulmanes es que hay muchas organizaciones pol\u00edticas, religiosas, medi\u00e1ticas e intelectuales que est\u00e1n afiliadas informalmente. Estas, realizan muchas tareas que sirven a los objetivos del grupo, as\u00ed como al proyecto pol\u00edtico y religioso. Entre ellas la Federaci\u00f3n Mundial de Eruditos Musulmanes y la Uni\u00f3n de Organizaciones Isl\u00e1micas en Europa, a las que no se hace referencia mediante el reglamento sobre organizaci\u00f3n internacional, sino que adoptan las posiciones de la organizaci\u00f3n internacional en muchos temas.<\/p>\r\n<p style=\"text-align: justify;\">Los pa\u00edses del Consejo de Cooperaci\u00f3n del Golfo (CCG) son de gran importancia para la organizaci\u00f3n internacional de los Hermanos Musulmanes, por varias razones, entre ellas la financiaci\u00f3n y la facilidad de la hermandad para operar en las sociedades del Golfo. Esto se debe al control que estas organizaciones ejercen sobre cuestiones como la educaci\u00f3n, instituciones culturales y religiosas y la formaci\u00f3n de la conciencia de los miembros de la sociedad, especialmente a trav\u00e9s del hach, el peregrinaje. La captaci\u00f3n de nuevos j\u00f3venes ocurri\u00f3 principalmente durante las d\u00e9cadas de 1970 y 1980, sin embargo, al comienzo del nuevo milenio la mayor\u00eda de los Estados del Golfo comenzaron a darse cuenta de la amenaza de estas organizaciones de la Hermandad. Y comenzaron a tomar medidas para contrarrestarlas, eliminando sus recursos y reduciendo sus actividades, ya sea prohibiendo sus actividades o clasific\u00e1ndolas como organizaciones terroristas.<\/p>\r\n<p style=\"text-align: justify;\">La Organizaci\u00f3n Internacional de los Hermanos Musulmanes se ha jactado de sus numerosas sucursales en todos los pa\u00edses \u00e1rabes, as\u00ed como de su capacidad de coordinaci\u00f3n entre ellos. Sin embargo, sus continuos intentos de defender el inter\u00e9s del grupo matriz por encima de los intereses de estas filiales, y la falta consideraci\u00f3n a la especificidad de los pa\u00edses en los que se encuentra, han causado una creciente cr\u00edtica sobre como se ha estado gestionando la organizaci\u00f3n internacional, adem\u00e1s de plantear cuestiones como: \u00bfPor qu\u00e9 la posici\u00f3n de gu\u00eda general no est\u00e1 internacionalizada y cu\u00e1l es la raz\u00f3n de limitarla solo a los Hermanos de Egipto? \u00bfPor qu\u00e9 la organizaci\u00f3n internacional no deja de desempe\u00f1ar el papel de guardi\u00e1n sobre las organizaciones subsidiarias de la Hermandad? No solo eso, sino que estas cr\u00edticas m\u00e1s tarde llevaron a la separaci\u00f3n de muchas subsidiarias de la Hermandad del grupo matriz y de la organizaci\u00f3n internacional.<\/p>\r\n<p style=\"text-align: justify;\">La Organizaci\u00f3n Internacional de los Hermanos Musulmanes ha sufrido un estado de vulnerabilidad sin precedentes desde la revoluci\u00f3n del 30 de junio de 2013 en la Rep\u00fablica \u00c1rabe de Egipto, siendo incapaz de controlar otras organizaciones de la Hermandad en muchos pa\u00edses del mundo. Esto, les forz\u00f3 a abandonar los objetivos globales que buscaba, no obstante, la organizaci\u00f3n ha comenzado a adoptar una nueva estrategia, destinada a contener las presiones y limitaciones que enfrenta el grupo, refugi\u00e1ndose en pa\u00edses \u00abseguros\u00bb y asegurando actividades continuas a trav\u00e9s de las cuales defienden al grupo y promueven sus ideas.<\/p>","protected":false},"featured_media":13926,"comment_status":"open","ping_status":"closed","template":"","meta":{"_acf_changed":false},"product_brand":[],"product_cat":[246],"product_tag":[],"class_list":{"0":"post-13860","1":"product","2":"type-product","3":"status-publish","4":"has-post-thumbnail","6":"product_cat-muslim-brotherhood-encyclopedia-es","8":"first","9":"instock","10":"sale","11":"downloadable","12":"sold-individually","13":"taxable","14":"shipping-taxable","15":"purchasable","16":"product-type-simple"},"acf":[],"_links":{"self":[{"href":"https:\/\/trendsresearch.org\/es\/wp-json\/wp\/v2\/product\/13860","targetHints":{"allow":["GET"]}}],"collection":[{"href":"https:\/\/trendsresearch.org\/es\/wp-json\/wp\/v2\/product"}],"about":[{"href":"https:\/\/trendsresearch.org\/es\/wp-json\/wp\/v2\/types\/product"}],"replies":[{"embeddable":true,"href":"https:\/\/trendsresearch.org\/es\/wp-json\/wp\/v2\/comments?post=13860"}],"wp:featuredmedia":[{"embeddable":true,"href":"https:\/\/trendsresearch.org\/es\/wp-json\/wp\/v2\/media\/13926"}],"wp:attachment":[{"href":"https:\/\/trendsresearch.org\/es\/wp-json\/wp\/v2\/media?parent=13860"}],"wp:term":[{"taxonomy":"product_brand","embeddable":true,"href":"https:\/\/trendsresearch.org\/es\/wp-json\/wp\/v2\/product_brand?post=13860"},{"taxonomy":"product_cat","embeddable":true,"href":"https:\/\/trendsresearch.org\/es\/wp-json\/wp\/v2\/product_cat?post=13860"},{"taxonomy":"product_tag","embeddable":true,"href":"https:\/\/trendsresearch.org\/es\/wp-json\/wp\/v2\/product_tag?post=13860"}],"curies":[{"name":"wp","href":"https:\/\/api.w.org\/{rel}","templated":true}]}}