{"id":13861,"date":"2024-03-04T08:29:53","date_gmt":"2024-03-04T04:29:53","guid":{"rendered":"http:\/\/217.165.205.192\/web-2024\/?post_type=product&#038;p=13861"},"modified":"2024-08-14T15:50:16","modified_gmt":"2024-08-14T11:50:16","slug":"la-hermandad-musulmana-entre-expansion-y-declive-el-caso-de-egipto","status":"publish","type":"product","link":"https:\/\/trendsresearch.org\/es\/publication\/la-hermandad-musulmana-entre-expansion-y-declive-el-caso-de-egipto\/","title":{"rendered":"La Hermandad Musulmana Entre expansi\u00f3n y declive: el caso de Egipto"},"content":{"rendered":"<p style=\"text-align: justify;\">Pocos a\u00f1os despu\u00e9s de su fundaci\u00f3n en 1928, la Hermandad Musulmana ha conocido una tendencia ascendente en t\u00e9rminos de expansi\u00f3n y desarrollo. En 1932 la Hermandad Musulmana se mud\u00f3 a El Cairo. Poco despu\u00e9s de su establecimiento, en 1936, contaba con 100 sucursales. A finales de la d\u00e9cada de los treinta ya contaba con 400 sucursales. El ritmo de la expansi\u00f3n y la influencia se multiplicaron durante la d\u00e9cada de los cuarenta, ya que el n\u00famero de sucursales ascendi\u00f3 a 2,000 en 1949, y el n\u00famero de miembros pertenecientes al grupo se estimaba entre 300 y 600 mil miembros.\r\n\u2022 Varios factores han ayudado a los Hermanos Musulmanes a expandirse dentro de la sociedad egipcia en sus distintas categor\u00edas y componentes, una de ellas ha sido aprovechar las oportunidades pol\u00edticas ofrecidas por los sucesivos reg\u00edmenes pol\u00edticos que gobernaron Egipto. Otro factor, era la creaci\u00f3n de un sistema administrativo estricto, caracterizado por la centralizaci\u00f3n de toma de decisiones y basado en la lealtad y el secretismo, uniendo ideolog\u00eda y pr\u00e1ctica.\r\n\u2022 La Hermandad hab\u00eda adoptado una ingenier\u00eda social para conquistar las mentes y los corazones de los grupos populares, cosa que les permiti\u00f3 movilizar y reclutar. Para lograr sus objetivos, recurr\u00edan a medios como el llamamiento, la educaci\u00f3n, los medios de comunicaci\u00f3n, los servicios sociales, las instituciones econ\u00f3micas e incluso la violencia.\r\n\u2022 Los Hermanos Musulmanes han sabido manejar a las sociedades civiles al servicio de sus objetivos pol\u00edticos. Hab\u00eda atra\u00eddo a nuevos elementos y lograron la movilizaci\u00f3n de las masas para implicarlas en el proceso electoral en el que el grupo estaba inmerso, a nivel local, parlamentario y presidencial.<\/p>\r\n<p style=\"text-align: justify;\">El grupo hab\u00eda adoptado una pol\u00edtica de proximidad con los habitantes de los barrios residenciales, los centros de trabajo y los mercados, para consolidar las relaciones solidarias y llenar el vac\u00edo dejado por el Estado, hab\u00edan establecido una red de asociaciones caritativas para la educaci\u00f3n, la sanidad y los servicios sociales.\r\n\u2022 En los a\u00f1os setenta, Egipto viv\u00eda importantes transformaciones pol\u00edticas. Cuando el presidente Sadat se reconcili\u00f3 con los Hermanos Musulmanes con el fin de ayudarle a enfrentarse al movimiento pol\u00edtico izquierdista y nasserista. En aquella \u00e9poca los Hermanos Musulmanes necesitaban imperiosamente ampliar su influencia sobre la sociedad tras varios a\u00f1os de censura bajo el gobierno del presidente Gamal Abdel Nasser.\r\n\u2022 Las actividades de los Hermanos Musulmanes se hab\u00edan intensificado durante la \u00e9poca del presidente Sadat en el \u00e1mbito pol\u00edtico y econ\u00f3mico. Empezaron a construir una amplia red de instituciones sociales y caritativas, como, escuelas, proyectos de servicio y caridad, hospitales y cl\u00ednicas.\r\n\u2022 Durante el mandato del presidente Mohamed Hosni Mubarak, la actividad de los Hermanos Musulmanes se hab\u00eda caracterizado por un gran movimiento bajo algunas normas espec\u00edfica, lo que les hab\u00eda permitido tener un alto dominio sobre gran parte de la sociedad. A pesar de ser censurados, hab\u00edan conseguido controlar amplios sectores de la sociedad. Como consecuencia obtuvieron m\u00e1s poder y se convirtieron en la primera fuerza competidora del Partido Nacional Democr\u00e1tico. Las prestaciones sociales que ofrec\u00edan les hab\u00edan permitido influir en la sociedad egipcia.\r\n\u2022 El 30 de junio de 2012, el l\u00edder de los Hermanos Musulmanes, Mohamed Morsi, lleg\u00f3 a la presidencia. Tras las primeras elecciones celebradas en Egipto y la salida del presidente Hosni Mubarak, Morsi se hab\u00eda convertido en el primer presidente despu\u00e9s de la revoluci\u00f3n del 25 de enero de 2011 y en el quinto presidente de Egipto de la era moderna.\r\n\u2022 Durante el gobierno de los Hermanos Musulmanes en Egipto, aumentaron las quejas sobre el faccionalismo y la falta de proyectos de desarrollo. A pesar de las numerosas obras sociales y ben\u00e9ficas que se llevaron a cabo en beneficio de una gran parte de la poblaci\u00f3n, los resultados no sirvieron para mejorar la actuaci\u00f3n del gobierno del Partido de la Libertad y la Justicia ni para llevar\r\na cabo un proceso nacional de racionalizaci\u00f3n de los recursos humanos y materiales. Los partidos de la oposici\u00f3n los acusaban de querer traicionar al Estado y al resto de la sociedad, y de querer acceder con entusiasmo a los\r\npuestos m\u00e1s sensibles del Estado.\r\n\u2022 La oposici\u00f3n popular al gobierno de Morsi se hab\u00eda intensificado, ante la falta de visi\u00f3n y experiencia de \u00e9ste para gobernar el pa\u00eds y por no entender ni respetar las libertades individuales y la diversidad en la sociedad. El 20 de junio de 2013, justo un a\u00f1o despu\u00e9s de que Morsi llegara al poder, el pa\u00eds vivi\u00f3 protestas a gran escala que terminaron con la intervenci\u00f3n del ej\u00e9rcito y la destituci\u00f3n del presidente.\r\n\u2022 El deterioro de la popularidad de los Hermanos Musulmanes est\u00e1 vinculado a una serie de variables, algunas de ellas relacionadas con el entorno social de la incubaci\u00f3n del grupo, otras con el desarrollo pol\u00edtico acelerado que caracteriz\u00f3 aquella \u00e9poca y tambi\u00e9n con la evoluci\u00f3n del sistema de valores del pueblo \u00e1rabe.<\/p>","protected":false},"excerpt":{"rendered":"<p style=\"text-align: justify;\">Pocos a\u00f1os despu\u00e9s de su fundaci\u00f3n en 1928, la Hermandad Musulmana ha conocido una tendencia ascendente en t\u00e9rminos de expansi\u00f3n y desarrollo. En 1932 la Hermandad Musulmana se mud\u00f3 a El Cairo. Poco despu\u00e9s de su establecimiento, en 1936, contaba con 100 sucursales. A finales de la d\u00e9cada de los treinta ya contaba con 400 sucursales. El ritmo de la expansi\u00f3n y la influencia se multiplicaron durante la d\u00e9cada de los cuarenta, ya que el n\u00famero de sucursales ascendi\u00f3 a 2,000 en 1949, y el n\u00famero de miembros pertenecientes al grupo se estimaba entre 300 y 600 mil miembros.\r\n\u2022 Varios factores han ayudado a los Hermanos Musulmanes a expandirse dentro de la sociedad egipcia en sus distintas categor\u00edas y componentes, una de ellas ha sido aprovechar las oportunidades pol\u00edticas ofrecidas por los sucesivos reg\u00edmenes pol\u00edticos que gobernaron Egipto. Otro factor, era la creaci\u00f3n de un sistema administrativo estricto, caracterizado por la centralizaci\u00f3n de toma de decisiones y basado en la lealtad y el secretismo, uniendo ideolog\u00eda y pr\u00e1ctica.\r\n\u2022 La Hermandad hab\u00eda adoptado una ingenier\u00eda social para conquistar las mentes y los corazones de los grupos populares, cosa que les permiti\u00f3 movilizar y reclutar. Para lograr sus objetivos, recurr\u00edan a medios como el llamamiento, la educaci\u00f3n, los medios de comunicaci\u00f3n, los servicios sociales, las instituciones econ\u00f3micas e incluso la violencia.\r\n\u2022 Los Hermanos Musulmanes han sabido manejar a las sociedades civiles al servicio de sus objetivos pol\u00edticos. Hab\u00eda atra\u00eddo a nuevos elementos y lograron la movilizaci\u00f3n de las masas para implicarlas en el proceso electoral en el que el grupo estaba inmerso, a nivel local, parlamentario y presidencial.<\/p>\r\n<p style=\"text-align: justify;\">El grupo hab\u00eda adoptado una pol\u00edtica de proximidad con los habitantes de los barrios residenciales, los centros de trabajo y los mercados, para consolidar las relaciones solidarias y llenar el vac\u00edo dejado por el Estado, hab\u00edan establecido una red de asociaciones caritativas para la educaci\u00f3n, la sanidad y los servicios sociales.\r\n\u2022 En los a\u00f1os setenta, Egipto viv\u00eda importantes transformaciones pol\u00edticas. Cuando el presidente Sadat se reconcili\u00f3 con los Hermanos Musulmanes con el fin de ayudarle a enfrentarse al movimiento pol\u00edtico izquierdista y nasserista. En aquella \u00e9poca los Hermanos Musulmanes necesitaban imperiosamente ampliar su influencia sobre la sociedad tras varios a\u00f1os de censura bajo el gobierno del presidente Gamal Abdel Nasser.\r\n\u2022 Las actividades de los Hermanos Musulmanes se hab\u00edan intensificado durante la \u00e9poca del presidente Sadat en el \u00e1mbito pol\u00edtico y econ\u00f3mico. Empezaron a construir una amplia red de instituciones sociales y caritativas, como, escuelas, proyectos de servicio y caridad, hospitales y cl\u00ednicas.\r\n\u2022 Durante el mandato del presidente Mohamed Hosni Mubarak, la actividad de los Hermanos Musulmanes se hab\u00eda caracterizado por un gran movimiento bajo algunas normas espec\u00edfica, lo que les hab\u00eda permitido tener un alto dominio sobre gran parte de la sociedad. A pesar de ser censurados, hab\u00edan conseguido controlar amplios sectores de la sociedad. Como consecuencia obtuvieron m\u00e1s poder y se convirtieron en la primera fuerza competidora del Partido Nacional Democr\u00e1tico. Las prestaciones sociales que ofrec\u00edan les hab\u00edan permitido influir en la sociedad egipcia.\r\n\u2022 El 30 de junio de 2012, el l\u00edder de los Hermanos Musulmanes, Mohamed Morsi, lleg\u00f3 a la presidencia. Tras las primeras elecciones celebradas en Egipto y la salida del presidente Hosni Mubarak, Morsi se hab\u00eda convertido en el primer presidente despu\u00e9s de la revoluci\u00f3n del 25 de enero de 2011 y en el quinto presidente de Egipto de la era moderna.\r\n\u2022 Durante el gobierno de los Hermanos Musulmanes en Egipto, aumentaron las quejas sobre el faccionalismo y la falta de proyectos de desarrollo. A pesar de las numerosas obras sociales y ben\u00e9ficas que se llevaron a cabo en beneficio de una gran parte de la poblaci\u00f3n, los resultados no sirvieron para mejorar la actuaci\u00f3n del gobierno del Partido de la Libertad y la Justicia ni para llevar\r\na cabo un proceso nacional de racionalizaci\u00f3n de los recursos humanos y materiales. Los partidos de la oposici\u00f3n los acusaban de querer traicionar al Estado y al resto de la sociedad, y de querer acceder con entusiasmo a los\r\npuestos m\u00e1s sensibles del Estado.\r\n\u2022 La oposici\u00f3n popular al gobierno de Morsi se hab\u00eda intensificado, ante la falta de visi\u00f3n y experiencia de \u00e9ste para gobernar el pa\u00eds y por no entender ni respetar las libertades individuales y la diversidad en la sociedad. El 20 de junio de 2013, justo un a\u00f1o despu\u00e9s de que Morsi llegara al poder, el pa\u00eds vivi\u00f3 protestas a gran escala que terminaron con la intervenci\u00f3n del ej\u00e9rcito y la destituci\u00f3n del presidente.\r\n\u2022 El deterioro de la popularidad de los Hermanos Musulmanes est\u00e1 vinculado a una serie de variables, algunas de ellas relacionadas con el entorno social de la incubaci\u00f3n del grupo, otras con el desarrollo pol\u00edtico acelerado que caracteriz\u00f3 aquella \u00e9poca y tambi\u00e9n con la evoluci\u00f3n del sistema de valores del pueblo \u00e1rabe.<\/p>","protected":false},"featured_media":13942,"comment_status":"open","ping_status":"closed","template":"","meta":{"_acf_changed":false},"product_brand":[],"product_cat":[246],"product_tag":[],"class_list":{"0":"post-13861","1":"product","2":"type-product","3":"status-publish","4":"has-post-thumbnail","6":"product_cat-muslim-brotherhood-encyclopedia-es","8":"first","9":"instock","10":"sale","11":"downloadable","12":"taxable","13":"shipping-taxable","14":"purchasable","15":"product-type-simple"},"acf":[],"_links":{"self":[{"href":"https:\/\/trendsresearch.org\/es\/wp-json\/wp\/v2\/product\/13861","targetHints":{"allow":["GET"]}}],"collection":[{"href":"https:\/\/trendsresearch.org\/es\/wp-json\/wp\/v2\/product"}],"about":[{"href":"https:\/\/trendsresearch.org\/es\/wp-json\/wp\/v2\/types\/product"}],"replies":[{"embeddable":true,"href":"https:\/\/trendsresearch.org\/es\/wp-json\/wp\/v2\/comments?post=13861"}],"wp:featuredmedia":[{"embeddable":true,"href":"https:\/\/trendsresearch.org\/es\/wp-json\/wp\/v2\/media\/13942"}],"wp:attachment":[{"href":"https:\/\/trendsresearch.org\/es\/wp-json\/wp\/v2\/media?parent=13861"}],"wp:term":[{"taxonomy":"product_brand","embeddable":true,"href":"https:\/\/trendsresearch.org\/es\/wp-json\/wp\/v2\/product_brand?post=13861"},{"taxonomy":"product_cat","embeddable":true,"href":"https:\/\/trendsresearch.org\/es\/wp-json\/wp\/v2\/product_cat?post=13861"},{"taxonomy":"product_tag","embeddable":true,"href":"https:\/\/trendsresearch.org\/es\/wp-json\/wp\/v2\/product_tag?post=13861"}],"curies":[{"name":"wp","href":"https:\/\/api.w.org\/{rel}","templated":true}]}}