{"id":105392,"date":"2024-03-04T08:37:37","date_gmt":"2024-03-04T04:37:37","guid":{"rendered":"https:\/\/trendsresearch.org\/?post_type=product&#038;p=105392"},"modified":"2025-09-16T08:38:53","modified_gmt":"2025-09-16T04:38:53","slug":"la-notion-detat-chez-les-freres-musulmans","status":"publish","type":"product","link":"https:\/\/trendsresearch.org\/fr\/publication\/la-notion-detat-chez-les-freres-musulmans\/","title":{"rendered":"La notion d\u2019\u00c9tat chez les Fr\u00e8res musulmans"},"content":{"rendered":"<p class=\"p1\" style=\"text-align: justify;\">Les biblioth\u00e8ques arabes et internationales regorgent d\u2019ouvrages sur les Fr\u00e8res musulmans. Certains de ces \u00e9crits sont r\u00e9dig\u00e9s par les dirigeants des FM eux-m\u00eames, relatant leur exp\u00e9rience et leurs convictions, certains \u00e9tant plus proches de l\u2019autobiographie, comme l\u2019ouvrage de Mahmoud Abdelhalim : <i>Les Fr\u00e8res musulmans : des \u00e9v\u00e9nements qui ont fait l\u2019histoire<\/i>. Il y a \u00e9galement des \u00e9crits d\u2019universitaires qui ont analys\u00e9 leurs discours \u00e0 diff\u00e9rentes \u00e9tapes historiques, depuis 1928. Ils ont \u00e9tudi\u00e9 les discours et les activit\u00e9s des FM dans des contextes historiques et politiques pr\u00e9cis, comme le livre de Richard Mitchell : <i>Les Fr\u00e8res musulmans<\/i>, qui traite \u00e0 la fois de la confr\u00e9rie et de l\u2019histoire politique de l\u2019\u00c9gypte. En outre, il existe des \u00e9crits d\u2019\u00e9rudits arabes qui se sont pench\u00e9s sur la pens\u00e9e des FM, en d\u00e9cryptant les subtilit\u00e9s et les complexit\u00e9s de cette id\u00e9ologie.<\/p>\r\n<p class=\"p1\" style=\"text-align: justify;\">Ces \u00e9crits vari\u00e9s constituent une pierre angulaire pour comprendre le projet des FM, car ils explorent leur litt\u00e9rature, leurs documents, ainsi que leurs orientations intellectuelles et activistes. Parmi ces travaux, ce livre : <i>La notion d\u2019\u00c9tat chez les Fr\u00e8res musulmans<\/i>, se distingue par son importance. Il confronte le discours des FM et montre les dangers de leur projet id\u00e9ologique, tout en utilisant des outils scientifiques d\u2019observation et d\u2019analyse. Il vise \u00e0 d\u00e9crypter leur position sur des questions centrales, essentielles pour le progr\u00e8s des mondes arabe et islamique, telles que la conception de l\u2019\u00c9tat, la souverainet\u00e9 nationale, les questions de citoyennet\u00e9 et la constitution.<\/p>\r\n<p class=\"p1\" style=\"text-align: justify;\">En fait, les cinq chapitres de ce livre se distinguent par leur choix d\u2019examiner les textes fondateurs de la confr\u00e9rie, que ce soit sur la conception de l\u2019\u00c9tat, comme c\u2019est le cas du premier chapitre qui analyse m\u00e9thodiquement les \u00e9crits originaux des FM ; ou sur d\u2019autres questions tout aussi importantes, notamment la divergence entre le contenu du projet de la confr\u00e9rie et les valeurs de l\u2019islam ainsi que ses objectifs en mati\u00e8re de gouvernance. En effet, sur de nombreux aspects, une opposition nette existe entre les deux, alors m\u00eame que les FM se revendiquent comme un groupe \u00ab islamique \u00bb.<\/p>","protected":false},"excerpt":{"rendered":"Les biblioth\u00e8ques arabes et internationales regorgent d\u2019ouvrages sur les Fr\u00e8res musulmans. Certains de ces \u00e9crits sont r\u00e9dig\u00e9s par les dirigeants des FM eux-m\u00eames, relatant leur exp\u00e9rience et leurs convictions, certains \u00e9tant plus proches de l\u2019autobiographie, comme l\u2019ouvrage de Mahmoud Abdelhalim : Les Fr\u00e8res musulmans : des \u00e9v\u00e9nements qui ont fait l\u2019histoire. Il y a \u00e9galement [&hellip;]","protected":false},"featured_media":105393,"comment_status":"open","ping_status":"closed","template":"","meta":{"_acf_changed":false},"product_brand":[],"product_cat":[235],"product_tag":[],"class_list":{"0":"post-105392","1":"product","2":"type-product","3":"status-publish","4":"has-post-thumbnail","6":"product_cat-muslim-brotherhood-encyclopedia-fr","8":"first","9":"instock","10":"sale","11":"downloadable","12":"taxable","13":"shipping-taxable","14":"purchasable","15":"product-type-simple"},"acf":[],"_links":{"self":[{"href":"https:\/\/trendsresearch.org\/fr\/wp-json\/wp\/v2\/product\/105392","targetHints":{"allow":["GET"]}}],"collection":[{"href":"https:\/\/trendsresearch.org\/fr\/wp-json\/wp\/v2\/product"}],"about":[{"href":"https:\/\/trendsresearch.org\/fr\/wp-json\/wp\/v2\/types\/product"}],"replies":[{"embeddable":true,"href":"https:\/\/trendsresearch.org\/fr\/wp-json\/wp\/v2\/comments?post=105392"}],"wp:featuredmedia":[{"embeddable":true,"href":"https:\/\/trendsresearch.org\/fr\/wp-json\/wp\/v2\/media\/105393"}],"wp:attachment":[{"href":"https:\/\/trendsresearch.org\/fr\/wp-json\/wp\/v2\/media?parent=105392"}],"wp:term":[{"taxonomy":"product_brand","embeddable":true,"href":"https:\/\/trendsresearch.org\/fr\/wp-json\/wp\/v2\/product_brand?post=105392"},{"taxonomy":"product_cat","embeddable":true,"href":"https:\/\/trendsresearch.org\/fr\/wp-json\/wp\/v2\/product_cat?post=105392"},{"taxonomy":"product_tag","embeddable":true,"href":"https:\/\/trendsresearch.org\/fr\/wp-json\/wp\/v2\/product_tag?post=105392"}],"curies":[{"name":"wp","href":"https:\/\/api.w.org\/{rel}","templated":true}]}}