{"id":130260,"date":"2024-09-21T11:03:37","date_gmt":"2024-09-21T07:03:37","guid":{"rendered":"https:\/\/trendsresearch.org\/?post_type=product&#038;p=130260"},"modified":"2026-02-20T18:19:04","modified_gmt":"2026-02-20T14:19:04","slug":"freres-musulmans-et-regimes-en-egypte-de-la-monarchie-a-2021","status":"publish","type":"product","link":"https:\/\/trendsresearch.org\/fr\/publication\/freres-musulmans-et-regimes-en-egypte-de-la-monarchie-a-2021\/","title":{"rendered":"Fr\u00e8res musulmans et r\u00e9gimes en \u00c9gypte : de la monarchie \u00e0 2021"},"content":{"rendered":"<p class=\"p1\" style=\"text-align: justify;\">L\u2019.tude de la nature et de la trajectoire des Fr.res musulmans (FM), ainsi\u00a0que de l\u2019Islam politique en g.n.ral, va au-del. d\u2019une simple analyse historique.\u00a0Elle s\u2019.tend . des perspectives futures. Pour comprendre cette dynamique,\u00a0il est essentiel de revisiter les p.riodes de prosp.rit. et de d.clin de la\u00a0Confr.rie, une organisation qui . plie sous la temp.te . tout en saisissant les\u00a0opportunit.s pour se redresser dans le tumulte. Sa r.cente dispersion, apr.s\u00a0une exp.rience infructueuse au pouvoir, lui donne l\u2019occasion de se reconstituer,\u00a0ind.pendamment de son histoire marqu.e par des succ.s et des .checs depuis\u00a0sa fondation en 1928.<\/p>\r\n<p class=\"p1\" style=\"text-align: justify;\">La mosqu.e . Mohamed Fadel Pacha . au Caire, o. Hassan Al-Banna, le fondateur de la Confr.rie (assassin. en 1949), avait l\u2019habitude de prier, ainsi que le s.minaire du . mardi . organis. au si.ge de la Confr.rie dans le quartier de Helmeya, servaient d\u2019attrait pour les .tudiants arabes .tudiant . Al-Azhar\u00a0ou . l\u2019universit.. Ces .tudiants fondaient ensuite des branches de la Confr.rie\u00a0dans leurs pays d\u2019origine, . partir de la confr.rie m.re en .gypte. Cet .pisode\u00a0est mentionn. dans l\u2019histoire du fondateur de la branche des FM en Irak, qui\u00a0souligne que tous les fondateurs des branches ont v.cu la m.me exp.rience lors de\u00a0leurs .tudes . Al-Azhar en 1939. Lors de ce s.minaire, Mohamed Mahmoud Al-Sawaf (d.c.d. en 1992) s\u2019.tait distingu. en d.clarant avec enthousiasme, devant\u00a0Hassan Al-Banna : . L\u2019Irak sera, par la volont. de Dieu, un bastion fort pour le\u00a0message de la Confr.rie. Depuis sa cr.ation, la confr.rie principale est dirig.e\u00a0par le guide supr.me, tandis que les autres branches le sont par des superviseurs,\u00a0car l\u2019organisation est unique et ne reconna.t pas les fronti.res nationales. Chacun\u00a0des superviseurs choisis par Al-Banna a une histoire qui lui est propre.<\/p>\r\n<p class=\"p1\" style=\"text-align: justify;\">Le Centre . TRENDS Research &amp; Advisory . d\u2019Abu Dhabi a publi. sa\u00a0huiti.me .tude dans le cadre de l\u2019Encyclop.die des Fr.res musulmans, intitul.e\u00a0Les relations entre les Fr.res musulmans et les r.gimes en .gypte : De la monarchie.\u00a0l\u2019ann.e 2021. Cet ouvrage couvre trois p.riodes distinctes de l\u2019histoire des FM en\u00a0.gypte. . certains moments, les FM ont servi d\u2019instrument de r.pression pour le\u00a0r.gime en place, tandis qu\u2019. d\u2019autres, ils en ont .t. les victimes.<\/p>\r\n<p class=\"p1\" style=\"text-align: justify;\">Ce livre r.v.le comment les FM ont instrumentalis. la religion pour atteindre leurs objectifs et g.rer leurs relations avec l\u2019.tat. L\u2019ouvrage met en lumi.re cette strat.gie en d.crivant, depuis l\u2019.poque de la royaut., l\u2019implantation des Fr.res, leur essor, ainsi que leurs affrontements, marqu.s par des assassinats et des mouvements de foule orchestr.s par divers politiciens. Sous le r.gime de Nasser, l\u2019harmonisation avec la R.volution du 23 juillet 1952 s\u2019impose, suivie d\u2019une\u00a0nouvelle p.riode de confrontation. Les FM retrouvent ensuite la faveur sous\u00a0Sadate (assassin. en 1981), qui les utilisait comme une arme contre ses opposants.\u00a0Une fois leur mission accomplie, ils retombent dans la confrontation avec le\u00a0pouvoir. . l\u2019.poque de Moubarak, ils alternent entre phases d\u2019ascension et de\u00a0d.clin jusqu\u2019. obtenir leur . printemps arabe ., ce qui leur permet de se pr.senter\u00a0aux yeux des Am.ricains et de l\u2019Occident comme les repr.sentants de . l\u2019Islam\u00a0mod.r. .. Ils soutiennent .tre les seuls capables de mener . bien la guerre contre\u00a0l\u2019extr.misme, bien que tous les extr.mistes soient issus de leurs rangs.<\/p>","protected":false},"excerpt":{"rendered":"L\u2019.tude de la nature et de la trajectoire des Fr.res musulmans (FM), ainsi\u00a0que de l\u2019Islam politique en g.n.ral, va au-del. d\u2019une simple analyse historique.\u00a0Elle s\u2019.tend . des perspectives futures. Pour comprendre cette dynamique,\u00a0il est essentiel de revisiter les p.riodes de prosp.rit. et de d.clin de la\u00a0Confr.rie, une organisation qui . plie sous la temp.te . [&hellip;]","protected":false},"featured_media":130261,"comment_status":"closed","ping_status":"closed","template":"","meta":{"_acf_changed":false},"product_brand":[],"product_cat":[235],"product_tag":[],"class_list":{"0":"post-130260","1":"product","2":"type-product","3":"status-publish","4":"has-post-thumbnail","6":"product_cat-muslim-brotherhood-encyclopedia-fr","8":"first","9":"instock","10":"sale","11":"downloadable","12":"taxable","13":"shipping-taxable","14":"purchasable","15":"product-type-simple"},"acf":[],"_links":{"self":[{"href":"https:\/\/trendsresearch.org\/fr\/wp-json\/wp\/v2\/product\/130260","targetHints":{"allow":["GET"]}}],"collection":[{"href":"https:\/\/trendsresearch.org\/fr\/wp-json\/wp\/v2\/product"}],"about":[{"href":"https:\/\/trendsresearch.org\/fr\/wp-json\/wp\/v2\/types\/product"}],"replies":[{"embeddable":true,"href":"https:\/\/trendsresearch.org\/fr\/wp-json\/wp\/v2\/comments?post=130260"}],"wp:featuredmedia":[{"embeddable":true,"href":"https:\/\/trendsresearch.org\/fr\/wp-json\/wp\/v2\/media\/130261"}],"wp:attachment":[{"href":"https:\/\/trendsresearch.org\/fr\/wp-json\/wp\/v2\/media?parent=130260"}],"wp:term":[{"taxonomy":"product_brand","embeddable":true,"href":"https:\/\/trendsresearch.org\/fr\/wp-json\/wp\/v2\/product_brand?post=130260"},{"taxonomy":"product_cat","embeddable":true,"href":"https:\/\/trendsresearch.org\/fr\/wp-json\/wp\/v2\/product_cat?post=130260"},{"taxonomy":"product_tag","embeddable":true,"href":"https:\/\/trendsresearch.org\/fr\/wp-json\/wp\/v2\/product_tag?post=130260"}],"curies":[{"name":"wp","href":"https:\/\/api.w.org\/{rel}","templated":true}]}}