{"id":13367,"date":"2024-03-04T08:28:56","date_gmt":"2024-03-04T04:28:56","guid":{"rendered":"http:\/\/217.165.205.192\/web-2024\/?post_type=product&#038;p=13367"},"modified":"2024-08-14T14:26:30","modified_gmt":"2024-08-14T10:26:30","slug":"organisation-des-freres-musulmans-origine-et-fondation","status":"publish","type":"product","link":"https:\/\/trendsresearch.org\/fr\/publication\/organisation-des-freres-musulmans-origine-et-fondation\/","title":{"rendered":"Organisation des Fr\u00e8res Musulmans Origine et fondation"},"content":{"rendered":"<p style=\"text-align: justify;\">Les Fr\u00e8res musulmans sont un ph\u00e9nom\u00e8ne digne de recherche et d&rsquo;\u00e9tude, compte tenu son \u00e9tendue g\u00e9ographique et de la profondeur de son influence sociale et politique non seulement dans la r\u00e9gion arabe et islamique, mais dans le monde entier. Dans ce contexte, une vision analytique des circonstances historiques de l&rsquo;\u00e9mergence du groupe en \u00c9gypte constitue une des cl\u00e9s essentielles pour comprendre les facteurs r\u00e9gissant l&rsquo;encadrement de ses adeptes, la formulation de sa vision id\u00e9ologique et ses outils de changement.<\/p>\r\n<p style=\"text-align: justify;\">\u00c0 cet \u00e9gard, l&rsquo;\u00e9tude de l&rsquo;environnement social et \u00e9conomique de la cr\u00e9ation de la confr\u00e9rie rev\u00eat une priorit\u00e9 particuli\u00e8re, car elle permet de se faire une id\u00e9e des conditions g\u00e9n\u00e9rales pr\u00e9valant en \u00c9gypte \u00e0 l&rsquo;\u00e9poque, avec leurs diff\u00e9rentes dimensions et leurs variables aux niveaux multiples, afin de tenter d&rsquo;identifier les racines du pass\u00e9 r\u00e9cent et ses effets sur le cours des \u00e9v\u00e9nements, ainsi que les justifications qui ont conduit \u00e0 l&rsquo;\u00e9mergence des Fr\u00e8res musulmans.<\/p>\r\n<p style=\"text-align: justify;\">Les origines intellectuelles des Fr\u00e8res musulmans s&rsquo;imposent \u00e9galement \u00e0 l&rsquo;\u00e9tude. Elles sont incarn\u00e9es par l&rsquo;orthodoxie sunnite, la pens\u00e9e Kharijite et des r\u00e9f\u00e9rences r\u00e9centes qui s\u2019appuient essentiellement sur la pens\u00e9e des pionniers de la Renaissance islamique, tels que Jamal al-Din al-Afghani, Muhammad Abduh et Muhammad Rachid Rida, sans perdre de vue le r\u00f4le d&rsquo;Al-Mawdudi comme l\u2019\u00e9crivain contemporain le plus influent dans l\u2019\u00e9laboration du syst\u00e8me d\u2019id\u00e9es de la confr\u00e9rie.<\/p>\r\n<p style=\"text-align: justify;\">L&rsquo;\u00e9tude traite \u00e9galement des th\u00e8ses des Fr\u00e8res musulmans, en particulier celles de son fondateur Hassan Al-Banna et de Sayyed Qutb, et le r\u00f4le de ces derniers dans le glissement des Fr\u00e8res vers la violence arm\u00e9e dont ils ont fait une composante structurelle de leur discours, afin que nous puissions examiner les cadres intellectuels et les approches th\u00e9oriques relatifs \u00e0 l&rsquo;id\u00e9ologie des Fr\u00e8res musulmans en termes d&rsquo;action et de connaissance.<\/p>\r\n<p style=\"text-align: justify;\">Nous passerons enfin en revue les pr\u00e9misses intellectuelles de la confr\u00e9rie en examinant les fondements les plus importants de sa pens\u00e9e, ainsi que ses concepts de base et sa terminologie qui, quoique vague et embrum\u00e9e, se revendique de l&rsquo;environnement juridique islamique et de sa jurisprudence.<\/p>","protected":false},"excerpt":{"rendered":"<p style=\"text-align: justify;\">Les Fr\u00e8res musulmans sont un ph\u00e9nom\u00e8ne digne de recherche et d&rsquo;\u00e9tude, compte tenu son \u00e9tendue g\u00e9ographique et de la profondeur de son influence sociale et politique non seulement dans la r\u00e9gion arabe et islamique, mais dans le monde entier. Dans ce contexte, une vision analytique des circonstances historiques de l&rsquo;\u00e9mergence du groupe en \u00c9gypte constitue une des cl\u00e9s essentielles pour comprendre les facteurs r\u00e9gissant l&rsquo;encadrement de ses adeptes, la formulation de sa vision id\u00e9ologique et ses outils de changement.<\/p>\r\n<p style=\"text-align: justify;\">\u00c0 cet \u00e9gard, l&rsquo;\u00e9tude de l&rsquo;environnement social et \u00e9conomique de la cr\u00e9ation de la confr\u00e9rie rev\u00eat une priorit\u00e9 particuli\u00e8re, car elle permet de se faire une id\u00e9e des conditions g\u00e9n\u00e9rales pr\u00e9valant en \u00c9gypte \u00e0 l&rsquo;\u00e9poque, avec leurs diff\u00e9rentes dimensions et leurs variables aux niveaux multiples, afin de tenter d&rsquo;identifier les racines du pass\u00e9 r\u00e9cent et ses effets sur le cours des \u00e9v\u00e9nements, ainsi que les justifications qui ont conduit \u00e0 l&rsquo;\u00e9mergence des Fr\u00e8res musulmans.<\/p>","protected":false},"featured_media":13372,"comment_status":"open","ping_status":"closed","template":"","meta":{"_acf_changed":false},"product_brand":[],"product_cat":[235],"product_tag":[],"class_list":{"0":"post-13367","1":"product","2":"type-product","3":"status-publish","4":"has-post-thumbnail","6":"product_cat-muslim-brotherhood-encyclopedia-fr","8":"first","9":"instock","10":"sale","11":"downloadable","12":"sold-individually","13":"taxable","14":"shipping-taxable","15":"purchasable","16":"product-type-simple"},"acf":[],"_links":{"self":[{"href":"https:\/\/trendsresearch.org\/fr\/wp-json\/wp\/v2\/product\/13367","targetHints":{"allow":["GET"]}}],"collection":[{"href":"https:\/\/trendsresearch.org\/fr\/wp-json\/wp\/v2\/product"}],"about":[{"href":"https:\/\/trendsresearch.org\/fr\/wp-json\/wp\/v2\/types\/product"}],"replies":[{"embeddable":true,"href":"https:\/\/trendsresearch.org\/fr\/wp-json\/wp\/v2\/comments?post=13367"}],"wp:featuredmedia":[{"embeddable":true,"href":"https:\/\/trendsresearch.org\/fr\/wp-json\/wp\/v2\/media\/13372"}],"wp:attachment":[{"href":"https:\/\/trendsresearch.org\/fr\/wp-json\/wp\/v2\/media?parent=13367"}],"wp:term":[{"taxonomy":"product_brand","embeddable":true,"href":"https:\/\/trendsresearch.org\/fr\/wp-json\/wp\/v2\/product_brand?post=13367"},{"taxonomy":"product_cat","embeddable":true,"href":"https:\/\/trendsresearch.org\/fr\/wp-json\/wp\/v2\/product_cat?post=13367"},{"taxonomy":"product_tag","embeddable":true,"href":"https:\/\/trendsresearch.org\/fr\/wp-json\/wp\/v2\/product_tag?post=13367"}],"curies":[{"name":"wp","href":"https:\/\/api.w.org\/{rel}","templated":true}]}}