{"id":13369,"date":"2024-03-04T08:29:00","date_gmt":"2024-03-04T04:29:00","guid":{"rendered":"http:\/\/217.165.205.192\/web-2024\/?post_type=product&#038;p=13369"},"modified":"2024-08-14T14:24:57","modified_gmt":"2024-08-14T10:24:57","slug":"organisation-speciale-des-freres-musulmans-origine-objectifs-et-evolution","status":"publish","type":"product","link":"https:\/\/trendsresearch.org\/fr\/publication\/organisation-speciale-des-freres-musulmans-origine-objectifs-et-evolution\/","title":{"rendered":"Organisation Sp\u00e9ciale des Fr\u00e8res musulmans Origine, Objectifs et \u00c9volution"},"content":{"rendered":"<p style=\"text-align: justify;\">Cette \u00e9tude aborde la probl\u00e9matique de la violence chez les Fr\u00e8res musulmans, notamment \u00e0 travers l&rsquo;organisation sp\u00e9ciale qui a vu le jour sous la supervision du premier guide de la Confr\u00e9rie. Une telle organisation est en fait la preuve de la consolidation et de l&rsquo;institutionnalisation de la violence par la Confr\u00e9rie qui, ce faisant, vise \u00e0 r\u00e9aliser ses objectifs en acc\u00e9dant au pouvoir et en \u00e9tablissant un \u00ab \u00c9tat islamique \u00bb, le but ultime \u00e9tant de parvenir \u00e0 ce que le guide fondateur a qualifi\u00e9 de \u00ab pr\u00e9\u00e9minence mondiale \u00bb, bien qu&rsquo;elle pr\u00e9tende \u00eatre un simple mouvement social et de pr\u00e9dication.\r\nLes id\u00e9es des Fr\u00e8res musulmans sont le point de d\u00e9part intellectuel des groupes violents contemporains avec leurs divers modes d&rsquo;organisation, y compris Al-Qa\u00efda et \u00ab l&rsquo;Organisation de l&rsquo;\u00c9tat Islamique \/ Daesh \u00bb. Ces id\u00e9es ont servi \u00e0 justifier les actes de violence et les attentats terroristes perp\u00e9tr\u00e9s tant \u00e0 l&rsquo;int\u00e9rieur qu\u2019\u00e0 l&rsquo;ext\u00e9rieur de l&rsquo;\u00c9gypte. Ce sont ces m\u00eames id\u00e9es qui ont permis d&rsquo;assurer la continuit\u00e9 de l&rsquo;appareil sp\u00e9cial apr\u00e8s ses revers s\u00e9curitaires en \u00c9gypte durant les ann\u00e9es cinquante et soixante du si\u00e8cle dernier.\r\nL\u2019annonce par la Confr\u00e9rie de la dissolution de l&rsquo;appareil sp\u00e9cial et de la cessation de ses activit\u00e9s n&rsquo;est pas antinomique avec le fait qu\u2019elle soit toujours attir\u00e9e par l\u2019usage de la force. De leur point de vue, les Fr\u00e8res poss\u00e8dent la cr\u00e9dibilit\u00e9, la distinction et la puret\u00e9 qui manquent aux autres groupes ou partis. Ils ne con\u00e7oivent de recourir \u00e0 la force toutefois qu&rsquo;en cas de n\u00e9cessit\u00e9 imp\u00e9rieuse.\r\nL&rsquo;activit\u00e9 de l&rsquo;organisation sp\u00e9ciale se manifeste aujourd&rsquo;hui sous diverses formes, en fonction de variables internes et externes, que ce soit dans un cadre politique, de renseignement ou relationnel, ou \u00e0 travers le soi-disant concept de \u00ab violence d\u00e9fensive \u00bb apparu apr\u00e8s le limogeage du pr\u00e9sident d\u00e9funt Mohamed Morsi, notamment par le biais d&rsquo;actes de violence et de sabotage des infrastructures et d&rsquo;attaques contre les forces de l&rsquo;ordre.<\/p>","protected":false},"excerpt":{"rendered":"Cette \u00e9tude aborde la probl\u00e9matique de la violence chez les Fr\u00e8res musulmans, notamment \u00e0 travers l&rsquo;organisation sp\u00e9ciale qui a vu le jour sous la supervision du premier guide de la Confr\u00e9rie. Une telle organisation est en fait la preuve de la consolidation et de l&rsquo;institutionnalisation de la violence par la Confr\u00e9rie qui, ce faisant, vise \u00e0 r\u00e9aliser ses objectifs en acc\u00e9dant au pouvoir et en \u00e9tablissant un \u00ab \u00c9tat islamique \u00bb, le but ultime \u00e9tant de parvenir \u00e0 ce que le guide fondateur a qualifi\u00e9 de \u00ab pr\u00e9\u00e9minence mondiale \u00bb, bien qu&rsquo;elle pr\u00e9tende \u00eatre un simple mouvement social et de pr\u00e9dication.\r\nLes id\u00e9es des Fr\u00e8res musulmans sont le point de d\u00e9part intellectuel des groupes violents contemporains avec leurs divers modes d&rsquo;organisation, y compris Al-Qa\u00efda et \u00ab l&rsquo;Organisation de l&rsquo;\u00c9tat Islamique \/ Daesh \u00bb. Ces id\u00e9es ont servi \u00e0 justifier les actes de violence et les attentats terroristes perp\u00e9tr\u00e9s tant \u00e0 l&rsquo;int\u00e9rieur qu\u2019\u00e0 l&rsquo;ext\u00e9rieur de l&rsquo;\u00c9gypte. Ce sont ces m\u00eames id\u00e9es qui ont permis d&rsquo;assurer la continuit\u00e9 de l&rsquo;appareil sp\u00e9cial apr\u00e8s ses revers s\u00e9curitaires en \u00c9gypte durant les ann\u00e9es cinquante et soixante du si\u00e8cle dernier.\r\nL\u2019annonce par la Confr\u00e9rie de la dissolution de l&rsquo;appareil sp\u00e9cial et de la cessation de ses activit\u00e9s n&rsquo;est pas antinomique avec le fait qu\u2019elle soit toujours attir\u00e9e par l\u2019usage de la force. De leur point de vue, les Fr\u00e8res poss\u00e8dent la cr\u00e9dibilit\u00e9, la distinction et la puret\u00e9 qui manquent aux autres groupes ou partis. Ils ne con\u00e7oivent de recourir \u00e0 la force toutefois qu&rsquo;en cas de n\u00e9cessit\u00e9 imp\u00e9rieuse.\r\nL&rsquo;activit\u00e9 de l&rsquo;organisation sp\u00e9ciale se manifeste aujourd&rsquo;hui sous diverses formes, en fonction de variables internes et externes, que ce soit dans un cadre politique, de renseignement ou relationnel, ou \u00e0 travers le soi-disant concept de \u00ab violence d\u00e9fensive \u00bb apparu apr\u00e8s le limogeage du pr\u00e9sident d\u00e9funt Mohamed Morsi, notamment par le biais d&rsquo;actes de violence et de sabotage des infrastructures et d&rsquo;attaques contre les forces de l&rsquo;ordre.","protected":false},"featured_media":13404,"comment_status":"open","ping_status":"closed","template":"","meta":{"_acf_changed":false},"product_brand":[],"product_cat":[235],"product_tag":[],"class_list":{"0":"post-13369","1":"product","2":"type-product","3":"status-publish","4":"has-post-thumbnail","6":"product_cat-muslim-brotherhood-encyclopedia-fr","8":"first","9":"instock","10":"sale","11":"downloadable","12":"sold-individually","13":"taxable","14":"shipping-taxable","15":"purchasable","16":"product-type-simple"},"acf":[],"_links":{"self":[{"href":"https:\/\/trendsresearch.org\/fr\/wp-json\/wp\/v2\/product\/13369","targetHints":{"allow":["GET"]}}],"collection":[{"href":"https:\/\/trendsresearch.org\/fr\/wp-json\/wp\/v2\/product"}],"about":[{"href":"https:\/\/trendsresearch.org\/fr\/wp-json\/wp\/v2\/types\/product"}],"replies":[{"embeddable":true,"href":"https:\/\/trendsresearch.org\/fr\/wp-json\/wp\/v2\/comments?post=13369"}],"wp:featuredmedia":[{"embeddable":true,"href":"https:\/\/trendsresearch.org\/fr\/wp-json\/wp\/v2\/media\/13404"}],"wp:attachment":[{"href":"https:\/\/trendsresearch.org\/fr\/wp-json\/wp\/v2\/media?parent=13369"}],"wp:term":[{"taxonomy":"product_brand","embeddable":true,"href":"https:\/\/trendsresearch.org\/fr\/wp-json\/wp\/v2\/product_brand?post=13369"},{"taxonomy":"product_cat","embeddable":true,"href":"https:\/\/trendsresearch.org\/fr\/wp-json\/wp\/v2\/product_cat?post=13369"},{"taxonomy":"product_tag","embeddable":true,"href":"https:\/\/trendsresearch.org\/fr\/wp-json\/wp\/v2\/product_tag?post=13369"}],"curies":[{"name":"wp","href":"https:\/\/api.w.org\/{rel}","templated":true}]}}