{"id":13371,"date":"2024-03-04T08:29:53","date_gmt":"2024-03-04T04:29:53","guid":{"rendered":"http:\/\/217.165.205.192\/web-2024\/?post_type=product&#038;p=13371"},"modified":"2024-08-14T14:21:03","modified_gmt":"2024-08-14T10:21:03","slug":"les-freres-musulmans-entre-expansion-et-declin-le-cas-egyptien","status":"publish","type":"product","link":"https:\/\/trendsresearch.org\/fr\/publication\/les-freres-musulmans-entre-expansion-et-declin-le-cas-egyptien\/","title":{"rendered":"Les Fr\u00e8res musulmans entre expansion et d\u00e9clin: Le cas \u00e9gyptien"},"content":{"rendered":"<p style=\"text-align: justify;\"><strong>Sommaire ex\u00e9cutif<\/strong>\r\n&#8211; La confr\u00e9rie des Fr\u00e8res musulmans a connu une courbe ascendante rapide d\u2019expansion et d\u2019extension quelques ann\u00e9es apr\u00e8s sa fondation en 1928. Peu apr\u00e8s son apparition au Caire en 1932, elle comptait plus de 100 branches en 1936 et leur nombre a atteint 400 branches \u00e0 la fin des ann\u00e9es 1930. Le taux d\u2019expansion et d\u2019influence a doubl\u00e9 au cours des ann\u00e9es 1940, portant le nombre de branches \u00e0 2 000 en 1949, et le nombre de membres appartenant \u00e0 la confr\u00e9rie se situait\r\nentre 300 000 et 600 000.\r\n&#8211; Plusieurs facteurs ont contribu\u00e9 \u00e0 l\u2019expansion des FM au sein de la soci\u00e9t\u00e9 \u00e9gyptienne avec ses diff\u00e9rentes cat\u00e9gories et composantes, par exemples les opportunit\u00e9s politiques qui ont leur \u00e9t\u00e9 offertes par les r\u00e9gimes \u00e9gyptiens successifs. La confr\u00e9rie a con\u00e7u un syst\u00e8me administratif \u00e9troit caract\u00e9ris\u00e9 par une prise de d\u00e9cision centralis\u00e9e et fond\u00e9 sur la loyaut\u00e9 et la clandestinit\u00e9, et liant l\u2019id\u00e9ologie \u00e0 la pratique.\r\n&#8211; La confr\u00e9rie a adopt\u00e9 une ing\u00e9nierie sociale par laquelle ils tentaient de gagner les coeurs et les esprits de la classe ouvri\u00e8re, pour ensuite la mobiliser et la recruter pour servir ses propres objectifs, en utilisant plusieurs moyens, dont les plus importants sont la Da\u2019wah, l\u2019\u00e9ducation, les m\u00e9dias, les services sociaux, les institutions \u00e9conomiques et m\u00eame la violence.\r\n&#8211; La confr\u00e9rie a r\u00e9ussi \u00e0 utiliser les associations civiles pour servir leurs objectifs politiques, pour attirer de nouveaux membres d\u2019une part, et pour achever une mobilisation de masse et une mobilisation dans le processus \u00e9lectoral auquel la confr\u00e9rie se pr\u00e9sente, que ce soit au niveau des \u00e9lections locales, parlementaires ou pr\u00e9sidentielles d\u2019autre part.\r\n&#8211; La confr\u00e9rie a adopt\u00e9 une approche de proximit\u00e9 en se rapprochant des gens dans les quartiers r\u00e9sidentiels, les centres de travail et les march\u00e9s, afin de\u00a0 consolider les relations de solidarit\u00e9 et de soutien, et de combler le vide laiss\u00e9 par l\u2019\u00c9tat, en \u00e9tablissant un r\u00e9seau d\u2019organisations caritatives dans les domaines de l\u2019\u00e9ducation, de la sant\u00e9 et des services sociaux.\r\n&#8211; Dans les ann\u00e9es soixante-dix du vingti\u00e8me si\u00e8cle, l\u2019\u00c9gypte a connu d\u2019importantes transformations politiques, telles que la r\u00e9conciliation du pr\u00e9sident Sadate avec les FM, strat\u00e9gie qu\u2019il a utilis\u00e9e pour affronter le mouvement politique gauchiste et nass\u00e9rien, \u00e0 un moment o\u00f9 les FM avaient grand besoin d\u2019\u00e9tendre\r\nleur influence dans la soci\u00e9t\u00e9 apr\u00e8s les ann\u00e9es d\u2019interdiction sous le r\u00e9gime du pr\u00e9sident Gamal Abdel Nasser.\r\n&#8211; Avec l\u2019arriv\u00e9e au pouvoir du pr\u00e9sident Sadate, les activit\u00e9s des FM se sont intensifi\u00e9es dans les domaines politique et \u00e9conomique, et ils se sont mobilis\u00e9s pour la construction d\u2019un vaste r\u00e9seau d\u2019institutions sociales caritatives, notamment des \u00e9coles, des projets de services et de charit\u00e9, des h\u00f4pitaux et des cliniques.\r\n&#8211; Sous le r\u00e9gime du pr\u00e9sident Mohamed Hosni Moubarak, l\u2019activit\u00e9 de la confr\u00e9rie s\u2019est distingu\u00e9e par le fait qu\u2019elle agissait selon des r\u00e8gles sp\u00e9cifiques, et bien qu\u2019il s\u2019agisse d\u2019une confr\u00e9rie interdite, elle est parvenu \u00e0 contr\u00f4ler de larges secteurs de la soci\u00e9t\u00e9, ce qui en a fait la premi\u00e8re force et le concurrent le plus fort\r\ndu parti national d\u00e9mocratique. Elle a r\u00e9ussi \u00e0 se faire une l\u00e9gitimit\u00e9 gr\u00e2ce aux services offerts au peuple \u00e9gyptien, pour ensuite l\u2019influencer.\r\n&#8211; Le pr\u00e9sident Mohamed Morsi, un leader des FM, est arriv\u00e9 au pouvoir le 30 juin 2012, apr\u00e8s les premi\u00e8res \u00e9lections organis\u00e9es par l\u2019\u00c9gypte \u00e0 la suite de la d\u00e9mission du pr\u00e9sident Mohamed Hosni Moubarak. Morsi est devenu le premier pr\u00e9sident apr\u00e8s la r\u00e9volution du 25 janvier 2011, et le cinqui\u00e8me pr\u00e9sident \u00e0 prendre le pouvoir dans l\u2019\u00c9gypte moderne.\r\n&#8211; De nombreuses remarques n\u00e9gatives sont apparues lorsque les FM ont pris le pouvoir en \u00c9gypte, notamment le factionnalisme et le manque de projets de d\u00e9veloppement, car l\u2019exp\u00e9rience du travail caritatif et b\u00e9n\u00e9vole que la confr\u00e9rie a fourni \u00e0 la large base de la soci\u00e9t\u00e9 n\u2019a pas pu am\u00e9liorer les performances du gouvernement. Leur parti \u00abLibert\u00e9 et Justice\u00bb, apr\u00e8s avoir pris le pouvoir, n\u2019a pas men\u00e9 \u00e0 bien un processus national de rationalisation des ressources humaines et mat\u00e9rielles, et l\u2019opposition les a accus\u00e9s de chercher \u00e0 trahir l\u2019\u00c9tat et la soci\u00e9t\u00e9, et de montrer leur empressement \u00e0 conserver les postes d\u2019\u00c9tat les plus sensibles.\r\n&#8211; L\u2019opposition populaire contre le gouvernement de Morsi a augment\u00e9, en raison de son manque de vision et d\u2019exp\u00e9rience dans la gestion du pays, et de son incapacit\u00e9 \u00e0 comprendre le besoin de libert\u00e9 et de diversit\u00e9 de la population. Le pays a connu le 20 juin 2013, qui co\u00efncidait avec la comm\u00e9moration du premier anniversaire de l\u2019arriv\u00e9e de Morsi au pouvoir, des manifestations de grande ampleur qui se sont termin\u00e9es par l\u2019intervention de l\u2019arm\u00e9e et le renversement du pr\u00e9sident des FM.\r\n&#8211; La baisse de la popularit\u00e9 des FM est li\u00e9 \u00e0 un certain nombre de facteurs, dont certaines sont li\u00e9es \u00e0 l\u2019environnement social entourant la confr\u00e9rie, d\u2019autres sont li\u00e9es \u00e0 l\u2019acc\u00e9l\u00e9ration des \u00e9v\u00e9nements politiques qui ont caract\u00e9ris\u00e9 cette p\u00e9riode, et d\u2019autres encore sont li\u00e9es aux changements de valeurs culturelles dans le monde arabe.<\/p>","protected":false},"excerpt":{"rendered":"<p style=\"text-align: justify;\"><strong>Sommaire ex\u00e9cutif<\/strong>\r\n&#8211; La confr\u00e9rie des Fr\u00e8res musulmans a connu une courbe ascendante rapide d\u2019expansion et d\u2019extension quelques ann\u00e9es apr\u00e8s sa fondation en 1928. Peu apr\u00e8s son apparition au Caire en 1932, elle comptait plus de 100 branches en 1936 et leur nombre a atteint 400 branches \u00e0 la fin des ann\u00e9es 1930. Le taux d\u2019expansion et d\u2019influence a doubl\u00e9 au cours des ann\u00e9es 1940, portant le nombre de branches \u00e0 2 000 en 1949, et le nombre de membres appartenant \u00e0 la confr\u00e9rie se situait\r\nentre 300 000 et 600 000.\r\n&#8211; Plusieurs facteurs ont contribu\u00e9 \u00e0 l\u2019expansion des FM au sein de la soci\u00e9t\u00e9 \u00e9gyptienne avec ses diff\u00e9rentes cat\u00e9gories et composantes, par exemples les opportunit\u00e9s politiques qui ont leur \u00e9t\u00e9 offertes par les r\u00e9gimes \u00e9gyptiens successifs. La confr\u00e9rie a con\u00e7u un syst\u00e8me administratif \u00e9troit caract\u00e9ris\u00e9 par une prise de d\u00e9cision centralis\u00e9e et fond\u00e9 sur la loyaut\u00e9 et la clandestinit\u00e9, et liant l\u2019id\u00e9ologie \u00e0 la pratique.\r\n&#8211; La confr\u00e9rie a adopt\u00e9 une ing\u00e9nierie sociale par laquelle ils tentaient de gagner les coeurs et les esprits de la classe ouvri\u00e8re, pour ensuite la mobiliser et la recruter pour servir ses propres objectifs, en utilisant plusieurs moyens, dont les plus importants sont la Da\u2019wah, l\u2019\u00e9ducation, les m\u00e9dias, les services sociaux, les institutions \u00e9conomiques et m\u00eame la violence.\r\n&#8211; La confr\u00e9rie a r\u00e9ussi \u00e0 utiliser les associations civiles pour servir leurs objectifs politiques, pour attirer de nouveaux membres d\u2019une part, et pour achever une mobilisation de masse et une mobilisation dans le processus \u00e9lectoral auquel la confr\u00e9rie se pr\u00e9sente, que ce soit au niveau des \u00e9lections locales, parlementaires ou pr\u00e9sidentielles d\u2019autre part.\r\n&#8211; La confr\u00e9rie a adopt\u00e9 une approche de proximit\u00e9 en se rapprochant des gens dans les quartiers r\u00e9sidentiels, les centres de travail et les march\u00e9s, afin de\u00a0 consolider les relations de solidarit\u00e9 et de soutien, et de combler le vide laiss\u00e9 par l\u2019\u00c9tat, en \u00e9tablissant un r\u00e9seau d\u2019organisations caritatives dans les domaines de l\u2019\u00e9ducation, de la sant\u00e9 et des services sociaux.\r\n&#8211; Dans les ann\u00e9es soixante-dix du vingti\u00e8me si\u00e8cle, l\u2019\u00c9gypte a connu d\u2019importantes transformations politiques, telles que la r\u00e9conciliation du pr\u00e9sident Sadate avec les FM, strat\u00e9gie qu\u2019il a utilis\u00e9e pour affronter le mouvement politique gauchiste et nass\u00e9rien, \u00e0 un moment o\u00f9 les FM avaient grand besoin d\u2019\u00e9tendre\r\nleur influence dans la soci\u00e9t\u00e9 apr\u00e8s les ann\u00e9es d\u2019interdiction sous le r\u00e9gime du pr\u00e9sident Gamal Abdel Nasser.\r\n&#8211; Avec l\u2019arriv\u00e9e au pouvoir du pr\u00e9sident Sadate, les activit\u00e9s des FM se sont intensifi\u00e9es dans les domaines politique et \u00e9conomique, et ils se sont mobilis\u00e9s pour la construction d\u2019un vaste r\u00e9seau d\u2019institutions sociales caritatives, notamment des \u00e9coles, des projets de services et de charit\u00e9, des h\u00f4pitaux et des cliniques.\r\n&#8211; Sous le r\u00e9gime du pr\u00e9sident Mohamed Hosni Moubarak, l\u2019activit\u00e9 de la confr\u00e9rie s\u2019est distingu\u00e9e par le fait qu\u2019elle agissait selon des r\u00e8gles sp\u00e9cifiques, et bien qu\u2019il s\u2019agisse d\u2019une confr\u00e9rie interdite, elle est parvenu \u00e0 contr\u00f4ler de larges secteurs de la soci\u00e9t\u00e9, ce qui en a fait la premi\u00e8re force et le concurrent le plus fort\r\ndu parti national d\u00e9mocratique. Elle a r\u00e9ussi \u00e0 se faire une l\u00e9gitimit\u00e9 gr\u00e2ce aux services offerts au peuple \u00e9gyptien, pour ensuite l\u2019influencer.\r\n&#8211; Le pr\u00e9sident Mohamed Morsi, un leader des FM, est arriv\u00e9 au pouvoir le 30 juin 2012, apr\u00e8s les premi\u00e8res \u00e9lections organis\u00e9es par l\u2019\u00c9gypte \u00e0 la suite de la d\u00e9mission du pr\u00e9sident Mohamed Hosni Moubarak. Morsi est devenu le premier pr\u00e9sident apr\u00e8s la r\u00e9volution du 25 janvier 2011, et le cinqui\u00e8me pr\u00e9sident \u00e0 prendre le pouvoir dans l\u2019\u00c9gypte moderne.\r\n&#8211; De nombreuses remarques n\u00e9gatives sont apparues lorsque les FM ont pris le pouvoir en \u00c9gypte, notamment le factionnalisme et le manque de projets de d\u00e9veloppement, car l\u2019exp\u00e9rience du travail caritatif et b\u00e9n\u00e9vole que la confr\u00e9rie a fourni \u00e0 la large base de la soci\u00e9t\u00e9 n\u2019a pas pu am\u00e9liorer les performances du gouvernement. Leur parti \u00abLibert\u00e9 et Justice\u00bb, apr\u00e8s avoir pris le pouvoir, n\u2019a pas men\u00e9 \u00e0 bien un processus national de rationalisation des ressources humaines et mat\u00e9rielles, et l\u2019opposition les a accus\u00e9s de chercher \u00e0 trahir l\u2019\u00c9tat et la soci\u00e9t\u00e9, et de montrer leur empressement \u00e0 conserver les postes d\u2019\u00c9tat les plus sensibles.\r\n&#8211; L\u2019opposition populaire contre le gouvernement de Morsi a augment\u00e9, en raison de son manque de vision et d\u2019exp\u00e9rience dans la gestion du pays, et de son incapacit\u00e9 \u00e0 comprendre le besoin de libert\u00e9 et de diversit\u00e9 de la population. Le pays a connu le 20 juin 2013, qui co\u00efncidait avec la comm\u00e9moration du premier anniversaire de l\u2019arriv\u00e9e de Morsi au pouvoir, des manifestations de grande ampleur qui se sont termin\u00e9es par l\u2019intervention de l\u2019arm\u00e9e et le renversement du pr\u00e9sident des FM.\r\n&#8211; La baisse de la popularit\u00e9 des FM est li\u00e9 \u00e0 un certain nombre de facteurs, dont certaines sont li\u00e9es \u00e0 l\u2019environnement social entourant la confr\u00e9rie, d\u2019autres sont li\u00e9es \u00e0 l\u2019acc\u00e9l\u00e9ration des \u00e9v\u00e9nements politiques qui ont caract\u00e9ris\u00e9 cette p\u00e9riode, et d\u2019autres encore sont li\u00e9es aux changements de valeurs culturelles dans le monde arabe.<\/p>","protected":false},"featured_media":13436,"comment_status":"open","ping_status":"closed","template":"","meta":{"_acf_changed":false},"product_brand":[],"product_cat":[235],"product_tag":[],"class_list":{"0":"post-13371","1":"product","2":"type-product","3":"status-publish","4":"has-post-thumbnail","6":"product_cat-muslim-brotherhood-encyclopedia-fr","8":"first","9":"instock","10":"sale","11":"downloadable","12":"taxable","13":"shipping-taxable","14":"purchasable","15":"product-type-simple"},"acf":[],"_links":{"self":[{"href":"https:\/\/trendsresearch.org\/fr\/wp-json\/wp\/v2\/product\/13371","targetHints":{"allow":["GET"]}}],"collection":[{"href":"https:\/\/trendsresearch.org\/fr\/wp-json\/wp\/v2\/product"}],"about":[{"href":"https:\/\/trendsresearch.org\/fr\/wp-json\/wp\/v2\/types\/product"}],"replies":[{"embeddable":true,"href":"https:\/\/trendsresearch.org\/fr\/wp-json\/wp\/v2\/comments?post=13371"}],"wp:featuredmedia":[{"embeddable":true,"href":"https:\/\/trendsresearch.org\/fr\/wp-json\/wp\/v2\/media\/13436"}],"wp:attachment":[{"href":"https:\/\/trendsresearch.org\/fr\/wp-json\/wp\/v2\/media?parent=13371"}],"wp:term":[{"taxonomy":"product_brand","embeddable":true,"href":"https:\/\/trendsresearch.org\/fr\/wp-json\/wp\/v2\/product_brand?post=13371"},{"taxonomy":"product_cat","embeddable":true,"href":"https:\/\/trendsresearch.org\/fr\/wp-json\/wp\/v2\/product_cat?post=13371"},{"taxonomy":"product_tag","embeddable":true,"href":"https:\/\/trendsresearch.org\/fr\/wp-json\/wp\/v2\/product_tag?post=13371"}],"curies":[{"name":"wp","href":"https:\/\/api.w.org\/{rel}","templated":true}]}}