{"id":137624,"date":"2025-11-09T21:14:39","date_gmt":"2025-11-09T17:14:39","guid":{"rendered":"https:\/\/trendsresearch.org\/?post_type=product&#038;p=137624"},"modified":"2026-04-23T18:08:06","modified_gmt":"2026-04-23T14:08:06","slug":"la-puissance-douce-un-instrument-strategique-de-la-politique-etrangere-des-emirats-arabes-unis","status":"publish","type":"product","link":"https:\/\/trendsresearch.org\/fr\/publication\/la-puissance-douce-un-instrument-strategique-de-la-politique-etrangere-des-emirats-arabes-unis\/","title":{"rendered":"La puissance douce : un instrument strat\u00e9gique de la politique \u00e9trang\u00e8re des \u00c9mirats arabes unis"},"content":{"rendered":"<p class=\"p1\" style=\"text-align: justify;\">\u00c0 notre \u00e9poque, le monde conna\u00eet des transformations g\u00e9opolitiques mondiales acc\u00e9l\u00e9r\u00e9es dans le syst\u00e8me international en raison des effets combin\u00e9s de facteurs \u00e9conomiques, sociaux, culturels, informatiques et militaires, qui remod\u00e8lent les concepts traditionnels de puissance dans le cadre de la politique \u00e9trang\u00e8re et des relations internationales. La mondialisation croissante, les progr\u00e8s technologiques rapides et l\u2019interaction des cultures ont conduit \u00e0 une r\u00e9\u00e9valuation du recours \u00e0 la force militaire comme seul moyen de pr\u00e9server les int\u00e9r\u00eats nationaux ou\u00a0 de renforcer l\u2019influence internationale. Au lieu de cela, de nouvelles formes de puissance plus souples et plus durables, caract\u00e9ris\u00e9es par des co\u00fbts relativement bas par rapport aux moyens traditionnels, ont \u00e9merg\u00e9. Elles sont connues sous le nom de \u00abpuissance douce\u00bb. Cette puissance repose sur les principes de\u00a0persuasion et d\u2019attrait culturel plut\u00f4t que sur la coercition, encourage le\u00a0dialogue constructif et favorise la coop\u00e9ration mutuelle, devenant ainsi un\u00a0\u00e9l\u00e9ment essentiel dans l\u2019\u00e9laboration des politiques \u00e9trang\u00e8res des \u00c9tats qui\u00a0aspirent \u00e0 jouer un r\u00f4le mondial durable.<\/p>\r\n<p class=\"p1\" style=\"text-align: justify;\">La puissance douce d\u00e9passe les limites des conflits politiques pour\u00a0englober des domaines divers et interd\u00e9pendants, tels que la culture et les\u00a0arts, les m\u00e9dias num\u00e9riques et traditionnels, l\u2019enseignement sup\u00e9rieur et la\u00a0recherche scientifique, les technologies de pointe et l\u2019aide humanitaire. Elle ne\u00a0se limite pas \u00e0 construire une image positive de l\u2019\u00c9tat, mais contribue \u00e9galement\u00a0\u00e0 \u00e9tablir des partenariats strat\u00e9giques \u00e0 long terme, \u00e0 fa\u00e7onner les valeurs et\u00a0les normes mondiales et \u00e0 ouvrir de nouvelles perspectives de coop\u00e9ration\u00a0\u00e9conomique et d\u2019investissement. Dans ce contexte, la puissance douce prouve\u00a0son efficacit\u00e9 profonde par rapport aux moyens coercitifs, car elle fournit aux\u00a0\u00c9tats des instruments d\u2019influence durables, capables d\u2019obtenir des r\u00e9sultats \u00e0\u00a0long terme sans n\u00e9cessiter de confrontations directes, ce qui renforce la stabilit\u00e9\u00a0internationale et r\u00e9duit les risques d\u2019escalade.<\/p>","protected":false},"excerpt":{"rendered":"\u00c0 notre \u00e9poque, le monde conna\u00eet des transformations g\u00e9opolitiques mondiales acc\u00e9l\u00e9r\u00e9es dans le syst\u00e8me international en raison des effets combin\u00e9s de facteurs \u00e9conomiques, sociaux, culturels, informatiques et militaires, qui remod\u00e8lent les concepts traditionnels de puissance dans le cadre de la politique \u00e9trang\u00e8re et des relations internationales. La mondialisation croissante, les progr\u00e8s technologiques rapides et l\u2019interaction [&hellip;]","protected":false},"featured_media":137626,"comment_status":"closed","ping_status":"closed","template":"","meta":{"_acf_changed":false},"product_brand":[],"product_cat":[236],"product_tag":[],"class_list":{"0":"post-137624","1":"product","2":"type-product","3":"status-publish","4":"has-post-thumbnail","6":"product_cat-books-fr","8":"first","9":"instock","10":"sale","11":"downloadable","12":"taxable","13":"shipping-taxable","14":"purchasable","15":"product-type-simple"},"acf":[],"_links":{"self":[{"href":"https:\/\/trendsresearch.org\/fr\/wp-json\/wp\/v2\/product\/137624","targetHints":{"allow":["GET"]}}],"collection":[{"href":"https:\/\/trendsresearch.org\/fr\/wp-json\/wp\/v2\/product"}],"about":[{"href":"https:\/\/trendsresearch.org\/fr\/wp-json\/wp\/v2\/types\/product"}],"replies":[{"embeddable":true,"href":"https:\/\/trendsresearch.org\/fr\/wp-json\/wp\/v2\/comments?post=137624"}],"wp:featuredmedia":[{"embeddable":true,"href":"https:\/\/trendsresearch.org\/fr\/wp-json\/wp\/v2\/media\/137626"}],"wp:attachment":[{"href":"https:\/\/trendsresearch.org\/fr\/wp-json\/wp\/v2\/media?parent=137624"}],"wp:term":[{"taxonomy":"product_brand","embeddable":true,"href":"https:\/\/trendsresearch.org\/fr\/wp-json\/wp\/v2\/product_brand?post=137624"},{"taxonomy":"product_cat","embeddable":true,"href":"https:\/\/trendsresearch.org\/fr\/wp-json\/wp\/v2\/product_cat?post=137624"},{"taxonomy":"product_tag","embeddable":true,"href":"https:\/\/trendsresearch.org\/fr\/wp-json\/wp\/v2\/product_tag?post=137624"}],"curies":[{"name":"wp","href":"https:\/\/api.w.org\/{rel}","templated":true}]}}