{"id":28899,"date":"2024-03-04T08:29:53","date_gmt":"2024-03-04T04:29:53","guid":{"rendered":"https:\/\/trendsresearch.org\/?post_type=product&#038;p=28899"},"modified":"2024-08-14T14:20:41","modified_gmt":"2024-08-14T10:20:41","slug":"activites-mediatiques-et-communicationnelles-des-freres-musulmans-vision-objectifs-et-avenir","status":"publish","type":"product","link":"https:\/\/trendsresearch.org\/fr\/publication\/activites-mediatiques-et-communicationnelles-des-freres-musulmans-vision-objectifs-et-avenir\/","title":{"rendered":"Activit\u00e9s m\u00e9diatiques et communicationnelles des Fr\u00e8res musulmans Vision, objectifs et avenir"},"content":{"rendered":"<p style=\"text-align: justify;\">Depuis sa cr\u00e9ation en 1928, la Confr\u00e9rie des Fr\u00e8res musulmans (FM) accorde une importance particuli\u00e8re aux m\u00e9dias. Elle en fait un fondement structurel pour ses activit\u00e9s organisationnelles et apolog\u00e9tiques. Les fonctions de l\u2019activit\u00e9 m\u00e9diatique sont d\u00e9finies en un ensemble d\u2019objectifs que la Confr\u00e9rie cherche \u00e0 atteindre et qui sont ax\u00e9s autour de la diffusion de sa pens\u00e9e, la promotion des th\u00e8ses de la ma\u00eetrise du monde et la restauration du califat, et de l\u2019appel \u00e0 l\u2019application de la charia.<\/p>\r\n<p style=\"text-align: justify;\">Les FM ont d\u00e9velopp\u00e9 une pratique de communication m\u00e9diatique capable de r\u00e9pondre \u00e0 leurs besoins en mati\u00e8re de diffusion \u00e0 grande \u00e9chelle et d\u2019engagement dans les luttes politiques. Ils ont pris conscience de l\u2019importance du double discours et de la manipulation, et se sont attel\u00e9s \u00e0 perfectionner leurs arguments et \u00e0 exploiter intelligemment les \u00e9v\u00e9nements historiques et les combats les plus c\u00e9l\u00e8bres depuis la mission mahom\u00e9tane, afin d\u2019\u00e9tablir un syst\u00e8me de pens\u00e9e coh\u00e9rent avec l\u2019id\u00e9ologie et les aspirations de leur organisation politique.<\/p>\r\n<p style=\"text-align: justify;\">Les Fr\u00e8res musulmans ont adopt\u00e9 une d\u00e9marche progressive dans leur activit\u00e9 m\u00e9diatique. On voit se refl\u00e9ter dans leur discours m\u00e9diatique le passage du stade de la Da\u2019wa (appel) \u00e0 celui de la politique, de la phase d\u2019opposition politique \u00e0 celle de la gouvernance et du leadership. Cependant, ce discours a gard\u00e9 son articulation autour de deux th\u00e8ses centrales dans lesquelles se r\u00e9sume leur vision id\u00e9ologique : celle de l\u2019excellence de la pr\u00e9dication (Da\u2019wa) et la sacralit\u00e9 du message, et celle de l\u2019interd\u00e9pendance entre la religion et la politique.<\/p>","protected":false},"excerpt":{"rendered":"Depuis sa cr\u00e9ation en 1928, la Confr\u00e9rie des Fr\u00e8res musulmans (FM) accorde une importance particuli\u00e8re aux m\u00e9dias. Elle en fait un fondement structurel pour ses activit\u00e9s organisationnelles et apolog\u00e9tiques. Les fonctions de l\u2019activit\u00e9 m\u00e9diatique sont d\u00e9finies en un ensemble d\u2019objectifs que la Confr\u00e9rie cherche \u00e0 atteindre et qui sont ax\u00e9s autour de la diffusion de [&hellip;]","protected":false},"featured_media":28900,"comment_status":"open","ping_status":"closed","template":"","meta":{"_acf_changed":false},"product_brand":[],"product_cat":[235],"product_tag":[],"class_list":{"0":"post-28899","1":"product","2":"type-product","3":"status-publish","4":"has-post-thumbnail","6":"product_cat-muslim-brotherhood-encyclopedia-fr","8":"first","9":"instock","10":"sale","11":"downloadable","12":"taxable","13":"shipping-taxable","14":"purchasable","15":"product-type-simple"},"acf":[],"_links":{"self":[{"href":"https:\/\/trendsresearch.org\/fr\/wp-json\/wp\/v2\/product\/28899","targetHints":{"allow":["GET"]}}],"collection":[{"href":"https:\/\/trendsresearch.org\/fr\/wp-json\/wp\/v2\/product"}],"about":[{"href":"https:\/\/trendsresearch.org\/fr\/wp-json\/wp\/v2\/types\/product"}],"replies":[{"embeddable":true,"href":"https:\/\/trendsresearch.org\/fr\/wp-json\/wp\/v2\/comments?post=28899"}],"wp:featuredmedia":[{"embeddable":true,"href":"https:\/\/trendsresearch.org\/fr\/wp-json\/wp\/v2\/media\/28900"}],"wp:attachment":[{"href":"https:\/\/trendsresearch.org\/fr\/wp-json\/wp\/v2\/media?parent=28899"}],"wp:term":[{"taxonomy":"product_brand","embeddable":true,"href":"https:\/\/trendsresearch.org\/fr\/wp-json\/wp\/v2\/product_brand?post=28899"},{"taxonomy":"product_cat","embeddable":true,"href":"https:\/\/trendsresearch.org\/fr\/wp-json\/wp\/v2\/product_cat?post=28899"},{"taxonomy":"product_tag","embeddable":true,"href":"https:\/\/trendsresearch.org\/fr\/wp-json\/wp\/v2\/product_tag?post=28899"}],"curies":[{"name":"wp","href":"https:\/\/api.w.org\/{rel}","templated":true}]}}