{"id":32572,"date":"2024-03-04T08:29:30","date_gmt":"2024-03-04T04:29:30","guid":{"rendered":"https:\/\/trendsresearch.org\/?post_type=product&#038;p=32572"},"modified":"2024-08-14T14:24:47","modified_gmt":"2024-08-14T10:24:47","slug":"la-societe-des-freres-musulmans-reseaux-dinfluence-et-de-pouvoir-dans-le-monde","status":"publish","type":"product","link":"https:\/\/trendsresearch.org\/fr\/publication\/la-societe-des-freres-musulmans-reseaux-dinfluence-et-de-pouvoir-dans-le-monde\/","title":{"rendered":"L\u2019organisation internationale des Fr\u00e8res Musulmans: r\u00e9seaux d\u2019influence dans le monde"},"content":{"rendered":"<p style=\"text-align: justify;\">La Soci\u00e9t\u00e9 est l\u2019une des portes d\u2019entr\u00e9e importantes pour \u00e9tudier l\u2019\u00e9volution des Fr\u00e8res musulmans, non seulement parce qu\u2019elle joue le r\u00f4le de bras ext\u00e9rieur du groupe, le d\u00e9fend et explicite son point de vue sur de nombreuses questions, mais aussi parce qu\u2019elle est l\u2019une de ses principales sources de financement. Elle g\u00e8re ses r\u00e9seaux pour l\u2019argent et des affaires \u00e0 l\u2019\u00e9tranger et poss\u00e8de de nombreuses armes m\u00e9diatiques dans les pays europ\u00e9ens qui lui permettent d\u2019influencer l\u2019opinion publique internationale et de servir les objectifs du groupe et ses projets politiques.<\/p>\r\n<p style=\"text-align: justify;\">L\u2019id\u00e9e de cr\u00e9er une organisation qui exprime les objectifs mondiaux des Fr\u00e8res musulmans remonte aux premi\u00e8res ann\u00e9es de la cr\u00e9ation du groupe par son fondateur Hassan al-Banna. Ce dernier e donnait une grande ambition pour son groupe. Il avait un message qui ne se limite pas \u00e0 l\u2019Egypte, aux pays arabes ou islamiques, mais s\u2019\u00e9tend \u00e0 l\u2019ensemble des pays du monde. C\u2019est la raison pour laquelle il a formul\u00e9, d\u00e8s le d\u00e9part, les objectifs du groupe afin qu\u2019ils servent la cause de son projet mondial, \u00e0 savoir : restaurer le califat islamique et diriger la chaire du monde, gr\u00e2ce \u00e0 un discours propagandiste qui associe id\u00e9ologie et politique.<\/p>\r\n<p style=\"text-align: justify;\">Hassan Al-Banna a compris d\u00e8s le d\u00e9but, l\u2019importance d\u2019ancrer son groupe naissant au monde ext\u00e9rieur. Il a ainsi cr\u00e9\u00e9 un d\u00e9partement sp\u00e9cial appel\u00e9 \u00abLe service de la communication dans le monde islamique \u00bb, dont le r\u00f4le principal \u00e9tait d\u2019ouvrir des filiales du groupe \u00e0 l\u2019ext\u00e9rieur de l\u2019Egypte et de communiquer avec les personalit\u00e9s et courants proches de l\u2019id\u00e9ologie de son groupe.<\/p>\r\n<p style=\"text-align: justify;\">C\u2019est \u00e0 partir de ce service que se sont amorc\u00e9es les premi\u00e8res relations du Groupe des Fr\u00e8res avec tous les pays arabes et islamiques. Ce service a \u00e9volu\u00e9 jusqu\u2019\u00e0 devenir la Soci\u00e9t\u00e9 du Groupe, repr\u00e9sentant le pilier le plus important de son projet politique, et jouant un r\u00f4le plus proche des groupes de pression ou de lobbies, notamment dans de nombreux pays europ\u00e9ens. Il assure la d\u00e9fense du Groupe et la clarification de son point de vue sur les diff\u00e9rentes questions \u00e0 travers ses m\u00e9dias et ses plateformes de propagande et de critique des gouvernements arabes, et en oeuvrant \u00e0 la promotion du Groupe comme la meilleure alternative aux r\u00e9gimes au pouvoir.<\/p>\r\n<p style=\"text-align: justify;\">Si la Soci\u00e9t\u00e9 des Fr\u00e8res musulmans s\u2019est d\u00e9velopp\u00e9e en \u00e9tablissant des filiales dans quelque 70 pays \u00e0 travers le monde, elle a \u00e9t\u00e9 confront\u00e9e \u00e0 de nombreux d\u00e9fis qui ont presque menac\u00e9 son existence. Certains concernent les r\u00e9serves \u00e9mises par les dirigeants du groupe des Fr\u00e8res \u00e0 l\u2019\u00e9gard de la performance de l\u2019organisation en \u00c9gypte et ses positions sur de nombreuses questions r\u00e9gionales et internationales. Certaines de ces questions sont associ\u00e9es aux mutations que le monde a connues apr\u00e8s les \u00e9v\u00e9nements du 11 septembre, et qui ont plac\u00e9 les mouvements de l\u2019Islam politique, dont notamment les Fr\u00e8res musulmans, au centre de la suspicion et de la m\u00e9fiance. Ces mouvements sont ainsi devenus le sujet des d\u00e9bats dans les milieux politiques internationaux, notamment pour ce qui est de leur relation avec les organisations extr\u00eamistes et terroristes.<\/p>","protected":false},"excerpt":{"rendered":"La Soci\u00e9t\u00e9 est l\u2019une des portes d\u2019entr\u00e9e importantes pour \u00e9tudier l\u2019\u00e9volution des Fr\u00e8res musulmans, non seulement parce qu\u2019elle joue le r\u00f4le de bras ext\u00e9rieur du groupe, le d\u00e9fend et explicite son point de vue sur de nombreuses questions, mais aussi parce qu\u2019elle est l\u2019une de ses principales sources de financement. Elle g\u00e8re ses r\u00e9seaux pour [&hellip;]","protected":false},"featured_media":33517,"comment_status":"open","ping_status":"closed","template":"","meta":{"_acf_changed":false},"product_brand":[],"product_cat":[235],"product_tag":[],"class_list":{"0":"post-32572","1":"product","2":"type-product","3":"status-publish","4":"has-post-thumbnail","6":"product_cat-muslim-brotherhood-encyclopedia-fr","8":"first","9":"instock","10":"sale","11":"downloadable","12":"sold-individually","13":"taxable","14":"shipping-taxable","15":"purchasable","16":"product-type-simple"},"acf":[],"_links":{"self":[{"href":"https:\/\/trendsresearch.org\/fr\/wp-json\/wp\/v2\/product\/32572","targetHints":{"allow":["GET"]}}],"collection":[{"href":"https:\/\/trendsresearch.org\/fr\/wp-json\/wp\/v2\/product"}],"about":[{"href":"https:\/\/trendsresearch.org\/fr\/wp-json\/wp\/v2\/types\/product"}],"replies":[{"embeddable":true,"href":"https:\/\/trendsresearch.org\/fr\/wp-json\/wp\/v2\/comments?post=32572"}],"wp:featuredmedia":[{"embeddable":true,"href":"https:\/\/trendsresearch.org\/fr\/wp-json\/wp\/v2\/media\/33517"}],"wp:attachment":[{"href":"https:\/\/trendsresearch.org\/fr\/wp-json\/wp\/v2\/media?parent=32572"}],"wp:term":[{"taxonomy":"product_brand","embeddable":true,"href":"https:\/\/trendsresearch.org\/fr\/wp-json\/wp\/v2\/product_brand?post=32572"},{"taxonomy":"product_cat","embeddable":true,"href":"https:\/\/trendsresearch.org\/fr\/wp-json\/wp\/v2\/product_cat?post=32572"},{"taxonomy":"product_tag","embeddable":true,"href":"https:\/\/trendsresearch.org\/fr\/wp-json\/wp\/v2\/product_tag?post=32572"}],"curies":[{"name":"wp","href":"https:\/\/api.w.org\/{rel}","templated":true}]}}