{"id":71090,"date":"2024-10-30T09:34:58","date_gmt":"2024-10-30T05:34:58","guid":{"rendered":"https:\/\/trendsresearch.org\/?post_type=product&#038;p=71090"},"modified":"2025-03-01T23:47:09","modified_gmt":"2025-03-01T19:47:09","slug":"le-paradigme-de-l-islam-integral-dans-le-discours-religieux-prescriptif","status":"publish","type":"product","link":"https:\/\/trendsresearch.org\/fr\/publication\/le-paradigme-de-l-islam-integral-dans-le-discours-religieux-prescriptif\/","title":{"rendered":"Le paradigme de l\u2019 \u00abislam int\u00e9gral\u00bb dans le discours religieux prescriptif"},"content":{"rendered":"<p style=\"text-align: justify;\">Aucune soci\u00e9t\u00e9 n\u2019a v\u00e9cu selon un r\u00e9gime uniquement d\u00e9termin\u00e9 par des r\u00e8gles religieuses. Celles-ci ont \u00e9t\u00e9 combin\u00e9es avec des pratiques ant\u00e9rieures, ainsi qu\u2019avec des \u00e9l\u00e9ments exog\u00e8nes introduits dans le cadre d\u2019\u00e9changes. Ce ph\u00e9nom\u00e8ne est connu, mais non th\u00e9oris\u00e9 dans les empires ottoman, perse et moghol, qui contr\u00f4lent de vastes populations au xviiie si\u00e8cle. La conviction de leurs \u00e9lites est de vivre selon un mode islamique. La contestation de l\u2019islamit\u00e9 de ces r\u00e9gimes existe, mais elle est \u00e9touff\u00e9e.<\/p>\r\n<p style=\"text-align: justify;\">La probl\u00e9matique prend une ampleur nouvelle dans le contexte de la modernit\u00e9 : juridiquement et politiquement, il y a une rupture de continuit\u00e9 entre le premier tiers du xixe si\u00e8cle, marqu\u00e9 par l\u2019introduction d\u2019\u00e9l\u00e9ments de droit europ\u00e9en en \u00c9gypte et dans l\u2019Empire ottoman, et le milieu du xxe si\u00e8cle, lors de la proclamation de l\u2019ind\u00e9pendance de dizaines d\u2019\u00c9tats qui, sur deux continents, s\u2019affranchissent de la tutelle coloniale europ\u00e9enne. Nulle part, il n\u2019y a de retour au statu quo ante.<\/p>\r\n<p style=\"text-align: justify;\">Dans ce cadre in\u00e9dit pour eux, les rij\u0101l al-d\u012bn [\u00ab hommes de religion \u00bb] musulmans ont perdu un double monopole : celui de l\u2019exercice de la justice et celui de l\u2019\u00e9laboration-transmission du savoir, donc d\u2019une\u00a0certaine ma\u00eetrise du langage. Ils entretiennent des rapports de force et\u00a0de collaboration avec les autorit\u00e9s politiques, disposant d\u2019une autonomie\u00a0plus ou moins grande \u00e0 l\u2019\u00e9gard de ces derni\u00e8res.<\/p>","protected":false},"excerpt":{"rendered":"Aucune soci\u00e9t\u00e9 n\u2019a v\u00e9cu selon un r\u00e9gime uniquement d\u00e9termin\u00e9 par des r\u00e8gles religieuses. Celles-ci ont \u00e9t\u00e9 combin\u00e9es avec des pratiques ant\u00e9rieures, ainsi qu\u2019avec des \u00e9l\u00e9ments exog\u00e8nes introduits dans le cadre d\u2019\u00e9changes. Ce ph\u00e9nom\u00e8ne est connu, mais non th\u00e9oris\u00e9 dans les empires ottoman, perse et moghol, qui contr\u00f4lent de vastes populations au xviiie si\u00e8cle. La conviction [&hellip;]","protected":false},"featured_media":71091,"comment_status":"closed","ping_status":"closed","template":"","meta":{"_acf_changed":false},"product_brand":[],"product_cat":[265],"product_tag":[],"class_list":{"0":"post-71090","1":"product","2":"type-product","3":"status-publish","4":"has-post-thumbnail","6":"product_cat-lecture-papers-fr","8":"first","9":"instock","10":"sale","11":"downloadable","12":"taxable","13":"shipping-taxable","14":"purchasable","15":"product-type-simple"},"acf":[],"_links":{"self":[{"href":"https:\/\/trendsresearch.org\/fr\/wp-json\/wp\/v2\/product\/71090","targetHints":{"allow":["GET"]}}],"collection":[{"href":"https:\/\/trendsresearch.org\/fr\/wp-json\/wp\/v2\/product"}],"about":[{"href":"https:\/\/trendsresearch.org\/fr\/wp-json\/wp\/v2\/types\/product"}],"replies":[{"embeddable":true,"href":"https:\/\/trendsresearch.org\/fr\/wp-json\/wp\/v2\/comments?post=71090"}],"wp:featuredmedia":[{"embeddable":true,"href":"https:\/\/trendsresearch.org\/fr\/wp-json\/wp\/v2\/media\/71091"}],"wp:attachment":[{"href":"https:\/\/trendsresearch.org\/fr\/wp-json\/wp\/v2\/media?parent=71090"}],"wp:term":[{"taxonomy":"product_brand","embeddable":true,"href":"https:\/\/trendsresearch.org\/fr\/wp-json\/wp\/v2\/product_brand?post=71090"},{"taxonomy":"product_cat","embeddable":true,"href":"https:\/\/trendsresearch.org\/fr\/wp-json\/wp\/v2\/product_cat?post=71090"},{"taxonomy":"product_tag","embeddable":true,"href":"https:\/\/trendsresearch.org\/fr\/wp-json\/wp\/v2\/product_tag?post=71090"}],"curies":[{"name":"wp","href":"https:\/\/api.w.org\/{rel}","templated":true}]}}