{"id":77617,"date":"2024-11-08T01:14:59","date_gmt":"2024-11-07T21:14:59","guid":{"rendered":"https:\/\/trendsresearch.org\/?post_type=product&#038;p=77617"},"modified":"2025-04-16T21:35:16","modified_gmt":"2025-04-16T17:35:16","slug":"application-des-modeles-de-formation-et-de-simulation-a-la-cybersecurite","status":"publish","type":"product","link":"https:\/\/trendsresearch.org\/fr\/publication\/application-des-modeles-de-formation-et-de-simulation-a-la-cybersecurite\/","title":{"rendered":"Application Des Mod\u00e8les de Formation et de Simulation \u00e0 la Cybers\u00e9curit\u00e9"},"content":{"rendered":"<p class=\"p1\" style=\"text-align: justify;\">Dans un monde de plus en plus numerique, l\u2019importance de la cybersecurite n\u2019est guere exageree. L\u2019evolution rapide de la technologie a engendre de nouvelles failles et menaces, rendant necessaire une approche vigoureuse et dynamique pour prot.ger les ressources numeriques. Cet ouvrage entend montrer comment les modeles de formation et de simulation peuvent ameliorer les pratiques en matiere de cybersecurite, en mettant l\u2019accent sur leurs applications dans divers contextes nationaux et internationaux. En explorant les fondements de la cybersecurite, en examinant les methodologies de formation et de simulation, et en soulignant le role joue par divers pays dans l\u2019innovation en cybersecurite, ce livre vise a fournir des perspectives exhaustives sur les strategies efficaces pour perfectionner les mecanismes de cyber-defense.<\/p>\r\n<p class=\"p1\" style=\"text-align: justify;\">La cybersecurite est la pratique consistant a proteger les systemes, les reseaux et les donnees contre les attaques numeriques visant a acceder, modifier, detruire ou voler les informations sensibles. Elle englobe un large eventail de pratiques et de technologies concues pour garantir la confidentialite, l\u2019integrite et la disponibilite des donnees. A mesure que les cybermenaces evoluent, les methodes pour les combattre doivent egalement s\u2019y adapter. C\u2019est la que la formation et la simulation jouent un role crucial. Elles permettent aux organisations et aux individus de developper, voire d\u2019affiner leurs strategies de reponse, en simulant des scenarios et des menaces puises dans le monde reel, afin de renforcer leur positionnement global en matiere de cybersecurite.<\/p>\r\n<p class=\"p1\" style=\"text-align: justify;\">Le premier chapitre de cet ouvrage pose les bases en introduisant les\u00a0fondements de la cybersecurite. Il couvre des concepts essentiels tels que les differents types de cybersecurite \u2013 securite des reseaux, securit. de l\u2019information et securite operationnelle \u2013 en clarifiant leur importance pour la protection des infrastructures numeriques. De plus, on y aborde les diverses formes de cybermenaces, y compris les logiciels malveillants (malwares), l\u2019hameconnage (phishing) et les rancongiciels (ransomware), offrant ainsi une comprehension approfondie du cadre ou s\u2019inscrivent les pratiques de cybersecurite.<\/p>","protected":false},"excerpt":{"rendered":"Dans un monde de plus en plus numerique, l\u2019importance de la cybersecurite n\u2019est guere exageree. L\u2019evolution rapide de la technologie a engendre de nouvelles failles et menaces, rendant necessaire une approche vigoureuse et dynamique pour prot.ger les ressources numeriques. Cet ouvrage entend montrer comment les modeles de formation et de simulation peuvent ameliorer les pratiques [&hellip;]","protected":false},"featured_media":77618,"comment_status":"closed","ping_status":"closed","template":"","meta":{"_acf_changed":false},"product_brand":[],"product_cat":[236],"product_tag":[],"class_list":{"0":"post-77617","1":"product","2":"type-product","3":"status-publish","4":"has-post-thumbnail","6":"product_cat-books-fr","8":"first","9":"instock","10":"sale","11":"downloadable","12":"taxable","13":"shipping-taxable","14":"purchasable","15":"product-type-simple"},"acf":[],"_links":{"self":[{"href":"https:\/\/trendsresearch.org\/fr\/wp-json\/wp\/v2\/product\/77617","targetHints":{"allow":["GET"]}}],"collection":[{"href":"https:\/\/trendsresearch.org\/fr\/wp-json\/wp\/v2\/product"}],"about":[{"href":"https:\/\/trendsresearch.org\/fr\/wp-json\/wp\/v2\/types\/product"}],"replies":[{"embeddable":true,"href":"https:\/\/trendsresearch.org\/fr\/wp-json\/wp\/v2\/comments?post=77617"}],"wp:featuredmedia":[{"embeddable":true,"href":"https:\/\/trendsresearch.org\/fr\/wp-json\/wp\/v2\/media\/77618"}],"wp:attachment":[{"href":"https:\/\/trendsresearch.org\/fr\/wp-json\/wp\/v2\/media?parent=77617"}],"wp:term":[{"taxonomy":"product_brand","embeddable":true,"href":"https:\/\/trendsresearch.org\/fr\/wp-json\/wp\/v2\/product_brand?post=77617"},{"taxonomy":"product_cat","embeddable":true,"href":"https:\/\/trendsresearch.org\/fr\/wp-json\/wp\/v2\/product_cat?post=77617"},{"taxonomy":"product_tag","embeddable":true,"href":"https:\/\/trendsresearch.org\/fr\/wp-json\/wp\/v2\/product_tag?post=77617"}],"curies":[{"name":"wp","href":"https:\/\/api.w.org\/{rel}","templated":true}]}}