{"id":77685,"date":"2024-03-04T08:29:29","date_gmt":"2024-03-04T04:29:29","guid":{"rendered":"https:\/\/trendsresearch.org\/?post_type=product&#038;p=77685"},"modified":"2025-04-16T21:59:08","modified_gmt":"2025-04-16T17:59:08","slug":"de-lislamologie-appliquee-a-lislamismologie-appliquee","status":"publish","type":"product","link":"https:\/\/trendsresearch.org\/fr\/publication\/de-lislamologie-appliquee-a-lislamismologie-appliquee\/","title":{"rendered":"De l\u2019Islamologie Appliqu\u00e9e \u00e0 l\u2019Islamismologie Appliqu\u00e9e"},"content":{"rendered":"<p class=\"p1\" style=\"text-align: justify;\">C\u2019est dans le sillage du travail conceptuel de Mohamed Arkoun (sur\u00a0l\u2019islamologie appliqu\u00e9e) \u00e9laborant une pens\u00e9e islamique critique et\u00a0interdisciplinaire visant \u00e0 (re)penser l\u2019\u00e9pist\u00e9m\u00e8 araboislamique et \u00e0 poser\u00a0les bases d\u2019une d\u00e9marche permettant de d\u00e9construire les cat\u00e9gories\u00a0de la raison islamique que cette approche (l\u2019islamismologie appliqu\u00e9e)\u00a0cherche \u00e0 conf\u00e9rer une assise \u00e9pist\u00e9mologique d\u2019esprit critique. Elle\u00a0transcende la s\u00e9paration entre les disciplines et d\u00e9passe toute analyse\u00a0simpliste qui ne m\u00e8ne qu\u2019\u00e0 des impasses et \u00e0 la transmission facile d\u2019id\u00e9es\u00a0re\u00e7ues, fr\u00e9quemment rencontr\u00e9es dans les mouvements islamistes\u00a0contemporains.<\/p>\r\n<p class=\"p1\" style=\"text-align: justify;\">Pour d\u00e9finir l\u2019islamismologie appliqu\u00e9e et pour pr\u00e9senter ses vis\u00e9es, il\u00a0convient d\u2019abord de rappeler bri\u00e8vement les choix \u00e9pist\u00e9mologiques et\u00a0m\u00e9thodologiques de l\u2019islamologie appliqu\u00e9e de Mohamed Arkoun afin\u00a0d\u2019expliquer les raisons d\u2019\u00eatre d\u2019une islamismologie appliqu\u00e9e<\/p>","protected":false},"excerpt":{"rendered":"C\u2019est dans le sillage du travail conceptuel de Mohamed Arkoun (sur\u00a0l\u2019islamologie appliqu\u00e9e) \u00e9laborant une pens\u00e9e islamique critique et\u00a0interdisciplinaire visant \u00e0 (re)penser l\u2019\u00e9pist\u00e9m\u00e8 araboislamique et \u00e0 poser\u00a0les bases d\u2019une d\u00e9marche permettant de d\u00e9construire les cat\u00e9gories\u00a0de la raison islamique que cette approche (l\u2019islamismologie appliqu\u00e9e)\u00a0cherche \u00e0 conf\u00e9rer une assise \u00e9pist\u00e9mologique d\u2019esprit critique. Elle\u00a0transcende la s\u00e9paration entre les disciplines [&hellip;]","protected":false},"featured_media":77686,"comment_status":"open","ping_status":"closed","template":"","meta":{"_acf_changed":false},"product_brand":[],"product_cat":[267],"product_tag":[],"class_list":{"0":"post-77685","1":"product","2":"type-product","3":"status-publish","4":"has-post-thumbnail","6":"product_cat-political-islam-trends-fr","8":"first","9":"instock","10":"sale","11":"downloadable","12":"sold-individually","13":"taxable","14":"shipping-taxable","15":"purchasable","16":"product-type-simple"},"acf":[],"_links":{"self":[{"href":"https:\/\/trendsresearch.org\/fr\/wp-json\/wp\/v2\/product\/77685","targetHints":{"allow":["GET"]}}],"collection":[{"href":"https:\/\/trendsresearch.org\/fr\/wp-json\/wp\/v2\/product"}],"about":[{"href":"https:\/\/trendsresearch.org\/fr\/wp-json\/wp\/v2\/types\/product"}],"replies":[{"embeddable":true,"href":"https:\/\/trendsresearch.org\/fr\/wp-json\/wp\/v2\/comments?post=77685"}],"wp:featuredmedia":[{"embeddable":true,"href":"https:\/\/trendsresearch.org\/fr\/wp-json\/wp\/v2\/media\/77686"}],"wp:attachment":[{"href":"https:\/\/trendsresearch.org\/fr\/wp-json\/wp\/v2\/media?parent=77685"}],"wp:term":[{"taxonomy":"product_brand","embeddable":true,"href":"https:\/\/trendsresearch.org\/fr\/wp-json\/wp\/v2\/product_brand?post=77685"},{"taxonomy":"product_cat","embeddable":true,"href":"https:\/\/trendsresearch.org\/fr\/wp-json\/wp\/v2\/product_cat?post=77685"},{"taxonomy":"product_tag","embeddable":true,"href":"https:\/\/trendsresearch.org\/fr\/wp-json\/wp\/v2\/product_tag?post=77685"}],"curies":[{"name":"wp","href":"https:\/\/api.w.org\/{rel}","templated":true}]}}