{"id":12964,"date":"2024-03-04T08:29:00","date_gmt":"2024-03-04T04:29:00","guid":{"rendered":"http:\/\/217.165.205.192\/web-2024\/?post_type=product&#038;p=12964"},"modified":"2024-08-14T15:15:49","modified_gmt":"2024-08-14T11:15:49","slug":"lapparato-speciale-dellassociazione-dei-fratelli-musulmani-nascita-obiettivi-e-sviluppo","status":"publish","type":"product","link":"https:\/\/trendsresearch.org\/it\/publication\/lapparato-speciale-dellassociazione-dei-fratelli-musulmani-nascita-obiettivi-e-sviluppo\/","title":{"rendered":"L\u2019Apparato Speciale dell\u2019Associazione dei Fratelli Musulmani: Nascita, Obiettivi e Sviluppo"},"content":{"rendered":"<p style=\"text-align: justify;\">Riepilogo esecutivo\r\n&#8211; L&#8217;emergere dell\u2019apparato speciale dei Fratelli musulmani si basa su molti flussi intellettuali, espressi dai molti messaggi del fondatore dell\u2019Associazione, Hassan alBanna, che massimizza il ruolo del potere nel raggiungimento degli obiettivi dell\u2019Associazione a tutti i livelli.<\/p>\r\n<p style=\"text-align: justify;\">&#8211; L&#8217;istituzione dell\u2019apparato speciale rifletteva un contesto interno e dei sviluppi regionali e internazionali, ma ci\u00f2 non nega il fatto che esso sia uno strumento per l\u2019Associazione di attuare il suo progetto politico per acquisire potere.<\/p>\r\n<p style=\"text-align: justify;\">&#8211; Le idee di Hassan Al-Banna e Sayyid Qutb rappresentano ancora le giustificazioni per i gruppi violenti contemporanei con le loro varie organizzazioni, da Al-Qaeda allo &#8220;Stato islamico \/ ISIS&#8221;.<\/p>\r\n<p style=\"text-align: justify;\">&#8211; L\u2019Apparato Speciale, sebbene adottasse il principio della jihad, attingeva alle idee e alle tecnologie di altri movimenti non islamici. Pu\u00f2 essere inteso come un parallelo ai gruppi militari fascisti e nazisti che caratterizzarono alcune delle ideologie politiche occidentali dell&#8217;epoca.<\/p>\r\n<p style=\"text-align: justify;\">&#8211; Ottenere il potere e l&#8217;istituzione dello &#8220;Stato califfato islamico&#8221; sono i pilastri principali delle idee dei Fratelli Musulmani, in quanto \u00e8 l&#8217;unica garanzia per l&#8217;attuazione della &#8220;Governance Divina basata sulla legge islamica&#8221;, e ci\u00f2 avr\u00e0 successo senza l&#8217;uso e la preparazione della forza necessaria.<\/p>\r\n<p style=\"text-align: justify;\">&#8211; L\u2019apparato speciale \u00e8 una specie di organizzazione reticolata specifica attraverso un modello continuo di relazioni, dirette e indirette, correlato tra i partecipanti alle sue attivit\u00e0 segrete, quindi ogni piccolo gruppo di persone nella cellula conosce solo i suoi membri.<\/p>\r\n<p style=\"text-align: justify;\">&#8211; I Fratelli Musulmani hanno deliberatamente reso segreto l\u2019apparato speciale, come strumento per fuorviare il pubblico e per garantire che i leader controllino il corso del lavoro e dirigano le politiche, quindi trattenendo le informazioni importanti libera l\u2019Associazione dal presentare spiegazioni o giustificazioni, e rimuove sospetti, condanne e malcontento su di essa.<\/p>\r\n<p style=\"text-align: justify;\">&#8211; Le azioni dell\u2019apparato speciale ha coesitito con alti e bassi e adattamenti, a seconda delle fasi temporali, delle pressioni e delle sfide che l\u2019Associazione ha dovuto affrontare in un determinato momento. Nelle fasi che testimoniano un grado di relativa cooperazione tra l\u2019Associazione e i governi egiziani, il ruolo dell\u2019apparato speciale diminuisce e viceversa nelle fasi in cui il rapporto dell\u2019Associazione con il governo \u00e8 teso, l&#8217;attivit\u00e0 dell\u2019apparato speciale aumenta e l\u2019Associazione ricorre al lavoro segreto. Questo \u00e8 stato chiaramente incarnato in &#8220;Organizzazione 65&#8221;, che era una traduzione delle idee di Sayyid Qutb, e come risultato della ricerca della sicurezza del gruppo\r\ndurante gli anni &#8217;60 del secolo scorso.<\/p>","protected":false},"excerpt":{"rendered":"Riepilogo esecutivo &#8211; L&#8217;emergere dell\u2019apparato speciale dei Fratelli musulmani si basa su molti flussi intellettuali, espressi dai molti messaggi del fondatore dell\u2019Associazione, Hassan alBanna, che massimizza il ruolo del potere nel raggiungimento degli obiettivi dell\u2019Associazione a tutti i livelli. &#8211; L&#8217;istituzione dell\u2019apparato speciale rifletteva un contesto interno e dei sviluppi regionali e internazionali, ma ci\u00f2 [&hellip;]","protected":false},"featured_media":12985,"comment_status":"open","ping_status":"closed","template":"","meta":{"_acf_changed":false},"product_brand":[],"product_cat":[240],"product_tag":[],"class_list":{"0":"post-12964","1":"product","2":"type-product","3":"status-publish","4":"has-post-thumbnail","6":"product_cat-muslim-brotherhood-encyclopedia-it","8":"first","9":"instock","10":"sale","11":"downloadable","12":"sold-individually","13":"taxable","14":"shipping-taxable","15":"purchasable","16":"product-type-simple"},"acf":[],"_links":{"self":[{"href":"https:\/\/trendsresearch.org\/it\/wp-json\/wp\/v2\/product\/12964","targetHints":{"allow":["GET"]}}],"collection":[{"href":"https:\/\/trendsresearch.org\/it\/wp-json\/wp\/v2\/product"}],"about":[{"href":"https:\/\/trendsresearch.org\/it\/wp-json\/wp\/v2\/types\/product"}],"replies":[{"embeddable":true,"href":"https:\/\/trendsresearch.org\/it\/wp-json\/wp\/v2\/comments?post=12964"}],"wp:featuredmedia":[{"embeddable":true,"href":"https:\/\/trendsresearch.org\/it\/wp-json\/wp\/v2\/media\/12985"}],"wp:attachment":[{"href":"https:\/\/trendsresearch.org\/it\/wp-json\/wp\/v2\/media?parent=12964"}],"wp:term":[{"taxonomy":"product_brand","embeddable":true,"href":"https:\/\/trendsresearch.org\/it\/wp-json\/wp\/v2\/product_brand?post=12964"},{"taxonomy":"product_cat","embeddable":true,"href":"https:\/\/trendsresearch.org\/it\/wp-json\/wp\/v2\/product_cat?post=12964"},{"taxonomy":"product_tag","embeddable":true,"href":"https:\/\/trendsresearch.org\/it\/wp-json\/wp\/v2\/product_tag?post=12964"}],"curies":[{"name":"wp","href":"https:\/\/api.w.org\/{rel}","templated":true}]}}