{"id":47295,"date":"2024-03-22T19:31:00","date_gmt":"2024-03-22T15:31:00","guid":{"rendered":"https:\/\/trendsresearch.org\/?post_type=product&#038;p=47295"},"modified":"2024-10-10T14:43:04","modified_gmt":"2024-10-10T10:43:04","slug":"yoksulluk-ve-cevre-sosyal-korumanin-rolu-ve-ekosistem-hizmetleri-odemeleri","status":"publish","type":"product","link":"https:\/\/trendsresearch.org\/tr\/publication\/yoksulluk-ve-cevre-sosyal-korumanin-rolu-ve-ekosistem-hizmetleri-odemeleri\/","title":{"rendered":"Yoksulluk ve \u00c7evre: Sosyal Koruman\u0131n Rol\u00fc ve Ekosistem Hizmetleri \u00d6demeleri"},"content":{"rendered":"<p style=\"text-align: justify;\">D\u00fc\u015f\u00fck ve orta gelirli \u00fclkelerde, yoksulluk genellikle \u00e7evresel bozulman\u0131n arkas\u0131ndaki itici fakt\u00f6rd\u00fcr, \u00e7\u00fcnk\u00fc k\u0131rsal b\u00f6lgelerdeki insanlar getirilerin genellikle s\u0131n\u0131rda oldu\u011fu bir ge\u00e7im kayna\u011f\u0131n\u0131 s\u00fcrd\u00fcrmeye \u00e7al\u0131\u015fmaktad\u0131r. Ancak iklim de\u011fi\u015fikli\u011finin y\u00fck\u00fc en \u00e7ok geli\u015fmekte olan \u00fclkelere yans\u0131yacak ve bunun sonucunda iklim de\u011fi\u015fikli\u011finden en \u00e7ok etkilenenler, bununla ba\u015fa \u00e7\u0131kmak i\u00e7in en az kayna\u011fa sahip olanlar olacakt\u0131r. Bir iklim acil durumu olmasa bile, do\u011fal afetler ge\u00e7im kaynaklar\u0131na ba\u011fl\u0131 varl\u0131klar\u0131 ve ekonomik faaliyet i\u00e7in gerekli altyap\u0131y\u0131 tahrip ederek insanlar\u0131 yoksullu\u011fa iten bir itici g\u00fc\u00e7 olabilir.<\/p>\r\n<p style=\"text-align: justify;\">Sosyal koruma, yoksullu\u011fu azaltmay\u0131 ve \u00f6nlemeyi ve en savunmas\u0131z durumda olanlar\u0131 korumay\u0131 ama\u00e7layan bir m\u00fcdahaledir. Uygulamas\u0131 iklim de\u011fi\u015fikli\u011fi zorunlulu\u011fundan \u00f6nceye dayansa da, son d\u00f6nemdeki \u00f6rnekleri iklim de\u011fi\u015fikli\u011fi ve \u00e7evresel felaketleri hafifletmek ve bunlara kar\u015f\u0131 korunmak i\u00e7in ba\u015far\u0131yla uygulanm\u0131\u015ft\u0131r. Ekosistem Hizmetleri \u00d6demeleri (EH\u00d6), Kamu \u0130stihdam Programlar\u0131 (K\u0130P) ve Nakit Transferleri (NT) bu \u00f6rneklerden baz\u0131lar\u0131d\u0131r.<\/p>","protected":false},"excerpt":{"rendered":"D\u00fc\u015f\u00fck ve orta gelirli \u00fclkelerde, yoksulluk genellikle \u00e7evresel bozulman\u0131n arkas\u0131ndaki itici fakt\u00f6rd\u00fcr, \u00e7\u00fcnk\u00fc k\u0131rsal b\u00f6lgelerdeki insanlar getirilerin genellikle s\u0131n\u0131rda oldu\u011fu bir ge\u00e7im kayna\u011f\u0131n\u0131 s\u00fcrd\u00fcrmeye \u00e7al\u0131\u015fmaktad\u0131r. Ancak iklim de\u011fi\u015fikli\u011finin y\u00fck\u00fc en \u00e7ok geli\u015fmekte olan \u00fclkelere yans\u0131yacak ve bunun sonucunda iklim de\u011fi\u015fikli\u011finden en \u00e7ok etkilenenler, bununla ba\u015fa \u00e7\u0131kmak i\u00e7in en az kayna\u011fa sahip olanlar olacakt\u0131r. Bir iklim [&hellip;]","protected":false},"featured_media":47296,"comment_status":"closed","ping_status":"closed","template":"","meta":{"_acf_changed":false},"product_brand":[],"product_cat":[252],"product_tag":[],"class_list":{"0":"post-47295","1":"product","2":"type-product","3":"status-publish","4":"has-post-thumbnail","6":"product_cat-economic-trends-2-turkish","8":"first","9":"instock","10":"sale","11":"downloadable","12":"taxable","13":"shipping-taxable","14":"purchasable","15":"product-type-simple"},"acf":[],"_links":{"self":[{"href":"https:\/\/trendsresearch.org\/tr\/wp-json\/wp\/v2\/product\/47295","targetHints":{"allow":["GET"]}}],"collection":[{"href":"https:\/\/trendsresearch.org\/tr\/wp-json\/wp\/v2\/product"}],"about":[{"href":"https:\/\/trendsresearch.org\/tr\/wp-json\/wp\/v2\/types\/product"}],"replies":[{"embeddable":true,"href":"https:\/\/trendsresearch.org\/tr\/wp-json\/wp\/v2\/comments?post=47295"}],"wp:featuredmedia":[{"embeddable":true,"href":"https:\/\/trendsresearch.org\/tr\/wp-json\/wp\/v2\/media\/47296"}],"wp:attachment":[{"href":"https:\/\/trendsresearch.org\/tr\/wp-json\/wp\/v2\/media?parent=47295"}],"wp:term":[{"taxonomy":"product_brand","embeddable":true,"href":"https:\/\/trendsresearch.org\/tr\/wp-json\/wp\/v2\/product_brand?post=47295"},{"taxonomy":"product_cat","embeddable":true,"href":"https:\/\/trendsresearch.org\/tr\/wp-json\/wp\/v2\/product_cat?post=47295"},{"taxonomy":"product_tag","embeddable":true,"href":"https:\/\/trendsresearch.org\/tr\/wp-json\/wp\/v2\/product_tag?post=47295"}],"curies":[{"name":"wp","href":"https:\/\/api.w.org\/{rel}","templated":true}]}}